{"id":1801,"date":"2025-04-16T17:40:05","date_gmt":"2025-04-16T15:40:05","guid":{"rendered":"https:\/\/comptoirphenix.fr\/conditions-generales-de-location\/"},"modified":"2025-09-30T13:31:45","modified_gmt":"2025-09-30T11:31:45","slug":"general-rental-conditions","status":"publish","type":"page","link":"https:\/\/comptoirphenix.fr\/en\/general-rental-conditions\/","title":{"rendered":"Terms and conditions of sale"},"content":{"rendered":"\n<section class=\"heading wp-elements-b4b6c21c687a12a05b908169d5457759 wp-elements-b4b6c21c687a12a05b908169d5457759 wp-block-acf-heading has-text-color has-primary-color has-background has-white-100-background-color\">\n\t<div class=\"heading__container\">\n\t\t\t\t\t<div class=\"heading__background-picture\">\n\t\t\t\t<img decoding=\"async\" width=\"1620\" height=\"1080\" src=\"https:\/\/comptoirphenix.fr\/wp-content\/uploads\/sites\/3\/2025\/06\/Restaurant_Vieux-Lyon8.jpg\" class=\"attachment-full size-full\" alt=\"Restaurant Vieux Lyon8\" fetchpriority=\"high\" srcset=\"https:\/\/comptoirphenix.fr\/wp-content\/uploads\/sites\/3\/2025\/06\/Restaurant_Vieux-Lyon8.jpg 1620w, https:\/\/comptoirphenix.fr\/wp-content\/uploads\/sites\/3\/2025\/06\/Restaurant_Vieux-Lyon8-600x400.jpg 600w, https:\/\/comptoirphenix.fr\/wp-content\/uploads\/sites\/3\/2025\/06\/Restaurant_Vieux-Lyon8-1400x933.jpg 1400w, https:\/\/comptoirphenix.fr\/wp-content\/uploads\/sites\/3\/2025\/06\/Restaurant_Vieux-Lyon8-768x512.jpg 768w, https:\/\/comptoirphenix.fr\/wp-content\/uploads\/sites\/3\/2025\/06\/Restaurant_Vieux-Lyon8-1536x1024.jpg 1536w\" sizes=\"(max-width: 1620px) 100vw, 1620px\" \/>\t\t\t<\/div>\n\t\t\t\t<div class=\"heading__layout\">\n\t\t\t<div class=\"heading__content-wrapper has-white-100-background-color\">\n\t\t\t\t<div class=\"heading__content has-white-100-background-color\">\n\t\t\t\t\t\t\t\t\t<p id=\"breadcrumbs\"><span><span><a href=\"https:\/\/comptoirphenix.fr\/en\/\">Home<\/a><\/span><\/span><\/p>\t\t\t\t\t\t\t\t\t<div class=\"acf-innerblocks-container\">\n\n<div class=\"wp-block-group heading-content-group is-layout-grid wp-container-core-group-is-layout-96b258e4 wp-block-group-is-layout-grid\">\n<h1 class=\"wp-block-heading has-text-align-left heading__title has-primary-color has-text-color has-xx-large-font-size wp-container-content-32a3e683\">Terms and conditions of sale<\/h1>\n<\/div>\n\n<\/div>\n\t\t\t\t<\/div>\n\t\t\t\t\t\t\t\t<div class=\"heading__illustration illustration-with-parallax desktop-only\">\n\t\t\t\t\t<img decoding=\"async\" width=\"350\" height=\"350\" src=\"https:\/\/comptoirphenix.fr\/wp-content\/uploads\/sites\/3\/2025\/04\/ENCRIER.png\" class=\"attachment-full size-full\" alt=\"ENCRIER\" fetchpriority=\"high\" srcset=\"https:\/\/comptoirphenix.fr\/wp-content\/uploads\/sites\/3\/2025\/04\/ENCRIER.png 350w, https:\/\/comptoirphenix.fr\/wp-content\/uploads\/sites\/3\/2025\/04\/ENCRIER-300x300.png 300w\" sizes=\"(max-width: 350px) 100vw, 350px\" \/>\t\t\t\t<\/div>\n\t\t\t\t\t\t\t<\/div>\n\t\t<\/div>\n\t<\/div>\n<\/section>\n\n\n\t<section\n\t\tstyle=\"padding-top:var(--wp--preset--spacing--theme-default);padding-bottom:var(--wp--preset--spacing--theme-default);\" class=\"block-container align wp-block-acf-block-container has-background has-white-background-color is-layout-flow wp-block-acf-block-container-is-layout-flow\"\t>\n\n\t\n\n<div class=\"wp-block-group has-global-padding is-layout-constrained wp-block-group-is-layout-constrained\">\n<p><strong>General terms and conditions of sale &#8211; <\/strong><strong>Comptoir Ph\u00e9nix (legally attached to Comptoir Cecil)<\/strong><\/p>\n\n\n\n<p>These general terms and conditions of sale (hereinafter referred to as the &#8220;General Terms and Conditions&#8221;) are proposed by Comptoir Cecil, SAS, registered with the RCS of Lyon, SIRET number 84079313700018, whose head office is located at 21 rue Gasparin, 69002 Lyon &#8211; France (hereinafter referred to as the &#8220;Establishment&#8221;).<\/p>\n\n\n\n<p><strong>ARTICLE 1: SCOPE OF APPLICATION<\/strong><\/p>\n\n\n\n<p>These Terms and Conditions apply to all table reservations, takeaway orders or catering services offered by the Establishment to consumers via its website (hereinafter &#8220;the Site&#8221;).<\/p>\n\n\n\n<p>They govern solely the relationship between the Establishment and the Customer.<\/p>\n\n\n\n<p>The main characteristics of the services (menus, timetables, booking conditions, etc.) are presented on the Site. It is the customer&#8217;s responsibility to familiarize himself\/herself with them prior to any reservation or order. <\/p>\n\n\n\n<p><strong>ARTICLE 2: ACCEPTANCE OF TERMS AND CONDITIONS<\/strong><\/p>\n\n\n\n<p>Validation of a reservation or order implies full acceptance of these General Terms and Conditions, without restriction or reservation.<\/p>\n\n\n\n<p><strong>ARTICLE 3: PRICES AND PAYMENT<\/strong><\/p>\n\n\n\n<p><strong>3.1 Prices<\/strong><br\/>Prices are quoted in euros (\u20ac), inclusive of all taxes.<br\/>Prices shown on the Site are valid at the time of order or reservation, subject to availability.<\/p>\n\n\n\n<p><strong>3.2 Payment<\/strong><br\/>The following methods of payment are accepted: cash (in euros), credit card, Amex, cheque, luncheon vouchers. Certain services may require a deposit or prepayment (specified at the time of ordering). <\/p>\n\n\n\n<p><strong>ARTICLE 4: RIGHT OF WITHDRAWAL<\/strong><\/p>\n\n\n\n<p>In accordance with article L.221-28 of the French Consumer Code, catering services provided for a specific date or period do not benefit from the right of withdrawal. Any validated order or confirmed reservation is therefore firm and definitive. <\/p>\n\n\n\n<p><strong>ARTICLE 5: CANCELLATION \/ LATE ARRIVAL \/ NO-SHOW<\/strong><\/p>\n\n\n\n<p>The customer undertakes to notify the establishment of any cancellation or delay. Charges may apply in the event of late cancellation or no-show, as specified at the time of booking. <\/p>\n\n\n\n<p><strong>ARTICLE 6: PERSONAL DATA<\/strong><\/p>\n\n\n\n<p>Personal data collected in connection with a reservation or order are processed in accordance with our Privacy Policy. Customers may exercise their rights at any time (access, rectification, deletion). <\/p>\n\n\n\n<p><strong>ARTICLE 7: APPLICABLE LAW AND DISPUTES<\/strong><\/p>\n\n\n\n<p>These General Terms and Conditions are governed by French law.<br\/>In the event of a dispute, the customer may refer the matter free of charge to the competent mediator.<\/p>\n<\/div>\n\n\n\n<\/section>\n","protected":false},"excerpt":{"rendered":"","protected":false},"author":2,"featured_media":0,"parent":0,"menu_order":0,"comment_status":"closed","ping_status":"closed","template":"","meta":{"_acf_changed":false,"inline_featured_image":false,"footnotes":""},"class_list":["post-1801","page","type-page","status-publish","hentry"],"acf":[],"yoast_head":"<!-- This site is optimized with the Yoast SEO plugin v27.2 - https:\/\/yoast.com\/product\/yoast-seo-wordpress\/ -->\n<title>Terms and conditions of sale - Comptoir Phenix<\/title>\n<meta name=\"robots\" content=\"noindex, follow\" \/>\n<meta property=\"og:locale\" content=\"en_US\" \/>\n<meta property=\"og:type\" content=\"article\" \/>\n<meta property=\"og:title\" content=\"Terms and conditions of sale - Comptoir Phenix\" \/>\n<meta property=\"og:url\" content=\"https:\/\/comptoirphenix.fr\/en\/general-rental-conditions\/\" \/>\n<meta property=\"og:site_name\" content=\"Comptoir Phenix\" \/>\n<meta property=\"article:modified_time\" content=\"2025-09-30T11:31:45+00:00\" \/>\n<meta name=\"twitter:card\" content=\"summary_large_image\" \/>\n<meta name=\"twitter:label1\" content=\"Est. reading time\" \/>\n\t<meta name=\"twitter:data1\" content=\"2 minutes\" \/>\n<script type=\"application\/ld+json\" class=\"yoast-schema-graph\">{\"@context\":\"https:\/\/schema.org\",\"@graph\":[{\"@type\":\"WebPage\",\"@id\":\"https:\/\/comptoirphenix.fr\/en\/general-rental-conditions\/\",\"url\":\"https:\/\/comptoirphenix.fr\/en\/general-rental-conditions\/\",\"name\":\"Terms and conditions of sale - Comptoir Phenix\",\"isPartOf\":{\"@id\":\"https:\/\/comptoirphenix.fr\/en\/#website\"},\"datePublished\":\"2025-04-16T15:40:05+00:00\",\"dateModified\":\"2025-09-30T11:31:45+00:00\",\"breadcrumb\":{\"@id\":\"https:\/\/comptoirphenix.fr\/en\/general-rental-conditions\/#breadcrumb\"},\"inLanguage\":\"en-US\",\"potentialAction\":[{\"@type\":\"ReadAction\",\"target\":[\"https:\/\/comptoirphenix.fr\/en\/general-rental-conditions\/\"]}]},{\"@type\":\"BreadcrumbList\",\"@id\":\"https:\/\/comptoirphenix.fr\/en\/general-rental-conditions\/#breadcrumb\",\"itemListElement\":[{\"@type\":\"ListItem\",\"position\":1,\"name\":\"Home\",\"item\":\"https:\/\/comptoirphenix.fr\/en\/\"},{\"@type\":\"ListItem\",\"position\":2,\"name\":\"Terms and conditions of sale\"}]},{\"@type\":\"WebSite\",\"@id\":\"https:\/\/comptoirphenix.fr\/en\/#website\",\"url\":\"https:\/\/comptoirphenix.fr\/en\/\",\"name\":\"Globe Cecil\",\"description\":\"H\u00f4tel 4 \u00e9toiles \u00e0 Lyon\",\"publisher\":{\"@id\":\"https:\/\/comptoirphenix.fr\/en\/#organization\"},\"potentialAction\":[{\"@type\":\"SearchAction\",\"target\":{\"@type\":\"EntryPoint\",\"urlTemplate\":\"https:\/\/comptoirphenix.fr\/en\/?s={search_term_string}\"},\"query-input\":{\"@type\":\"PropertyValueSpecification\",\"valueRequired\":true,\"valueName\":\"search_term_string\"}}],\"inLanguage\":\"en-US\"},{\"@type\":\"Organization\",\"@id\":\"https:\/\/comptoirphenix.fr\/en\/#organization\",\"name\":\"Globe Cecil\",\"url\":\"https:\/\/comptoirphenix.fr\/en\/\",\"logo\":{\"@type\":\"ImageObject\",\"inLanguage\":\"en-US\",\"@id\":\"https:\/\/comptoirphenix.fr\/en\/#\/schema\/logo\/image\/\",\"url\":\"https:\/\/comptoirphenix.fr\/wp-content\/uploads\/sites\/3\/2025\/05\/LOGO-Comptoir-Phenix-White.svg\",\"contentUrl\":\"https:\/\/comptoirphenix.fr\/wp-content\/uploads\/sites\/3\/2025\/05\/LOGO-Comptoir-Phenix-White.svg\",\"width\":456,\"height\":124,\"caption\":\"Globe Cecil\"},\"image\":{\"@id\":\"https:\/\/comptoirphenix.fr\/en\/#\/schema\/logo\/image\/\"}}]}<\/script>\n<!-- \/ Yoast SEO plugin. -->","yoast_head_json":{"title":"Terms and conditions of sale - Comptoir Phenix","robots":{"index":"noindex","follow":"follow"},"og_locale":"en_US","og_type":"article","og_title":"Terms and conditions of sale - Comptoir Phenix","og_url":"https:\/\/comptoirphenix.fr\/en\/general-rental-conditions\/","og_site_name":"Comptoir Phenix","article_modified_time":"2025-09-30T11:31:45+00:00","twitter_card":"summary_large_image","twitter_misc":{"Est. reading time":"2 minutes"},"schema":{"@context":"https:\/\/schema.org","@graph":[{"@type":"WebPage","@id":"https:\/\/comptoirphenix.fr\/en\/general-rental-conditions\/","url":"https:\/\/comptoirphenix.fr\/en\/general-rental-conditions\/","name":"Terms and conditions of sale - Comptoir Phenix","isPartOf":{"@id":"https:\/\/comptoirphenix.fr\/en\/#website"},"datePublished":"2025-04-16T15:40:05+00:00","dateModified":"2025-09-30T11:31:45+00:00","breadcrumb":{"@id":"https:\/\/comptoirphenix.fr\/en\/general-rental-conditions\/#breadcrumb"},"inLanguage":"en-US","potentialAction":[{"@type":"ReadAction","target":["https:\/\/comptoirphenix.fr\/en\/general-rental-conditions\/"]}]},{"@type":"BreadcrumbList","@id":"https:\/\/comptoirphenix.fr\/en\/general-rental-conditions\/#breadcrumb","itemListElement":[{"@type":"ListItem","position":1,"name":"Home","item":"https:\/\/comptoirphenix.fr\/en\/"},{"@type":"ListItem","position":2,"name":"Terms and conditions of sale"}]},{"@type":"WebSite","@id":"https:\/\/comptoirphenix.fr\/en\/#website","url":"https:\/\/comptoirphenix.fr\/en\/","name":"Globe Cecil","description":"H\u00f4tel 4 \u00e9toiles \u00e0 Lyon","publisher":{"@id":"https:\/\/comptoirphenix.fr\/en\/#organization"},"potentialAction":[{"@type":"SearchAction","target":{"@type":"EntryPoint","urlTemplate":"https:\/\/comptoirphenix.fr\/en\/?s={search_term_string}"},"query-input":{"@type":"PropertyValueSpecification","valueRequired":true,"valueName":"search_term_string"}}],"inLanguage":"en-US"},{"@type":"Organization","@id":"https:\/\/comptoirphenix.fr\/en\/#organization","name":"Globe Cecil","url":"https:\/\/comptoirphenix.fr\/en\/","logo":{"@type":"ImageObject","inLanguage":"en-US","@id":"https:\/\/comptoirphenix.fr\/en\/#\/schema\/logo\/image\/","url":"https:\/\/comptoirphenix.fr\/wp-content\/uploads\/sites\/3\/2025\/05\/LOGO-Comptoir-Phenix-White.svg","contentUrl":"https:\/\/comptoirphenix.fr\/wp-content\/uploads\/sites\/3\/2025\/05\/LOGO-Comptoir-Phenix-White.svg","width":456,"height":124,"caption":"Globe Cecil"},"image":{"@id":"https:\/\/comptoirphenix.fr\/en\/#\/schema\/logo\/image\/"}}]}},"_links":{"self":[{"href":"https:\/\/comptoirphenix.fr\/en\/wp-json\/wp\/v2\/pages\/1801","targetHints":{"allow":["GET"]}}],"collection":[{"href":"https:\/\/comptoirphenix.fr\/en\/wp-json\/wp\/v2\/pages"}],"about":[{"href":"https:\/\/comptoirphenix.fr\/en\/wp-json\/wp\/v2\/types\/page"}],"author":[{"embeddable":true,"href":"https:\/\/comptoirphenix.fr\/en\/wp-json\/wp\/v2\/users\/2"}],"replies":[{"embeddable":true,"href":"https:\/\/comptoirphenix.fr\/en\/wp-json\/wp\/v2\/comments?post=1801"}],"version-history":[{"count":14,"href":"https:\/\/comptoirphenix.fr\/en\/wp-json\/wp\/v2\/pages\/1801\/revisions"}],"predecessor-version":[{"id":6920,"href":"https:\/\/comptoirphenix.fr\/en\/wp-json\/wp\/v2\/pages\/1801\/revisions\/6920"}],"wp:attachment":[{"href":"https:\/\/comptoirphenix.fr\/en\/wp-json\/wp\/v2\/media?parent=1801"}],"curies":[{"name":"wp","href":"https:\/\/api.w.org\/{rel}","templated":true}]}}