{"id":1827,"date":"2025-04-16T17:40:07","date_gmt":"2025-04-16T15:40:07","guid":{"rendered":"https:\/\/comptoirphenix.fr\/the-restaurant\/"},"modified":"2025-10-22T09:55:26","modified_gmt":"2025-10-22T07:55:26","slug":"homemade-cuisine-restaurant","status":"publish","type":"page","link":"https:\/\/comptoirphenix.fr\/en\/homemade-cuisine-restaurant\/","title":{"rendered":"The kitchen"},"content":{"rendered":"\n<section class=\"heading wp-elements-58fb6f7adaa9820931d94f36ffa1d12f wp-elements-58fb6f7adaa9820931d94f36ffa1d12f wp-block-acf-heading has-text-color has-black-color has-background has-white-100-background-color\">\n\t<div class=\"heading__container\">\n\t\t\t\t\t<div class=\"heading__background-picture\">\n\t\t\t\t<img decoding=\"async\" width=\"1624\" height=\"1080\" src=\"https:\/\/comptoirphenix.fr\/wp-content\/uploads\/sites\/3\/2025\/06\/image00066.jpg\" class=\"attachment-full size-full\" alt=\"image00066\" fetchpriority=\"high\" srcset=\"https:\/\/comptoirphenix.fr\/wp-content\/uploads\/sites\/3\/2025\/06\/image00066.jpg 1624w, https:\/\/comptoirphenix.fr\/wp-content\/uploads\/sites\/3\/2025\/06\/image00066-600x399.jpg 600w, https:\/\/comptoirphenix.fr\/wp-content\/uploads\/sites\/3\/2025\/06\/image00066-1400x931.jpg 1400w, https:\/\/comptoirphenix.fr\/wp-content\/uploads\/sites\/3\/2025\/06\/image00066-768x511.jpg 768w, https:\/\/comptoirphenix.fr\/wp-content\/uploads\/sites\/3\/2025\/06\/image00066-1536x1021.jpg 1536w\" sizes=\"(max-width: 1624px) 100vw, 1624px\" \/>\t\t\t<\/div>\n\t\t\t\t<div class=\"heading__layout\">\n\t\t\t<div class=\"heading__content-wrapper has-white-100-background-color\">\n\t\t\t\t<div class=\"heading__content has-white-100-background-color\">\n\t\t\t\t\t\t\t\t\t<p id=\"breadcrumbs\"><span><span><a href=\"https:\/\/comptoirphenix.fr\/en\/\">Home<\/a><\/span><\/span><\/p>\t\t\t\t\t\t\t\t\t<div class=\"acf-innerblocks-container\">\n\n<div class=\"wp-block-group heading-content-group is-layout-grid wp-container-core-group-is-layout-96b258e4 wp-block-group-is-layout-grid\">\n<h1 class=\"wp-block-heading has-text-align-left heading__title has-primary-color has-text-color has-xx-large-font-size\">The kitchen<\/h1>\n<\/div>\n\n<\/div>\n\t\t\t\t<\/div>\n\t\t\t\t\t\t\t\t<div class=\"heading__illustration illustration-with-parallax desktop-only\">\n\t\t\t\t\t<img decoding=\"async\" width=\"350\" height=\"350\" src=\"https:\/\/comptoirphenix.fr\/wp-content\/uploads\/sites\/3\/2025\/04\/POULPE.png\" class=\"attachment-full size-full\" alt=\"POULPE\" fetchpriority=\"high\" srcset=\"https:\/\/comptoirphenix.fr\/wp-content\/uploads\/sites\/3\/2025\/04\/POULPE.png 350w, https:\/\/comptoirphenix.fr\/wp-content\/uploads\/sites\/3\/2025\/04\/POULPE-300x300.png 300w\" sizes=\"(max-width: 350px) 100vw, 350px\" \/>\t\t\t\t<\/div>\n\t\t\t\t\t\t\t<\/div>\n\t\t<\/div>\n\t<\/div>\n<\/section>\n\n\n\t<section\n\t\tstyle=\"padding-top:var(--wp--preset--spacing--theme-default);padding-bottom:var(--wp--preset--spacing--theme-default);\" class=\"block-container align wp-block-acf-block-container has-background has-white-background-color has-global-padding is-layout-constrained wp-container-acf-block-container-is-layout-2c50aca2 wp-block-acf-block-container-is-layout-constrained\"\t>\n\n\t\n\n<p>At Le Comptoir Ph\u00e9nix, cooking is a multi-voiced process. This is our <g id=\"gid_0\">&#8220;Chef in Residence&#8221;<\/g> concept. Each week, one of our talented brigade takes the reins, signs the menu and expresses HIS or her cuisine.<br\/>As the profiles responsible for the stoves change, the cuisine evolves, is inspired and renewed&#8230; but always in the same spirit: that of a lively, local and generous cuisine, driven by a taste for sharing.  <\/p>\n\n\n\n<\/section>\n\n\t<section\n\t\tstyle=\"padding-top:var(--wp--preset--spacing--theme-default);padding-bottom:var(--wp--preset--spacing--theme-default);\" class=\"double-columns wp-block-acf-double-columns has-background has-white-100-background-color has-global-padding is-layout-constrained wp-container-acf-double-columns-is-layout-a22d0bdd wp-block-acf-double-columns-is-layout-constrained\"\t>\n\n<div class=\"double-columns__innerblocks\">\n\n<div class=\"wp-block-group is-vertical is-layout-flex wp-container-core-group-is-layout-99e95872 wp-block-group-is-layout-flex\">\n<h2 class=\"wp-block-heading\">Chef&#8217;s residence<\/h2>\n\n\n\n<p>Each service is an opportunity to discover a unique interpretation of our culinary universe, offered by those who make it happen every day. A talented and committed team, all members of the Comptoir Cecil team, take it in turns to nourish the inspiration of the place: with their ideas, their style, their favorite products. Every week, we offer you a unique and personal menu.  <\/p>\n<\/div>\n\n\n\n<div class=\"wp-block-group is-layout-flow wp-block-group-is-layout-flow\">\n<figure class=\"wp-block-image size-full\"><img decoding=\"async\" width=\"720\" height=\"1080\" src=\"https:\/\/comptoirphenix.fr\/wp-content\/uploads\/sites\/3\/2025\/10\/cuisine-vieux-lyon.jpg\" alt=\"cuisine vieux lyon\" class=\"wp-image-7112\" style=\"aspect-ratio:1;object-fit:cover\" srcset=\"https:\/\/comptoirphenix.fr\/wp-content\/uploads\/sites\/3\/2025\/10\/cuisine-vieux-lyon.jpg 720w, https:\/\/comptoirphenix.fr\/wp-content\/uploads\/sites\/3\/2025\/10\/cuisine-vieux-lyon-400x600.jpg 400w\" sizes=\"(max-width: 720px) 100vw, 720px\" \/><\/figure>\n<\/div>\n\n<\/div>\n\n<\/section>\n\n\t<section\n\t\tstyle=\"padding-top:0;padding-bottom:var(--wp--preset--spacing--theme-default);\" class=\"double-columns double-columns-reverse_colums_mobile image-is-animate wp-block-acf-double-columns has-background has-white-100-background-color has-global-padding is-layout-constrained wp-container-acf-double-columns-is-layout-11a66b1e wp-block-acf-double-columns-is-layout-constrained\"\t>\n\n<div class=\"double-columns__innerblocks\">\n\n<div class=\"wp-block-group is-layout-flow wp-block-group-is-layout-flow\">\n<figure class=\"wp-block-image size-full\"><img decoding=\"async\" width=\"720\" height=\"1080\" src=\"https:\/\/comptoirphenix.fr\/wp-content\/uploads\/sites\/3\/2025\/10\/meilleur_restaurant_vieux_lyon7.jpg\" alt=\"best restaurant vieux lyon7\" class=\"wp-image-7100\" style=\"aspect-ratio:1;object-fit:cover\" srcset=\"https:\/\/comptoirphenix.fr\/wp-content\/uploads\/sites\/3\/2025\/10\/meilleur_restaurant_vieux_lyon7.jpg 720w, https:\/\/comptoirphenix.fr\/wp-content\/uploads\/sites\/3\/2025\/10\/meilleur_restaurant_vieux_lyon7-400x600.jpg 400w\" sizes=\"(max-width: 720px) 100vw, 720px\" \/><\/figure>\n<\/div>\n\n\n\n<div class=\"wp-block-group is-vertical is-layout-flex wp-container-core-group-is-layout-5d3258f0 wp-block-group-is-layout-flex\">\n<p>The result? A short, seasonal menu, designed with pleasure in mind, with a strong plant-based presence, carefully sourced products, and constant attention to taste and the right gesture. <\/p>\n<\/div>\n\n<\/div>\n\n<\/section>\n","protected":false},"excerpt":{"rendered":"","protected":false},"author":1,"featured_media":4362,"parent":0,"menu_order":0,"comment_status":"closed","ping_status":"closed","template":"","meta":{"_acf_changed":false,"inline_featured_image":false,"footnotes":""},"class_list":["post-1827","page","type-page","status-publish","has-post-thumbnail","hentry"],"acf":[],"yoast_head":"<!-- This site is optimized with the Yoast SEO plugin v27.2 - https:\/\/yoast.com\/product\/yoast-seo-wordpress\/ -->\n<title>Restaurant Vieux Lyon, St Jean - Home-made, Fresh, Seasonal<\/title>\n<meta name=\"description\" content=\"Home-made restaurant in Lyon Saint-Jean. Fresh, seasonal and flavorful cuisine in an authentic setting.\" \/>\n<meta name=\"robots\" content=\"index, follow, max-snippet:-1, max-image-preview:large, max-video-preview:-1\" \/>\n<link rel=\"canonical\" href=\"https:\/\/comptoirphenix.fr\/en\/homemade-cuisine-restaurant\/\" \/>\n<meta property=\"og:locale\" content=\"en_US\" \/>\n<meta property=\"og:type\" content=\"article\" \/>\n<meta property=\"og:title\" content=\"Restaurant Vieux Lyon, St Jean - Home-made, Fresh, Seasonal\" \/>\n<meta property=\"og:description\" content=\"Home-made restaurant in Lyon Saint-Jean. Fresh, seasonal and flavorful cuisine in an authentic setting.\" \/>\n<meta property=\"og:url\" content=\"https:\/\/comptoirphenix.fr\/en\/homemade-cuisine-restaurant\/\" \/>\n<meta property=\"og:site_name\" content=\"Comptoir Phenix\" \/>\n<meta property=\"article:modified_time\" content=\"2025-10-22T07:55:26+00:00\" \/>\n<meta property=\"og:image\" content=\"https:\/\/comptoirphenix.fr\/wp-content\/uploads\/sites\/3\/2025\/03\/180214125_762268631152936_6489830965960775802_n.jpg\" \/>\n\t<meta property=\"og:image:width\" content=\"1080\" \/>\n\t<meta property=\"og:image:height\" content=\"1080\" \/>\n\t<meta property=\"og:image:type\" content=\"image\/jpeg\" \/>\n<meta name=\"twitter:card\" content=\"summary_large_image\" \/>\n<meta name=\"twitter:label1\" content=\"Est. reading time\" \/>\n\t<meta name=\"twitter:data1\" content=\"2 minutes\" \/>\n<script type=\"application\/ld+json\" class=\"yoast-schema-graph\">{\"@context\":\"https:\/\/schema.org\",\"@graph\":[{\"@type\":\"WebPage\",\"@id\":\"https:\/\/comptoirphenix.fr\/en\/homemade-cuisine-restaurant\/\",\"url\":\"https:\/\/comptoirphenix.fr\/en\/homemade-cuisine-restaurant\/\",\"name\":\"Restaurant Vieux Lyon, St Jean - Home-made, Fresh, Seasonal\",\"isPartOf\":{\"@id\":\"https:\/\/comptoirphenix.fr\/en\/#website\"},\"primaryImageOfPage\":{\"@id\":\"https:\/\/comptoirphenix.fr\/en\/homemade-cuisine-restaurant\/#primaryimage\"},\"image\":{\"@id\":\"https:\/\/comptoirphenix.fr\/en\/homemade-cuisine-restaurant\/#primaryimage\"},\"thumbnailUrl\":\"https:\/\/comptoirphenix.fr\/wp-content\/uploads\/sites\/3\/2025\/03\/180214125_762268631152936_6489830965960775802_n.jpg\",\"datePublished\":\"2025-04-16T15:40:07+00:00\",\"dateModified\":\"2025-10-22T07:55:26+00:00\",\"description\":\"Home-made restaurant in Lyon Saint-Jean. Fresh, seasonal and flavorful cuisine in an authentic setting.\",\"breadcrumb\":{\"@id\":\"https:\/\/comptoirphenix.fr\/en\/homemade-cuisine-restaurant\/#breadcrumb\"},\"inLanguage\":\"en-US\",\"potentialAction\":[{\"@type\":\"ReadAction\",\"target\":[\"https:\/\/comptoirphenix.fr\/en\/homemade-cuisine-restaurant\/\"]}]},{\"@type\":\"ImageObject\",\"inLanguage\":\"en-US\",\"@id\":\"https:\/\/comptoirphenix.fr\/en\/homemade-cuisine-restaurant\/#primaryimage\",\"url\":\"https:\/\/comptoirphenix.fr\/wp-content\/uploads\/sites\/3\/2025\/03\/180214125_762268631152936_6489830965960775802_n.jpg\",\"contentUrl\":\"https:\/\/comptoirphenix.fr\/wp-content\/uploads\/sites\/3\/2025\/03\/180214125_762268631152936_6489830965960775802_n.jpg\",\"width\":1080,\"height\":1080,\"caption\":\"180214125 762268631152936 6489830965960775802 n\"},{\"@type\":\"BreadcrumbList\",\"@id\":\"https:\/\/comptoirphenix.fr\/en\/homemade-cuisine-restaurant\/#breadcrumb\",\"itemListElement\":[{\"@type\":\"ListItem\",\"position\":1,\"name\":\"Home\",\"item\":\"https:\/\/comptoirphenix.fr\/en\/\"},{\"@type\":\"ListItem\",\"position\":2,\"name\":\"The kitchen\"}]},{\"@type\":\"WebSite\",\"@id\":\"https:\/\/comptoirphenix.fr\/en\/#website\",\"url\":\"https:\/\/comptoirphenix.fr\/en\/\",\"name\":\"Globe Cecil\",\"description\":\"H\u00f4tel 4 \u00e9toiles \u00e0 Lyon\",\"publisher\":{\"@id\":\"https:\/\/comptoirphenix.fr\/en\/#organization\"},\"potentialAction\":[{\"@type\":\"SearchAction\",\"target\":{\"@type\":\"EntryPoint\",\"urlTemplate\":\"https:\/\/comptoirphenix.fr\/en\/?s={search_term_string}\"},\"query-input\":{\"@type\":\"PropertyValueSpecification\",\"valueRequired\":true,\"valueName\":\"search_term_string\"}}],\"inLanguage\":\"en-US\"},{\"@type\":\"Organization\",\"@id\":\"https:\/\/comptoirphenix.fr\/en\/#organization\",\"name\":\"Globe Cecil\",\"url\":\"https:\/\/comptoirphenix.fr\/en\/\",\"logo\":{\"@type\":\"ImageObject\",\"inLanguage\":\"en-US\",\"@id\":\"https:\/\/comptoirphenix.fr\/en\/#\/schema\/logo\/image\/\",\"url\":\"https:\/\/comptoirphenix.fr\/wp-content\/uploads\/sites\/3\/2025\/05\/LOGO-Comptoir-Phenix-White.svg\",\"contentUrl\":\"https:\/\/comptoirphenix.fr\/wp-content\/uploads\/sites\/3\/2025\/05\/LOGO-Comptoir-Phenix-White.svg\",\"width\":456,\"height\":124,\"caption\":\"Globe Cecil\"},\"image\":{\"@id\":\"https:\/\/comptoirphenix.fr\/en\/#\/schema\/logo\/image\/\"}}]}<\/script>\n<!-- \/ Yoast SEO plugin. -->","yoast_head_json":{"title":"Restaurant Vieux Lyon, St Jean - Home-made, Fresh, Seasonal","description":"Home-made restaurant in Lyon Saint-Jean. Fresh, seasonal and flavorful cuisine in an authentic setting.","robots":{"index":"index","follow":"follow","max-snippet":"max-snippet:-1","max-image-preview":"max-image-preview:large","max-video-preview":"max-video-preview:-1"},"canonical":"https:\/\/comptoirphenix.fr\/en\/homemade-cuisine-restaurant\/","og_locale":"en_US","og_type":"article","og_title":"Restaurant Vieux Lyon, St Jean - Home-made, Fresh, Seasonal","og_description":"Home-made restaurant in Lyon Saint-Jean. Fresh, seasonal and flavorful cuisine in an authentic setting.","og_url":"https:\/\/comptoirphenix.fr\/en\/homemade-cuisine-restaurant\/","og_site_name":"Comptoir Phenix","article_modified_time":"2025-10-22T07:55:26+00:00","og_image":[{"width":1080,"height":1080,"url":"https:\/\/comptoirphenix.fr\/wp-content\/uploads\/sites\/3\/2025\/03\/180214125_762268631152936_6489830965960775802_n.jpg","type":"image\/jpeg"}],"twitter_card":"summary_large_image","twitter_misc":{"Est. reading time":"2 minutes"},"schema":{"@context":"https:\/\/schema.org","@graph":[{"@type":"WebPage","@id":"https:\/\/comptoirphenix.fr\/en\/homemade-cuisine-restaurant\/","url":"https:\/\/comptoirphenix.fr\/en\/homemade-cuisine-restaurant\/","name":"Restaurant Vieux Lyon, St Jean - Home-made, Fresh, Seasonal","isPartOf":{"@id":"https:\/\/comptoirphenix.fr\/en\/#website"},"primaryImageOfPage":{"@id":"https:\/\/comptoirphenix.fr\/en\/homemade-cuisine-restaurant\/#primaryimage"},"image":{"@id":"https:\/\/comptoirphenix.fr\/en\/homemade-cuisine-restaurant\/#primaryimage"},"thumbnailUrl":"https:\/\/comptoirphenix.fr\/wp-content\/uploads\/sites\/3\/2025\/03\/180214125_762268631152936_6489830965960775802_n.jpg","datePublished":"2025-04-16T15:40:07+00:00","dateModified":"2025-10-22T07:55:26+00:00","description":"Home-made restaurant in Lyon Saint-Jean. Fresh, seasonal and flavorful cuisine in an authentic setting.","breadcrumb":{"@id":"https:\/\/comptoirphenix.fr\/en\/homemade-cuisine-restaurant\/#breadcrumb"},"inLanguage":"en-US","potentialAction":[{"@type":"ReadAction","target":["https:\/\/comptoirphenix.fr\/en\/homemade-cuisine-restaurant\/"]}]},{"@type":"ImageObject","inLanguage":"en-US","@id":"https:\/\/comptoirphenix.fr\/en\/homemade-cuisine-restaurant\/#primaryimage","url":"https:\/\/comptoirphenix.fr\/wp-content\/uploads\/sites\/3\/2025\/03\/180214125_762268631152936_6489830965960775802_n.jpg","contentUrl":"https:\/\/comptoirphenix.fr\/wp-content\/uploads\/sites\/3\/2025\/03\/180214125_762268631152936_6489830965960775802_n.jpg","width":1080,"height":1080,"caption":"180214125 762268631152936 6489830965960775802 n"},{"@type":"BreadcrumbList","@id":"https:\/\/comptoirphenix.fr\/en\/homemade-cuisine-restaurant\/#breadcrumb","itemListElement":[{"@type":"ListItem","position":1,"name":"Home","item":"https:\/\/comptoirphenix.fr\/en\/"},{"@type":"ListItem","position":2,"name":"The kitchen"}]},{"@type":"WebSite","@id":"https:\/\/comptoirphenix.fr\/en\/#website","url":"https:\/\/comptoirphenix.fr\/en\/","name":"Globe Cecil","description":"H\u00f4tel 4 \u00e9toiles \u00e0 Lyon","publisher":{"@id":"https:\/\/comptoirphenix.fr\/en\/#organization"},"potentialAction":[{"@type":"SearchAction","target":{"@type":"EntryPoint","urlTemplate":"https:\/\/comptoirphenix.fr\/en\/?s={search_term_string}"},"query-input":{"@type":"PropertyValueSpecification","valueRequired":true,"valueName":"search_term_string"}}],"inLanguage":"en-US"},{"@type":"Organization","@id":"https:\/\/comptoirphenix.fr\/en\/#organization","name":"Globe Cecil","url":"https:\/\/comptoirphenix.fr\/en\/","logo":{"@type":"ImageObject","inLanguage":"en-US","@id":"https:\/\/comptoirphenix.fr\/en\/#\/schema\/logo\/image\/","url":"https:\/\/comptoirphenix.fr\/wp-content\/uploads\/sites\/3\/2025\/05\/LOGO-Comptoir-Phenix-White.svg","contentUrl":"https:\/\/comptoirphenix.fr\/wp-content\/uploads\/sites\/3\/2025\/05\/LOGO-Comptoir-Phenix-White.svg","width":456,"height":124,"caption":"Globe Cecil"},"image":{"@id":"https:\/\/comptoirphenix.fr\/en\/#\/schema\/logo\/image\/"}}]}},"_links":{"self":[{"href":"https:\/\/comptoirphenix.fr\/en\/wp-json\/wp\/v2\/pages\/1827","targetHints":{"allow":["GET"]}}],"collection":[{"href":"https:\/\/comptoirphenix.fr\/en\/wp-json\/wp\/v2\/pages"}],"about":[{"href":"https:\/\/comptoirphenix.fr\/en\/wp-json\/wp\/v2\/types\/page"}],"author":[{"embeddable":true,"href":"https:\/\/comptoirphenix.fr\/en\/wp-json\/wp\/v2\/users\/1"}],"replies":[{"embeddable":true,"href":"https:\/\/comptoirphenix.fr\/en\/wp-json\/wp\/v2\/comments?post=1827"}],"version-history":[{"count":23,"href":"https:\/\/comptoirphenix.fr\/en\/wp-json\/wp\/v2\/pages\/1827\/revisions"}],"predecessor-version":[{"id":7130,"href":"https:\/\/comptoirphenix.fr\/en\/wp-json\/wp\/v2\/pages\/1827\/revisions\/7130"}],"wp:featuredmedia":[{"embeddable":true,"href":"https:\/\/comptoirphenix.fr\/en\/wp-json\/wp\/v2\/media\/4362"}],"wp:attachment":[{"href":"https:\/\/comptoirphenix.fr\/en\/wp-json\/wp\/v2\/media?parent=1827"}],"curies":[{"name":"wp","href":"https:\/\/api.w.org\/{rel}","templated":true}]}}