{"id":1830,"date":"2025-04-16T17:40:08","date_gmt":"2025-04-16T15:40:08","guid":{"rendered":"https:\/\/comptoirphenix.fr\/localisation-en\/"},"modified":"2025-07-25T13:29:56","modified_gmt":"2025-07-25T11:29:56","slug":"delicatessen-sandwich-shop","status":"publish","type":"page","link":"https:\/\/comptoirphenix.fr\/en\/restaurant-vieux-lyon-quai-de-saone\/delicatessen-sandwich-shop\/","title":{"rendered":"Delicatessen &amp; sandwich shop"},"content":{"rendered":"\n<section class=\"heading wp-elements-c5acaf236188cadad2c32c230663248f wp-elements-c5acaf236188cadad2c32c230663248f wp-block-acf-heading has-text-color has-primary-color has-background has-white-100-background-color\">\n\t<div class=\"heading__container\">\n\t\t\t\t\t<div class=\"heading__background-picture\">\n\t\t\t\t<img decoding=\"async\" width=\"1620\" height=\"1080\" src=\"https:\/\/comptoirphenix.fr\/wp-content\/uploads\/sites\/3\/2025\/06\/Restaurant_Vieux-Lyon8.jpg\" class=\"attachment-full size-full\" alt=\"Restaurant Vieux Lyon8\" fetchpriority=\"high\" srcset=\"https:\/\/comptoirphenix.fr\/wp-content\/uploads\/sites\/3\/2025\/06\/Restaurant_Vieux-Lyon8.jpg 1620w, https:\/\/comptoirphenix.fr\/wp-content\/uploads\/sites\/3\/2025\/06\/Restaurant_Vieux-Lyon8-600x400.jpg 600w, https:\/\/comptoirphenix.fr\/wp-content\/uploads\/sites\/3\/2025\/06\/Restaurant_Vieux-Lyon8-1400x933.jpg 1400w, https:\/\/comptoirphenix.fr\/wp-content\/uploads\/sites\/3\/2025\/06\/Restaurant_Vieux-Lyon8-768x512.jpg 768w, https:\/\/comptoirphenix.fr\/wp-content\/uploads\/sites\/3\/2025\/06\/Restaurant_Vieux-Lyon8-1536x1024.jpg 1536w\" sizes=\"(max-width: 1620px) 100vw, 1620px\" \/>\t\t\t<\/div>\n\t\t\t\t<div class=\"heading__layout\">\n\t\t\t<div class=\"heading__content-wrapper has-white-100-background-color\">\n\t\t\t\t<div class=\"heading__content has-white-100-background-color\">\n\t\t\t\t\t\t\t\t\t<p id=\"breadcrumbs\"><span><span><a href=\"https:\/\/comptoirphenix.fr\/en\/\">Home<\/a><\/span><\/span><\/p>\t\t\t\t\t\t\t\t\t<div class=\"acf-innerblocks-container\">\n\n<div class=\"wp-block-group heading-content-group is-layout-grid wp-container-core-group-is-layout-96b258e4 wp-block-group-is-layout-grid\">\n<h1 class=\"wp-block-heading has-text-align-left heading__title has-primary-color has-text-color has-xx-large-font-size wp-container-content-32a3e683\">Delicatessen &amp; sandwich shop<\/h1>\n\n\n\n<p class=\"heading__chapo has-primary-color has-text-color\">Monday to Friday, 12 to 4 p.m.<\/p>\n<\/div>\n\n<\/div>\n\t\t\t\t<\/div>\n\t\t\t\t\t\t\t\t<div class=\"heading__illustration illustration-with-parallax desktop-only\">\n\t\t\t\t\t<img decoding=\"async\" width=\"350\" height=\"350\" src=\"https:\/\/comptoirphenix.fr\/wp-content\/uploads\/sites\/3\/2025\/04\/MAIN.png\" class=\"attachment-full size-full\" alt=\"MAIN\" fetchpriority=\"high\" srcset=\"https:\/\/comptoirphenix.fr\/wp-content\/uploads\/sites\/3\/2025\/04\/MAIN.png 350w, https:\/\/comptoirphenix.fr\/wp-content\/uploads\/sites\/3\/2025\/04\/MAIN-300x300.png 300w\" sizes=\"(max-width: 350px) 100vw, 350px\" \/>\t\t\t\t<\/div>\n\t\t\t\t\t\t\t<\/div>\n\t\t<\/div>\n\t<\/div>\n<\/section>\n\n\n\t<section\n\t\tstyle=\"padding-top:var(--wp--preset--spacing--theme-default);padding-bottom:var(--wp--preset--spacing--theme-default);\" class=\"block-container align wp-block-acf-block-container has-background has-white-background-color is-layout-flow wp-block-acf-block-container-is-layout-flow\"\t>\n\n\t\n\n<div class=\"wp-block-group has-global-padding is-layout-constrained wp-container-core-group-is-layout-8f062365 wp-block-group-is-layout-constrained\">\n<h3 class=\"wp-block-heading has-text-align-left\">Good, beautiful, to go&#8230; or to enjoy on the go<\/h3>\n\n\n\n<p class=\"has-text-align-left\">Just a stone&#8217;s throw from Place Saint-Jean and the cobblestones of Vieux Lyon, Comptoir Ph\u00e9nix has opened a tasteful new corner: our in-house delicatessen and sandwich store. Here, we break the routine of a hurried lunch with generous sandwiches, made daily with fresh, local produce, carefully sourced from our partners. <\/p>\n<\/div>\n\n\n\n<\/section>\n\n\t<section\n\t\tstyle=\"padding-top:var(--wp--preset--spacing--theme-default);padding-bottom:var(--wp--preset--spacing--theme-default);\" class=\"double-columns wp-block-acf-double-columns has-background has-white-100-background-color has-global-padding is-layout-constrained wp-container-acf-double-columns-is-layout-a22d0bdd wp-block-acf-double-columns-is-layout-constrained\"\t>\n\n<div class=\"double-columns__innerblocks\">\n\n<div class=\"wp-block-group is-vertical is-content-justification-stretch is-layout-flex wp-container-core-group-is-layout-cee9c102 wp-block-group-is-layout-flex\">\n<figure class=\"wp-block-image size-full\"><img decoding=\"async\" width=\"683\" height=\"1024\" src=\"https:\/\/comptoirphenix.fr\/wp-content\/uploads\/sites\/3\/2025\/06\/sandwicherie-epicerie-vieux-lyon15.jpg\" alt=\"sandwich shop grocery old lyon15\" class=\"wp-image-6246\" style=\"aspect-ratio:3\/4;object-fit:cover\" srcset=\"https:\/\/comptoirphenix.fr\/wp-content\/uploads\/sites\/3\/2025\/06\/sandwicherie-epicerie-vieux-lyon15.jpg 683w, https:\/\/comptoirphenix.fr\/wp-content\/uploads\/sites\/3\/2025\/06\/sandwicherie-epicerie-vieux-lyon15-400x600.jpg 400w\" sizes=\"(max-width: 683px) 100vw, 683px\" \/><\/figure>\n<\/div>\n\n\n\n<div class=\"wp-block-group is-vertical is-layout-flex wp-container-core-group-is-layout-99e95872 wp-block-group-is-layout-flex\">\n<p>Crisp bread, homemade fillings, recipes that change according to the brigade&#8217;s whims&#8230; All to take away or enjoy on our discreet terrace, away from the hustle and bustle.<\/p>\n\n\n\n<p>In the afternoon, it&#8217;s time for a sweet treat: a snack in Vieux Lyon with our soft cookies, lemon poppy cakes, homemade brioches or other sweet treats of the moment to accompany a good coffee, iced tea or hot chocolate.<\/p>\n<\/div>\n\n<\/div>\n\n<\/section>\n\n\t<section\n\t\tstyle=\"padding-top:var(--wp--preset--spacing--theme-default);padding-bottom:var(--wp--preset--spacing--theme-default);\" class=\"double-columns wp-block-acf-double-columns has-background has-white-background-color has-global-padding is-layout-constrained wp-container-acf-double-columns-is-layout-a22d0bdd wp-block-acf-double-columns-is-layout-constrained\"\t>\n\n<div class=\"double-columns__innerblocks\">\n\n<div class=\"wp-block-group is-vertical is-layout-flex wp-container-core-group-is-layout-99e95872 wp-block-group-is-layout-flex\">\n<h2 class=\"wp-block-heading has-text-align-center\">Lyon&#8217;s <mark class=\"has-inline-color has-secondary-color\">best <\/mark>ham and butter<\/h2>\n\n\n\n<p>Buttered ham is a staple of French cuisine: a reassuringly safe bet. It&#8217;s not just a sandwich&#8230; It&#8217;s the dish that should satisfy your appetite and give you the energy to spend a constructive afternoon. <\/p>\n\n\n\n<ul class=\"wp-block-list\">\n<li>Premium ham from chez Monchardin<\/li>\n\n\n\n<li>A fresh, crisp baguette from our neighbors: Boulangerie Saint Paul<\/li>\n\n\n\n<li>A generous spread of semi-salted Bresse butter<\/li>\n\n\n\n<li>A few slices of sweet gherkin for an extra kick.<\/li>\n<\/ul>\n<\/div>\n\n\n\n<div class=\"wp-block-group is-vertical is-content-justification-stretch is-layout-flex wp-container-core-group-is-layout-5f0cd685 wp-block-group-is-layout-flex\">\n<figure class=\"wp-block-image size-full\"><img decoding=\"async\" width=\"683\" height=\"1024\" src=\"https:\/\/comptoirphenix.fr\/wp-content\/uploads\/sites\/3\/2025\/06\/sandwicherie-epicerie-vieux-lyon13.jpg\" alt=\"sandwich shop grocery old lyon13\" class=\"wp-image-6238\" style=\"aspect-ratio:3\/4;object-fit:cover\" srcset=\"https:\/\/comptoirphenix.fr\/wp-content\/uploads\/sites\/3\/2025\/06\/sandwicherie-epicerie-vieux-lyon13.jpg 683w, https:\/\/comptoirphenix.fr\/wp-content\/uploads\/sites\/3\/2025\/06\/sandwicherie-epicerie-vieux-lyon13-400x600.jpg 400w\" sizes=\"(max-width: 683px) 100vw, 683px\" \/><\/figure>\n<\/div>\n\n<\/div>\n\n<\/section>\n","protected":false},"excerpt":{"rendered":"","protected":false},"author":2,"featured_media":4371,"parent":1808,"menu_order":0,"comment_status":"closed","ping_status":"closed","template":"","meta":{"_acf_changed":false,"inline_featured_image":false,"footnotes":""},"class_list":["post-1830","page","type-page","status-publish","has-post-thumbnail","hentry"],"acf":[],"yoast_head":"<!-- This site is optimized with the Yoast SEO plugin v27.2 - https:\/\/yoast.com\/product\/yoast-seo-wordpress\/ -->\n<title>Delicatessen, Sandwich shop Comptoir Ph\u00e9nix Vieux Lyon<\/title>\n<meta name=\"description\" content=\"Artisanal delicatessen and sandwich store at Comptoir Ph\u00e9nix, Vieux Lyon. Local products and takeaway options.\" \/>\n<meta name=\"robots\" content=\"index, follow, max-snippet:-1, max-image-preview:large, max-video-preview:-1\" \/>\n<link rel=\"canonical\" href=\"https:\/\/comptoirphenix.fr\/en\/restaurant-vieux-lyon-quai-de-saone\/delicatessen-sandwich-shop\/\" \/>\n<meta property=\"og:locale\" content=\"en_US\" \/>\n<meta property=\"og:type\" content=\"article\" \/>\n<meta property=\"og:title\" content=\"Delicatessen, Sandwich shop Comptoir Ph\u00e9nix Vieux Lyon\" \/>\n<meta property=\"og:description\" content=\"Artisanal delicatessen and sandwich store at Comptoir Ph\u00e9nix, Vieux Lyon. Local products and takeaway options.\" \/>\n<meta property=\"og:url\" content=\"https:\/\/comptoirphenix.fr\/en\/restaurant-vieux-lyon-quai-de-saone\/delicatessen-sandwich-shop\/\" \/>\n<meta property=\"og:site_name\" content=\"Comptoir Phenix\" \/>\n<meta property=\"article:modified_time\" content=\"2025-07-25T11:29:56+00:00\" \/>\n<meta property=\"og:image\" content=\"https:\/\/comptoirphenix.fr\/wp-content\/uploads\/sites\/3\/2025\/03\/Hotel_lyon_Bellecour1.jpg\" \/>\n\t<meta property=\"og:image:width\" content=\"720\" \/>\n\t<meta property=\"og:image:height\" content=\"1080\" \/>\n\t<meta property=\"og:image:type\" content=\"image\/jpeg\" \/>\n<meta name=\"twitter:card\" content=\"summary_large_image\" \/>\n<meta name=\"twitter:label1\" content=\"Est. reading time\" \/>\n\t<meta name=\"twitter:data1\" content=\"2 minutes\" \/>\n<script type=\"application\/ld+json\" class=\"yoast-schema-graph\">{\"@context\":\"https:\/\/schema.org\",\"@graph\":[{\"@type\":\"WebPage\",\"@id\":\"https:\/\/comptoirphenix.fr\/en\/restaurant-vieux-lyon-quai-de-saone\/delicatessen-sandwich-shop\/\",\"url\":\"https:\/\/comptoirphenix.fr\/en\/restaurant-vieux-lyon-quai-de-saone\/delicatessen-sandwich-shop\/\",\"name\":\"Delicatessen, Sandwich shop Comptoir Ph\u00e9nix Vieux Lyon\",\"isPartOf\":{\"@id\":\"https:\/\/comptoirphenix.fr\/en\/#website\"},\"primaryImageOfPage\":{\"@id\":\"https:\/\/comptoirphenix.fr\/en\/restaurant-vieux-lyon-quai-de-saone\/delicatessen-sandwich-shop\/#primaryimage\"},\"image\":{\"@id\":\"https:\/\/comptoirphenix.fr\/en\/restaurant-vieux-lyon-quai-de-saone\/delicatessen-sandwich-shop\/#primaryimage\"},\"thumbnailUrl\":\"https:\/\/comptoirphenix.fr\/wp-content\/uploads\/sites\/3\/2025\/03\/Hotel_lyon_Bellecour1.jpg\",\"datePublished\":\"2025-04-16T15:40:08+00:00\",\"dateModified\":\"2025-07-25T11:29:56+00:00\",\"description\":\"Artisanal delicatessen and sandwich store at Comptoir Ph\u00e9nix, Vieux Lyon. Local products and takeaway options.\",\"breadcrumb\":{\"@id\":\"https:\/\/comptoirphenix.fr\/en\/restaurant-vieux-lyon-quai-de-saone\/delicatessen-sandwich-shop\/#breadcrumb\"},\"inLanguage\":\"en-US\",\"potentialAction\":[{\"@type\":\"ReadAction\",\"target\":[\"https:\/\/comptoirphenix.fr\/en\/restaurant-vieux-lyon-quai-de-saone\/delicatessen-sandwich-shop\/\"]}]},{\"@type\":\"ImageObject\",\"inLanguage\":\"en-US\",\"@id\":\"https:\/\/comptoirphenix.fr\/en\/restaurant-vieux-lyon-quai-de-saone\/delicatessen-sandwich-shop\/#primaryimage\",\"url\":\"https:\/\/comptoirphenix.fr\/wp-content\/uploads\/sites\/3\/2025\/03\/Hotel_lyon_Bellecour1.jpg\",\"contentUrl\":\"https:\/\/comptoirphenix.fr\/wp-content\/uploads\/sites\/3\/2025\/03\/Hotel_lyon_Bellecour1.jpg\",\"width\":720,\"height\":1080,\"caption\":\"Hotel lyon Bellecour1\"},{\"@type\":\"BreadcrumbList\",\"@id\":\"https:\/\/comptoirphenix.fr\/en\/restaurant-vieux-lyon-quai-de-saone\/delicatessen-sandwich-shop\/#breadcrumb\",\"itemListElement\":[{\"@type\":\"ListItem\",\"position\":1,\"name\":\"Home\",\"item\":\"https:\/\/comptoirphenix.fr\/en\/\"},{\"@type\":\"ListItem\",\"position\":2,\"name\":\"the restaurant\",\"item\":\"https:\/\/comptoirphenix.fr\/en\/restaurant-vieux-lyon-quai-de-saone\/\"},{\"@type\":\"ListItem\",\"position\":3,\"name\":\"Delicatessen &amp; sandwich shop\"}]},{\"@type\":\"WebSite\",\"@id\":\"https:\/\/comptoirphenix.fr\/en\/#website\",\"url\":\"https:\/\/comptoirphenix.fr\/en\/\",\"name\":\"Globe Cecil\",\"description\":\"H\u00f4tel 4 \u00e9toiles \u00e0 Lyon\",\"publisher\":{\"@id\":\"https:\/\/comptoirphenix.fr\/en\/#organization\"},\"potentialAction\":[{\"@type\":\"SearchAction\",\"target\":{\"@type\":\"EntryPoint\",\"urlTemplate\":\"https:\/\/comptoirphenix.fr\/en\/?s={search_term_string}\"},\"query-input\":{\"@type\":\"PropertyValueSpecification\",\"valueRequired\":true,\"valueName\":\"search_term_string\"}}],\"inLanguage\":\"en-US\"},{\"@type\":\"Organization\",\"@id\":\"https:\/\/comptoirphenix.fr\/en\/#organization\",\"name\":\"Globe Cecil\",\"url\":\"https:\/\/comptoirphenix.fr\/en\/\",\"logo\":{\"@type\":\"ImageObject\",\"inLanguage\":\"en-US\",\"@id\":\"https:\/\/comptoirphenix.fr\/en\/#\/schema\/logo\/image\/\",\"url\":\"https:\/\/comptoirphenix.fr\/wp-content\/uploads\/sites\/3\/2025\/05\/LOGO-Comptoir-Phenix-White.svg\",\"contentUrl\":\"https:\/\/comptoirphenix.fr\/wp-content\/uploads\/sites\/3\/2025\/05\/LOGO-Comptoir-Phenix-White.svg\",\"width\":456,\"height\":124,\"caption\":\"Globe Cecil\"},\"image\":{\"@id\":\"https:\/\/comptoirphenix.fr\/en\/#\/schema\/logo\/image\/\"}}]}<\/script>\n<!-- \/ Yoast SEO plugin. -->","yoast_head_json":{"title":"Delicatessen, Sandwich shop Comptoir Ph\u00e9nix Vieux Lyon","description":"Artisanal delicatessen and sandwich store at Comptoir Ph\u00e9nix, Vieux Lyon. Local products and takeaway options.","robots":{"index":"index","follow":"follow","max-snippet":"max-snippet:-1","max-image-preview":"max-image-preview:large","max-video-preview":"max-video-preview:-1"},"canonical":"https:\/\/comptoirphenix.fr\/en\/restaurant-vieux-lyon-quai-de-saone\/delicatessen-sandwich-shop\/","og_locale":"en_US","og_type":"article","og_title":"Delicatessen, Sandwich shop Comptoir Ph\u00e9nix Vieux Lyon","og_description":"Artisanal delicatessen and sandwich store at Comptoir Ph\u00e9nix, Vieux Lyon. Local products and takeaway options.","og_url":"https:\/\/comptoirphenix.fr\/en\/restaurant-vieux-lyon-quai-de-saone\/delicatessen-sandwich-shop\/","og_site_name":"Comptoir Phenix","article_modified_time":"2025-07-25T11:29:56+00:00","og_image":[{"width":720,"height":1080,"url":"https:\/\/comptoirphenix.fr\/wp-content\/uploads\/sites\/3\/2025\/03\/Hotel_lyon_Bellecour1.jpg","type":"image\/jpeg"}],"twitter_card":"summary_large_image","twitter_misc":{"Est. reading time":"2 minutes"},"schema":{"@context":"https:\/\/schema.org","@graph":[{"@type":"WebPage","@id":"https:\/\/comptoirphenix.fr\/en\/restaurant-vieux-lyon-quai-de-saone\/delicatessen-sandwich-shop\/","url":"https:\/\/comptoirphenix.fr\/en\/restaurant-vieux-lyon-quai-de-saone\/delicatessen-sandwich-shop\/","name":"Delicatessen, Sandwich shop Comptoir Ph\u00e9nix Vieux Lyon","isPartOf":{"@id":"https:\/\/comptoirphenix.fr\/en\/#website"},"primaryImageOfPage":{"@id":"https:\/\/comptoirphenix.fr\/en\/restaurant-vieux-lyon-quai-de-saone\/delicatessen-sandwich-shop\/#primaryimage"},"image":{"@id":"https:\/\/comptoirphenix.fr\/en\/restaurant-vieux-lyon-quai-de-saone\/delicatessen-sandwich-shop\/#primaryimage"},"thumbnailUrl":"https:\/\/comptoirphenix.fr\/wp-content\/uploads\/sites\/3\/2025\/03\/Hotel_lyon_Bellecour1.jpg","datePublished":"2025-04-16T15:40:08+00:00","dateModified":"2025-07-25T11:29:56+00:00","description":"Artisanal delicatessen and sandwich store at Comptoir Ph\u00e9nix, Vieux Lyon. Local products and takeaway options.","breadcrumb":{"@id":"https:\/\/comptoirphenix.fr\/en\/restaurant-vieux-lyon-quai-de-saone\/delicatessen-sandwich-shop\/#breadcrumb"},"inLanguage":"en-US","potentialAction":[{"@type":"ReadAction","target":["https:\/\/comptoirphenix.fr\/en\/restaurant-vieux-lyon-quai-de-saone\/delicatessen-sandwich-shop\/"]}]},{"@type":"ImageObject","inLanguage":"en-US","@id":"https:\/\/comptoirphenix.fr\/en\/restaurant-vieux-lyon-quai-de-saone\/delicatessen-sandwich-shop\/#primaryimage","url":"https:\/\/comptoirphenix.fr\/wp-content\/uploads\/sites\/3\/2025\/03\/Hotel_lyon_Bellecour1.jpg","contentUrl":"https:\/\/comptoirphenix.fr\/wp-content\/uploads\/sites\/3\/2025\/03\/Hotel_lyon_Bellecour1.jpg","width":720,"height":1080,"caption":"Hotel lyon Bellecour1"},{"@type":"BreadcrumbList","@id":"https:\/\/comptoirphenix.fr\/en\/restaurant-vieux-lyon-quai-de-saone\/delicatessen-sandwich-shop\/#breadcrumb","itemListElement":[{"@type":"ListItem","position":1,"name":"Home","item":"https:\/\/comptoirphenix.fr\/en\/"},{"@type":"ListItem","position":2,"name":"the restaurant","item":"https:\/\/comptoirphenix.fr\/en\/restaurant-vieux-lyon-quai-de-saone\/"},{"@type":"ListItem","position":3,"name":"Delicatessen &amp; sandwich shop"}]},{"@type":"WebSite","@id":"https:\/\/comptoirphenix.fr\/en\/#website","url":"https:\/\/comptoirphenix.fr\/en\/","name":"Globe Cecil","description":"H\u00f4tel 4 \u00e9toiles \u00e0 Lyon","publisher":{"@id":"https:\/\/comptoirphenix.fr\/en\/#organization"},"potentialAction":[{"@type":"SearchAction","target":{"@type":"EntryPoint","urlTemplate":"https:\/\/comptoirphenix.fr\/en\/?s={search_term_string}"},"query-input":{"@type":"PropertyValueSpecification","valueRequired":true,"valueName":"search_term_string"}}],"inLanguage":"en-US"},{"@type":"Organization","@id":"https:\/\/comptoirphenix.fr\/en\/#organization","name":"Globe Cecil","url":"https:\/\/comptoirphenix.fr\/en\/","logo":{"@type":"ImageObject","inLanguage":"en-US","@id":"https:\/\/comptoirphenix.fr\/en\/#\/schema\/logo\/image\/","url":"https:\/\/comptoirphenix.fr\/wp-content\/uploads\/sites\/3\/2025\/05\/LOGO-Comptoir-Phenix-White.svg","contentUrl":"https:\/\/comptoirphenix.fr\/wp-content\/uploads\/sites\/3\/2025\/05\/LOGO-Comptoir-Phenix-White.svg","width":456,"height":124,"caption":"Globe Cecil"},"image":{"@id":"https:\/\/comptoirphenix.fr\/en\/#\/schema\/logo\/image\/"}}]}},"_links":{"self":[{"href":"https:\/\/comptoirphenix.fr\/en\/wp-json\/wp\/v2\/pages\/1830","targetHints":{"allow":["GET"]}}],"collection":[{"href":"https:\/\/comptoirphenix.fr\/en\/wp-json\/wp\/v2\/pages"}],"about":[{"href":"https:\/\/comptoirphenix.fr\/en\/wp-json\/wp\/v2\/types\/page"}],"author":[{"embeddable":true,"href":"https:\/\/comptoirphenix.fr\/en\/wp-json\/wp\/v2\/users\/2"}],"replies":[{"embeddable":true,"href":"https:\/\/comptoirphenix.fr\/en\/wp-json\/wp\/v2\/comments?post=1830"}],"version-history":[{"count":16,"href":"https:\/\/comptoirphenix.fr\/en\/wp-json\/wp\/v2\/pages\/1830\/revisions"}],"predecessor-version":[{"id":6835,"href":"https:\/\/comptoirphenix.fr\/en\/wp-json\/wp\/v2\/pages\/1830\/revisions\/6835"}],"up":[{"embeddable":true,"href":"https:\/\/comptoirphenix.fr\/en\/wp-json\/wp\/v2\/pages\/1808"}],"wp:featuredmedia":[{"embeddable":true,"href":"https:\/\/comptoirphenix.fr\/en\/wp-json\/wp\/v2\/media\/4371"}],"wp:attachment":[{"href":"https:\/\/comptoirphenix.fr\/en\/wp-json\/wp\/v2\/media?parent=1830"}],"curies":[{"name":"wp","href":"https:\/\/api.w.org\/{rel}","templated":true}]}}