{"id":3962,"date":"2025-04-23T10:20:05","date_gmt":"2025-04-23T08:20:05","guid":{"rendered":"https:\/\/comptoirphenix.fr\/charming-4-star-hotel\/our-spaces\/"},"modified":"2025-07-25T13:30:59","modified_gmt":"2025-07-25T11:30:59","slug":"breakfast","status":"publish","type":"page","link":"https:\/\/comptoirphenix.fr\/en\/restaurant-vieux-lyon-quai-de-saone\/breakfast\/","title":{"rendered":"Breakfast"},"content":{"rendered":"\n<section class=\"heading wp-elements-6c78ff0e803a310e8cb23096a7e61b95 wp-elements-6c78ff0e803a310e8cb23096a7e61b95 wp-block-acf-heading has-text-color has-primary-color has-background has-white-100-background-color\">\n\t<div class=\"heading__container\">\n\t\t\t\t\t<div class=\"heading__background-picture\">\n\t\t\t\t<img decoding=\"async\" width=\"1620\" height=\"1080\" src=\"https:\/\/comptoirphenix.fr\/wp-content\/uploads\/sites\/3\/2025\/06\/petit-dejeuenr-lyon.jpg\" class=\"attachment-full size-full\" alt=\"petit dejeuenr lyon\" fetchpriority=\"high\" srcset=\"https:\/\/comptoirphenix.fr\/wp-content\/uploads\/sites\/3\/2025\/06\/petit-dejeuenr-lyon.jpg 1620w, https:\/\/comptoirphenix.fr\/wp-content\/uploads\/sites\/3\/2025\/06\/petit-dejeuenr-lyon-600x400.jpg 600w, https:\/\/comptoirphenix.fr\/wp-content\/uploads\/sites\/3\/2025\/06\/petit-dejeuenr-lyon-1400x933.jpg 1400w, https:\/\/comptoirphenix.fr\/wp-content\/uploads\/sites\/3\/2025\/06\/petit-dejeuenr-lyon-768x512.jpg 768w, https:\/\/comptoirphenix.fr\/wp-content\/uploads\/sites\/3\/2025\/06\/petit-dejeuenr-lyon-1536x1024.jpg 1536w\" sizes=\"(max-width: 1620px) 100vw, 1620px\" \/>\t\t\t<\/div>\n\t\t\t\t<div class=\"heading__layout\">\n\t\t\t<div class=\"heading__content-wrapper has-white-100-background-color\">\n\t\t\t\t<div class=\"heading__content has-white-100-background-color\">\n\t\t\t\t\t\t\t\t\t<p id=\"breadcrumbs\"><span><span><a href=\"https:\/\/comptoirphenix.fr\/en\/\">Home<\/a><\/span><\/span><\/p>\t\t\t\t\t\t\t\t\t<div class=\"acf-innerblocks-container\">\n\n<div class=\"wp-block-group heading-content-group is-layout-grid wp-container-core-group-is-layout-96b258e4 wp-block-group-is-layout-grid\">\n<h1 class=\"wp-block-heading has-text-align-left heading__title has-primary-color has-text-color has-xx-large-font-size wp-container-content-32a3e683\"><strong>Breakfast<\/strong><\/h1>\n\n\n\n<p class=\"heading__chapo has-primary-color has-text-color wp-container-content-32a3e683\">The most important meal of the day<\/p>\n<\/div>\n\n<\/div>\n\t\t\t\t<\/div>\n\t\t\t\t\t\t\t<\/div>\n\t\t<\/div>\n\t<\/div>\n<\/section>\n\n\n\t<section\n\t\tstyle=\"padding-top:var(--wp--preset--spacing--theme-default);padding-bottom:var(--wp--preset--spacing--theme-default);\" class=\"double-columns wp-block-acf-double-columns has-background has-white-background-color has-global-padding is-layout-constrained wp-container-acf-double-columns-is-layout-a22d0bdd wp-block-acf-double-columns-is-layout-constrained\"\t>\n\n<div class=\"double-columns__innerblocks\">\n\n<div class=\"wp-block-group is-vertical is-content-justification-stretch is-layout-flex wp-container-core-group-is-layout-84739627 wp-block-group-is-layout-flex\">\n<div class=\"wp-block-group is-vertical is-content-justification-center is-layout-flex wp-container-core-group-is-layout-fa38c63a wp-block-group-is-layout-flex\">\n<figure class=\"wp-block-image aligncenter size-full is-resized\"><img decoding=\"async\" width=\"1400\" height=\"1100\" src=\"https:\/\/comptoirphenix.fr\/wp-content\/uploads\/sites\/3\/2025\/06\/coffee@4x-e1751373005397.png\" alt=\"coffee@4x\" class=\"wp-image-6286\" style=\"width:auto;height:120px\" srcset=\"https:\/\/comptoirphenix.fr\/wp-content\/uploads\/sites\/3\/2025\/06\/coffee@4x-e1751373005397.png 1400w, https:\/\/comptoirphenix.fr\/wp-content\/uploads\/sites\/3\/2025\/06\/coffee@4x-e1751373005397-600x471.png 600w, https:\/\/comptoirphenix.fr\/wp-content\/uploads\/sites\/3\/2025\/06\/coffee@4x-e1751373005397-768x603.png 768w\" sizes=\"(max-width: 1400px) 100vw, 1400px\" \/><\/figure>\n<\/div>\n\n\n\n<p class=\"has-text-align-left\">At Comptoir Ph\u00e9nix, mornings have a different flavour. In our light-filled dining room, with its mosaic floor tiles and wood-paneled windows, we start the day gently, with a full, tasty breakfast to be enjoyed without hurry. <\/p>\n\n\n\n<ul class=\"wp-block-list\">\n<li><strong>Open 7 days a week<\/strong><\/li>\n\n\n\n<li><strong>6am-10am &#8211; Monday to Friday<\/strong><\/li>\n\n\n\n<li><strong>7am-11am &#8211; Weekends and public holidays<\/strong><\/li>\n<\/ul>\n<\/div>\n\n\n\n<div class=\"wp-block-group is-layout-flow wp-block-group-is-layout-flow\">\n<figure class=\"wp-block-image size-full\"><img decoding=\"async\" width=\"1200\" height=\"800\" src=\"https:\/\/comptoirphenix.fr\/wp-content\/uploads\/sites\/3\/2025\/06\/restaurant-lyon-centre6.jpg\" alt=\"restaurant lyon centre6\" class=\"wp-image-6291\" style=\"aspect-ratio:1;object-fit:cover\" srcset=\"https:\/\/comptoirphenix.fr\/wp-content\/uploads\/sites\/3\/2025\/06\/restaurant-lyon-centre6.jpg 1200w, https:\/\/comptoirphenix.fr\/wp-content\/uploads\/sites\/3\/2025\/06\/restaurant-lyon-centre6-600x400.jpg 600w, https:\/\/comptoirphenix.fr\/wp-content\/uploads\/sites\/3\/2025\/06\/restaurant-lyon-centre6-768x512.jpg 768w\" sizes=\"(max-width: 1200px) 100vw, 1200px\" \/><\/figure>\n<\/div>\n\n<\/div>\n\n<\/section>\n\n\t<section\n\t\tstyle=\"padding-top:var(--wp--preset--spacing--theme-default);padding-bottom:var(--wp--preset--spacing--theme-default);\" class=\"double-columns double-columns-reverse_colums_mobile image-is-animate wp-block-acf-double-columns has-background has-white-100-background-color has-global-padding is-layout-constrained wp-container-acf-double-columns-is-layout-a22d0bdd wp-block-acf-double-columns-is-layout-constrained\"\t>\n\n<div class=\"double-columns__innerblocks\">\n\n<div class=\"wp-block-group is-vertical is-layout-flex wp-container-core-group-is-layout-99e95872 wp-block-group-is-layout-flex\">\n<figure class=\"wp-block-image size-full\"><img decoding=\"async\" width=\"1200\" height=\"800\" src=\"https:\/\/comptoirphenix.fr\/wp-content\/uploads\/sites\/3\/2025\/06\/restaurant-lyon-centre5.jpg\" alt=\"restaurant lyon centre5\" class=\"wp-image-6295\" style=\"aspect-ratio:3\/4;object-fit:cover\" srcset=\"https:\/\/comptoirphenix.fr\/wp-content\/uploads\/sites\/3\/2025\/06\/restaurant-lyon-centre5.jpg 1200w, https:\/\/comptoirphenix.fr\/wp-content\/uploads\/sites\/3\/2025\/06\/restaurant-lyon-centre5-600x400.jpg 600w, https:\/\/comptoirphenix.fr\/wp-content\/uploads\/sites\/3\/2025\/06\/restaurant-lyon-centre5-768x512.jpg 768w\" sizes=\"(max-width: 1200px) 100vw, 1200px\" \/><\/figure>\n<\/div>\n\n\n\n<div class=\"wp-block-group is-vertical is-layout-flex wp-container-core-group-is-layout-99e95872 wp-block-group-is-layout-flex\">\n<h3 class=\"wp-block-heading\">What&#8217;s for breakfast?<\/h3>\n\n\n\n<p>Every morning, our breakfast buffet features local, seasonal products: freshly baked bread and pastries, artisanal honeys and jams, organic eggs, cheeses, cold meats, fresh fruit, artisanal fruit juices, cereals, granola and homemade cakes&#8230; Breakfast is available to hotel guests and open to external visitors, subject to availability (without reservation).<\/p>\n\n\n\n<ul class=\"wp-block-list\">\n<li><strong>19\u20ac \/adult (12 years and over)<\/strong><\/li>\n\n\n\n<li><strong>9.5\u20ac \/child (5-12years)<\/strong><\/li>\n\n\n\n<li><strong>Free \/child (-5years)<\/strong><\/li>\n<\/ul>\n<\/div>\n\n<\/div>\n\n<\/section>\n\n\t<section\n\t\tstyle=\"padding-top:var(--wp--preset--spacing--theme-default);padding-bottom:var(--wp--preset--spacing--theme-default);\" class=\"block-container align wp-block-acf-block-container has-background has-white-background-color has-global-padding is-layout-constrained wp-container-acf-block-container-is-layout-89fc666d wp-block-acf-block-container-is-layout-constrained\"\t>\n\n\t\n\n<h3 class=\"wp-block-heading has-text-align-center\">A true morning table, generous, gourmet, that adapts to both sweet and savory cravings.<\/h3>\n\n\n\n<\/section>\n","protected":false},"excerpt":{"rendered":"","protected":false},"author":2,"featured_media":0,"parent":1808,"menu_order":0,"comment_status":"closed","ping_status":"closed","template":"","meta":{"_acf_changed":false,"inline_featured_image":false,"footnotes":""},"class_list":["post-3962","page","type-page","status-publish","hentry"],"acf":[],"yoast_head":"<!-- This site is optimized with the Yoast SEO plugin v27.2 - https:\/\/yoast.com\/product\/yoast-seo-wordpress\/ -->\n<title>Bistronomic Restaurant Vieux Lyon - Original<\/title>\n<meta name=\"description\" content=\"Original and tasty lunch in a bistronomic restaurant in Lyon Saint-Jean. Creative recipes, seasonal produce.\" \/>\n<meta name=\"robots\" content=\"index, follow, max-snippet:-1, max-image-preview:large, max-video-preview:-1\" \/>\n<link rel=\"canonical\" href=\"https:\/\/comptoirphenix.fr\/en\/restaurant-vieux-lyon-quai-de-saone\/breakfast\/\" \/>\n<meta property=\"og:locale\" content=\"en_US\" \/>\n<meta property=\"og:type\" content=\"article\" \/>\n<meta property=\"og:title\" content=\"Bistronomic Restaurant Vieux Lyon - Original\" \/>\n<meta property=\"og:description\" content=\"Original and tasty lunch in a bistronomic restaurant in Lyon Saint-Jean. Creative recipes, seasonal produce.\" \/>\n<meta property=\"og:url\" content=\"https:\/\/comptoirphenix.fr\/en\/restaurant-vieux-lyon-quai-de-saone\/breakfast\/\" \/>\n<meta property=\"og:site_name\" content=\"Comptoir Phenix\" \/>\n<meta property=\"article:modified_time\" content=\"2025-07-25T11:30:59+00:00\" \/>\n<meta property=\"og:image\" content=\"https:\/\/comptoirphenix.fr\/wp-content\/uploads\/sites\/3\/2025\/06\/coffee@4x-e1751373005397.png\" \/>\n<meta name=\"twitter:card\" content=\"summary_large_image\" \/>\n<meta name=\"twitter:label1\" content=\"Est. reading time\" \/>\n\t<meta name=\"twitter:data1\" content=\"2 minutes\" \/>\n<script type=\"application\/ld+json\" class=\"yoast-schema-graph\">{\"@context\":\"https:\/\/schema.org\",\"@graph\":[{\"@type\":\"WebPage\",\"@id\":\"https:\/\/comptoirphenix.fr\/en\/restaurant-vieux-lyon-quai-de-saone\/breakfast\/\",\"url\":\"https:\/\/comptoirphenix.fr\/en\/restaurant-vieux-lyon-quai-de-saone\/breakfast\/\",\"name\":\"Bistronomic Restaurant Vieux Lyon - Original\",\"isPartOf\":{\"@id\":\"https:\/\/comptoirphenix.fr\/en\/#website\"},\"primaryImageOfPage\":{\"@id\":\"https:\/\/comptoirphenix.fr\/en\/restaurant-vieux-lyon-quai-de-saone\/breakfast\/#primaryimage\"},\"image\":{\"@id\":\"https:\/\/comptoirphenix.fr\/en\/restaurant-vieux-lyon-quai-de-saone\/breakfast\/#primaryimage\"},\"thumbnailUrl\":\"https:\/\/comptoirphenix.fr\/wp-content\/uploads\/sites\/3\/2025\/06\/coffee@4x-e1751373005397.png\",\"datePublished\":\"2025-04-23T08:20:05+00:00\",\"dateModified\":\"2025-07-25T11:30:59+00:00\",\"description\":\"Original and tasty lunch in a bistronomic restaurant in Lyon Saint-Jean. Creative recipes, seasonal produce.\",\"breadcrumb\":{\"@id\":\"https:\/\/comptoirphenix.fr\/en\/restaurant-vieux-lyon-quai-de-saone\/breakfast\/#breadcrumb\"},\"inLanguage\":\"en-US\",\"potentialAction\":[{\"@type\":\"ReadAction\",\"target\":[\"https:\/\/comptoirphenix.fr\/en\/restaurant-vieux-lyon-quai-de-saone\/breakfast\/\"]}]},{\"@type\":\"ImageObject\",\"inLanguage\":\"en-US\",\"@id\":\"https:\/\/comptoirphenix.fr\/en\/restaurant-vieux-lyon-quai-de-saone\/breakfast\/#primaryimage\",\"url\":\"https:\/\/comptoirphenix.fr\/wp-content\/uploads\/sites\/3\/2025\/06\/coffee@4x-e1751373005397.png\",\"contentUrl\":\"https:\/\/comptoirphenix.fr\/wp-content\/uploads\/sites\/3\/2025\/06\/coffee@4x-e1751373005397.png\"},{\"@type\":\"BreadcrumbList\",\"@id\":\"https:\/\/comptoirphenix.fr\/en\/restaurant-vieux-lyon-quai-de-saone\/breakfast\/#breadcrumb\",\"itemListElement\":[{\"@type\":\"ListItem\",\"position\":1,\"name\":\"Home\",\"item\":\"https:\/\/comptoirphenix.fr\/en\/\"},{\"@type\":\"ListItem\",\"position\":2,\"name\":\"the restaurant\",\"item\":\"https:\/\/comptoirphenix.fr\/en\/restaurant-vieux-lyon-quai-de-saone\/\"},{\"@type\":\"ListItem\",\"position\":3,\"name\":\"Breakfast\"}]},{\"@type\":\"WebSite\",\"@id\":\"https:\/\/comptoirphenix.fr\/en\/#website\",\"url\":\"https:\/\/comptoirphenix.fr\/en\/\",\"name\":\"Globe Cecil\",\"description\":\"H\u00f4tel 4 \u00e9toiles \u00e0 Lyon\",\"publisher\":{\"@id\":\"https:\/\/comptoirphenix.fr\/en\/#organization\"},\"potentialAction\":[{\"@type\":\"SearchAction\",\"target\":{\"@type\":\"EntryPoint\",\"urlTemplate\":\"https:\/\/comptoirphenix.fr\/en\/?s={search_term_string}\"},\"query-input\":{\"@type\":\"PropertyValueSpecification\",\"valueRequired\":true,\"valueName\":\"search_term_string\"}}],\"inLanguage\":\"en-US\"},{\"@type\":\"Organization\",\"@id\":\"https:\/\/comptoirphenix.fr\/en\/#organization\",\"name\":\"Globe Cecil\",\"url\":\"https:\/\/comptoirphenix.fr\/en\/\",\"logo\":{\"@type\":\"ImageObject\",\"inLanguage\":\"en-US\",\"@id\":\"https:\/\/comptoirphenix.fr\/en\/#\/schema\/logo\/image\/\",\"url\":\"https:\/\/comptoirphenix.fr\/wp-content\/uploads\/sites\/3\/2025\/05\/LOGO-Comptoir-Phenix-White.svg\",\"contentUrl\":\"https:\/\/comptoirphenix.fr\/wp-content\/uploads\/sites\/3\/2025\/05\/LOGO-Comptoir-Phenix-White.svg\",\"width\":456,\"height\":124,\"caption\":\"Globe Cecil\"},\"image\":{\"@id\":\"https:\/\/comptoirphenix.fr\/en\/#\/schema\/logo\/image\/\"}}]}<\/script>\n<!-- \/ Yoast SEO plugin. -->","yoast_head_json":{"title":"Bistronomic Restaurant Vieux Lyon - Original","description":"Original and tasty lunch in a bistronomic restaurant in Lyon Saint-Jean. Creative recipes, seasonal produce.","robots":{"index":"index","follow":"follow","max-snippet":"max-snippet:-1","max-image-preview":"max-image-preview:large","max-video-preview":"max-video-preview:-1"},"canonical":"https:\/\/comptoirphenix.fr\/en\/restaurant-vieux-lyon-quai-de-saone\/breakfast\/","og_locale":"en_US","og_type":"article","og_title":"Bistronomic Restaurant Vieux Lyon - Original","og_description":"Original and tasty lunch in a bistronomic restaurant in Lyon Saint-Jean. Creative recipes, seasonal produce.","og_url":"https:\/\/comptoirphenix.fr\/en\/restaurant-vieux-lyon-quai-de-saone\/breakfast\/","og_site_name":"Comptoir Phenix","article_modified_time":"2025-07-25T11:30:59+00:00","og_image":[{"url":"https:\/\/comptoirphenix.fr\/wp-content\/uploads\/sites\/3\/2025\/06\/coffee@4x-e1751373005397.png","type":"","width":"","height":""}],"twitter_card":"summary_large_image","twitter_misc":{"Est. reading time":"2 minutes"},"schema":{"@context":"https:\/\/schema.org","@graph":[{"@type":"WebPage","@id":"https:\/\/comptoirphenix.fr\/en\/restaurant-vieux-lyon-quai-de-saone\/breakfast\/","url":"https:\/\/comptoirphenix.fr\/en\/restaurant-vieux-lyon-quai-de-saone\/breakfast\/","name":"Bistronomic Restaurant Vieux Lyon - Original","isPartOf":{"@id":"https:\/\/comptoirphenix.fr\/en\/#website"},"primaryImageOfPage":{"@id":"https:\/\/comptoirphenix.fr\/en\/restaurant-vieux-lyon-quai-de-saone\/breakfast\/#primaryimage"},"image":{"@id":"https:\/\/comptoirphenix.fr\/en\/restaurant-vieux-lyon-quai-de-saone\/breakfast\/#primaryimage"},"thumbnailUrl":"https:\/\/comptoirphenix.fr\/wp-content\/uploads\/sites\/3\/2025\/06\/coffee@4x-e1751373005397.png","datePublished":"2025-04-23T08:20:05+00:00","dateModified":"2025-07-25T11:30:59+00:00","description":"Original and tasty lunch in a bistronomic restaurant in Lyon Saint-Jean. Creative recipes, seasonal produce.","breadcrumb":{"@id":"https:\/\/comptoirphenix.fr\/en\/restaurant-vieux-lyon-quai-de-saone\/breakfast\/#breadcrumb"},"inLanguage":"en-US","potentialAction":[{"@type":"ReadAction","target":["https:\/\/comptoirphenix.fr\/en\/restaurant-vieux-lyon-quai-de-saone\/breakfast\/"]}]},{"@type":"ImageObject","inLanguage":"en-US","@id":"https:\/\/comptoirphenix.fr\/en\/restaurant-vieux-lyon-quai-de-saone\/breakfast\/#primaryimage","url":"https:\/\/comptoirphenix.fr\/wp-content\/uploads\/sites\/3\/2025\/06\/coffee@4x-e1751373005397.png","contentUrl":"https:\/\/comptoirphenix.fr\/wp-content\/uploads\/sites\/3\/2025\/06\/coffee@4x-e1751373005397.png"},{"@type":"BreadcrumbList","@id":"https:\/\/comptoirphenix.fr\/en\/restaurant-vieux-lyon-quai-de-saone\/breakfast\/#breadcrumb","itemListElement":[{"@type":"ListItem","position":1,"name":"Home","item":"https:\/\/comptoirphenix.fr\/en\/"},{"@type":"ListItem","position":2,"name":"the restaurant","item":"https:\/\/comptoirphenix.fr\/en\/restaurant-vieux-lyon-quai-de-saone\/"},{"@type":"ListItem","position":3,"name":"Breakfast"}]},{"@type":"WebSite","@id":"https:\/\/comptoirphenix.fr\/en\/#website","url":"https:\/\/comptoirphenix.fr\/en\/","name":"Globe Cecil","description":"H\u00f4tel 4 \u00e9toiles \u00e0 Lyon","publisher":{"@id":"https:\/\/comptoirphenix.fr\/en\/#organization"},"potentialAction":[{"@type":"SearchAction","target":{"@type":"EntryPoint","urlTemplate":"https:\/\/comptoirphenix.fr\/en\/?s={search_term_string}"},"query-input":{"@type":"PropertyValueSpecification","valueRequired":true,"valueName":"search_term_string"}}],"inLanguage":"en-US"},{"@type":"Organization","@id":"https:\/\/comptoirphenix.fr\/en\/#organization","name":"Globe Cecil","url":"https:\/\/comptoirphenix.fr\/en\/","logo":{"@type":"ImageObject","inLanguage":"en-US","@id":"https:\/\/comptoirphenix.fr\/en\/#\/schema\/logo\/image\/","url":"https:\/\/comptoirphenix.fr\/wp-content\/uploads\/sites\/3\/2025\/05\/LOGO-Comptoir-Phenix-White.svg","contentUrl":"https:\/\/comptoirphenix.fr\/wp-content\/uploads\/sites\/3\/2025\/05\/LOGO-Comptoir-Phenix-White.svg","width":456,"height":124,"caption":"Globe Cecil"},"image":{"@id":"https:\/\/comptoirphenix.fr\/en\/#\/schema\/logo\/image\/"}}]}},"_links":{"self":[{"href":"https:\/\/comptoirphenix.fr\/en\/wp-json\/wp\/v2\/pages\/3962","targetHints":{"allow":["GET"]}}],"collection":[{"href":"https:\/\/comptoirphenix.fr\/en\/wp-json\/wp\/v2\/pages"}],"about":[{"href":"https:\/\/comptoirphenix.fr\/en\/wp-json\/wp\/v2\/types\/page"}],"author":[{"embeddable":true,"href":"https:\/\/comptoirphenix.fr\/en\/wp-json\/wp\/v2\/users\/2"}],"replies":[{"embeddable":true,"href":"https:\/\/comptoirphenix.fr\/en\/wp-json\/wp\/v2\/comments?post=3962"}],"version-history":[{"count":12,"href":"https:\/\/comptoirphenix.fr\/en\/wp-json\/wp\/v2\/pages\/3962\/revisions"}],"predecessor-version":[{"id":6837,"href":"https:\/\/comptoirphenix.fr\/en\/wp-json\/wp\/v2\/pages\/3962\/revisions\/6837"}],"up":[{"embeddable":true,"href":"https:\/\/comptoirphenix.fr\/en\/wp-json\/wp\/v2\/pages\/1808"}],"wp:attachment":[{"href":"https:\/\/comptoirphenix.fr\/en\/wp-json\/wp\/v2\/media?parent=3962"}],"curies":[{"name":"wp","href":"https:\/\/api.w.org\/{rel}","templated":true}]}}