{"id":6740,"date":"2025-07-10T17:35:04","date_gmt":"2025-07-10T15:35:04","guid":{"rendered":"https:\/\/comptoirphenix.fr\/thank-you-for-your-reservation\/"},"modified":"2025-07-15T15:23:15","modified_gmt":"2025-07-15T13:23:15","slug":"thank-you-for-your-reservation","status":"publish","type":"page","link":"https:\/\/comptoirphenix.fr\/en\/thank-you-for-your-reservation\/","title":{"rendered":"Thank you for your reservation!"},"content":{"rendered":"\n<section class=\"heading wp-elements-15c4cd8e3f8e5d990e4cf07a08f13eb1 wp-elements-15c4cd8e3f8e5d990e4cf07a08f13eb1 wp-block-acf-heading has-text-color has-primary-color has-background has-white-100-background-color\">\n\t<div class=\"heading__container\">\n\t\t\t\t\t<div class=\"heading__background-picture\">\n\t\t\t\t<img decoding=\"async\" width=\"1620\" height=\"1080\" src=\"https:\/\/comptoirphenix.fr\/wp-content\/uploads\/sites\/3\/2025\/06\/Restaurant_Comptoir_Phenix4.jpg\" class=\"attachment-full size-full\" alt=\"Restaurant Comptoir Phenix4\" fetchpriority=\"high\" srcset=\"https:\/\/comptoirphenix.fr\/wp-content\/uploads\/sites\/3\/2025\/06\/Restaurant_Comptoir_Phenix4.jpg 1620w, https:\/\/comptoirphenix.fr\/wp-content\/uploads\/sites\/3\/2025\/06\/Restaurant_Comptoir_Phenix4-600x400.jpg 600w, https:\/\/comptoirphenix.fr\/wp-content\/uploads\/sites\/3\/2025\/06\/Restaurant_Comptoir_Phenix4-1400x933.jpg 1400w, https:\/\/comptoirphenix.fr\/wp-content\/uploads\/sites\/3\/2025\/06\/Restaurant_Comptoir_Phenix4-768x512.jpg 768w, https:\/\/comptoirphenix.fr\/wp-content\/uploads\/sites\/3\/2025\/06\/Restaurant_Comptoir_Phenix4-1536x1024.jpg 1536w\" sizes=\"(max-width: 1620px) 100vw, 1620px\" \/>\t\t\t<\/div>\n\t\t\t\t<div class=\"heading__layout\">\n\t\t\t<div class=\"heading__content-wrapper has-white-100-background-color\">\n\t\t\t\t<div class=\"heading__content has-white-100-background-color\">\n\t\t\t\t\t\t\t\t\t<p id=\"breadcrumbs\"><span><span><a href=\"https:\/\/comptoirphenix.fr\/en\/\">Home<\/a><\/span><\/span><\/p>\t\t\t\t\t\t\t\t\t<div class=\"acf-innerblocks-container\">\n\n<div class=\"wp-block-group heading-content-group is-layout-grid wp-container-core-group-is-layout-96b258e4 wp-block-group-is-layout-grid\">\n<h1 class=\"wp-block-heading has-text-align-left heading__title has-primary-color has-text-color has-xx-large-font-size wp-container-content-32a3e683\">\ud83c\udf89 Thank you for your reservation!<\/h1>\n<\/div>\n\n<\/div>\n\t\t\t\t<\/div>\n\t\t\t\t\t\t\t\t<div class=\"heading__illustration illustration-with-parallax desktop-only\">\n\t\t\t\t\t<img decoding=\"async\" width=\"350\" height=\"350\" src=\"https:\/\/comptoirphenix.fr\/wp-content\/uploads\/sites\/3\/2025\/04\/OISEAU-2.png\" class=\"attachment-full size-full\" alt=\"OISEAU 2\" fetchpriority=\"high\" srcset=\"https:\/\/comptoirphenix.fr\/wp-content\/uploads\/sites\/3\/2025\/04\/OISEAU-2.png 350w, https:\/\/comptoirphenix.fr\/wp-content\/uploads\/sites\/3\/2025\/04\/OISEAU-2-300x300.png 300w\" sizes=\"(max-width: 350px) 100vw, 350px\" \/>\t\t\t\t<\/div>\n\t\t\t\t\t\t\t<\/div>\n\t\t<\/div>\n\t<\/div>\n<\/section>\n\n\n\t<section\n\t\tstyle=\"padding-top:var(--wp--preset--spacing--theme-default);padding-bottom:var(--wp--preset--spacing--theme-default);\" class=\"block-container align wp-block-acf-block-container has-background has-white-background-color is-layout-flow wp-block-acf-block-container-is-layout-flow\"\t>\n\n\t\n\n<div class=\"wp-block-group has-global-padding is-layout-constrained wp-container-core-group-is-layout-8f062365 wp-block-group-is-layout-constrained\">\n<p class=\"has-text-align-left has-large-font-size\">We can confirm that your table at Comptoir Ph\u00e9nix has been reserved. We look forward to welcoming you and providing you with a memorable culinary experience. <\/p>\n\n\n\n<p>If you need to modify or cancel your reservation, please do not hesitate to contact us. See you soon at Comptoir Ph\u00e9nix! \ud83c\udf77\ud83e\udd56  <\/p>\n\n\n\n<p>\ud83d\udccd Address:<br\/>Le Comptoir Ph\u00e9nix<br\/>7 quai de Bondy, 69005 Lyon.<\/p>\n\n\n\n<p>\ud83d\udcde Contact:<br\/>Phone: <a href=\"tel:+33(0)478425895\">+33478425895<\/a><br\/>Email: <a href=\"mailto:contact@comptoirphenix.fr\" target=\"_blank\" rel=\"noreferrer noopener\">contact@comptoirphenix.fr<\/a><\/p>\n\n\n\n<p>\u23f0 Opening hours :<\/p>\n\n\n\n<ul class=\"wp-block-list\">\n<li>Breakfast (Monday to Friday 6am-10am, weekends 7am-11am)<\/li>\n\n\n\n<li>Lunchtime (Monday to Friday, 12pm-2pm)<\/li>\n\n\n\n<li>Bar (Monday to Sunday, 6am-9.30pm)<\/li>\n\n\n\n<li>Dinner (by arrangement or for special events)<\/li>\n<\/ul>\n<\/div>\n\n\n\n<\/section>\n","protected":false},"excerpt":{"rendered":"","protected":false},"author":2,"featured_media":0,"parent":0,"menu_order":0,"comment_status":"closed","ping_status":"closed","template":"","meta":{"_acf_changed":false,"inline_featured_image":false,"footnotes":""},"class_list":["post-6740","page","type-page","status-publish","hentry"],"acf":[],"yoast_head":"<!-- This site is optimized with the Yoast SEO plugin v27.5 - https:\/\/yoast.com\/product\/yoast-seo-wordpress\/ -->\n<title>Thank you for your reservation! - Comptoir Phenix<\/title>\n<meta name=\"robots\" content=\"noindex, nofollow\" \/>\n<meta property=\"og:locale\" content=\"en_US\" \/>\n<meta property=\"og:type\" content=\"article\" \/>\n<meta property=\"og:title\" content=\"Thank you for your reservation! - Comptoir Phenix\" \/>\n<meta property=\"og:url\" content=\"https:\/\/comptoirphenix.fr\/en\/thank-you-for-your-reservation\/\" \/>\n<meta property=\"og:site_name\" content=\"Comptoir Phenix\" \/>\n<meta property=\"article:modified_time\" content=\"2025-07-15T13:23:15+00:00\" \/>\n<meta name=\"twitter:card\" content=\"summary_large_image\" \/>\n<meta name=\"twitter:label1\" content=\"Est. reading time\" \/>\n\t<meta name=\"twitter:data1\" content=\"1 minute\" \/>\n<script type=\"application\/ld+json\" class=\"yoast-schema-graph\">{\"@context\":\"https:\\\/\\\/schema.org\",\"@graph\":[{\"@type\":\"WebPage\",\"@id\":\"https:\\\/\\\/comptoirphenix.fr\\\/en\\\/thank-you-for-your-reservation\\\/\",\"url\":\"https:\\\/\\\/comptoirphenix.fr\\\/en\\\/thank-you-for-your-reservation\\\/\",\"name\":\"Thank you for your reservation! - Comptoir Phenix\",\"isPartOf\":{\"@id\":\"https:\\\/\\\/comptoirphenix.fr\\\/en\\\/#website\"},\"datePublished\":\"2025-07-10T15:35:04+00:00\",\"dateModified\":\"2025-07-15T13:23:15+00:00\",\"breadcrumb\":{\"@id\":\"https:\\\/\\\/comptoirphenix.fr\\\/en\\\/thank-you-for-your-reservation\\\/#breadcrumb\"},\"inLanguage\":\"en-US\",\"potentialAction\":[{\"@type\":\"ReadAction\",\"target\":[\"https:\\\/\\\/comptoirphenix.fr\\\/en\\\/thank-you-for-your-reservation\\\/\"]}]},{\"@type\":\"BreadcrumbList\",\"@id\":\"https:\\\/\\\/comptoirphenix.fr\\\/en\\\/thank-you-for-your-reservation\\\/#breadcrumb\",\"itemListElement\":[{\"@type\":\"ListItem\",\"position\":1,\"name\":\"Home\",\"item\":\"https:\\\/\\\/comptoirphenix.fr\\\/en\\\/\"},{\"@type\":\"ListItem\",\"position\":2,\"name\":\"Thank you for your reservation!\"}]},{\"@type\":\"WebSite\",\"@id\":\"https:\\\/\\\/comptoirphenix.fr\\\/en\\\/#website\",\"url\":\"https:\\\/\\\/comptoirphenix.fr\\\/en\\\/\",\"name\":\"Globe Cecil\",\"description\":\"H\u00f4tel 4 \u00e9toiles \u00e0 Lyon\",\"publisher\":{\"@id\":\"https:\\\/\\\/comptoirphenix.fr\\\/en\\\/#organization\"},\"potentialAction\":[{\"@type\":\"SearchAction\",\"target\":{\"@type\":\"EntryPoint\",\"urlTemplate\":\"https:\\\/\\\/comptoirphenix.fr\\\/en\\\/?s={search_term_string}\"},\"query-input\":{\"@type\":\"PropertyValueSpecification\",\"valueRequired\":true,\"valueName\":\"search_term_string\"}}],\"inLanguage\":\"en-US\"},{\"@type\":\"Organization\",\"@id\":\"https:\\\/\\\/comptoirphenix.fr\\\/en\\\/#organization\",\"name\":\"Globe Cecil\",\"url\":\"https:\\\/\\\/comptoirphenix.fr\\\/en\\\/\",\"logo\":{\"@type\":\"ImageObject\",\"inLanguage\":\"en-US\",\"@id\":\"https:\\\/\\\/comptoirphenix.fr\\\/en\\\/#\\\/schema\\\/logo\\\/image\\\/\",\"url\":\"https:\\\/\\\/comptoirphenix.fr\\\/wp-content\\\/uploads\\\/sites\\\/3\\\/2025\\\/05\\\/LOGO-Comptoir-Phenix-White.svg\",\"contentUrl\":\"https:\\\/\\\/comptoirphenix.fr\\\/wp-content\\\/uploads\\\/sites\\\/3\\\/2025\\\/05\\\/LOGO-Comptoir-Phenix-White.svg\",\"width\":456,\"height\":124,\"caption\":\"Globe Cecil\"},\"image\":{\"@id\":\"https:\\\/\\\/comptoirphenix.fr\\\/en\\\/#\\\/schema\\\/logo\\\/image\\\/\"}}]}<\/script>\n<!-- \/ Yoast SEO plugin. -->","yoast_head_json":{"title":"Thank you for your reservation! - Comptoir Phenix","robots":{"index":"noindex","follow":"nofollow"},"og_locale":"en_US","og_type":"article","og_title":"Thank you for your reservation! - Comptoir Phenix","og_url":"https:\/\/comptoirphenix.fr\/en\/thank-you-for-your-reservation\/","og_site_name":"Comptoir Phenix","article_modified_time":"2025-07-15T13:23:15+00:00","twitter_card":"summary_large_image","twitter_misc":{"Est. reading time":"1 minute"},"schema":{"@context":"https:\/\/schema.org","@graph":[{"@type":"WebPage","@id":"https:\/\/comptoirphenix.fr\/en\/thank-you-for-your-reservation\/","url":"https:\/\/comptoirphenix.fr\/en\/thank-you-for-your-reservation\/","name":"Thank you for your reservation! - Comptoir Phenix","isPartOf":{"@id":"https:\/\/comptoirphenix.fr\/en\/#website"},"datePublished":"2025-07-10T15:35:04+00:00","dateModified":"2025-07-15T13:23:15+00:00","breadcrumb":{"@id":"https:\/\/comptoirphenix.fr\/en\/thank-you-for-your-reservation\/#breadcrumb"},"inLanguage":"en-US","potentialAction":[{"@type":"ReadAction","target":["https:\/\/comptoirphenix.fr\/en\/thank-you-for-your-reservation\/"]}]},{"@type":"BreadcrumbList","@id":"https:\/\/comptoirphenix.fr\/en\/thank-you-for-your-reservation\/#breadcrumb","itemListElement":[{"@type":"ListItem","position":1,"name":"Home","item":"https:\/\/comptoirphenix.fr\/en\/"},{"@type":"ListItem","position":2,"name":"Thank you for your reservation!"}]},{"@type":"WebSite","@id":"https:\/\/comptoirphenix.fr\/en\/#website","url":"https:\/\/comptoirphenix.fr\/en\/","name":"Globe Cecil","description":"H\u00f4tel 4 \u00e9toiles \u00e0 Lyon","publisher":{"@id":"https:\/\/comptoirphenix.fr\/en\/#organization"},"potentialAction":[{"@type":"SearchAction","target":{"@type":"EntryPoint","urlTemplate":"https:\/\/comptoirphenix.fr\/en\/?s={search_term_string}"},"query-input":{"@type":"PropertyValueSpecification","valueRequired":true,"valueName":"search_term_string"}}],"inLanguage":"en-US"},{"@type":"Organization","@id":"https:\/\/comptoirphenix.fr\/en\/#organization","name":"Globe Cecil","url":"https:\/\/comptoirphenix.fr\/en\/","logo":{"@type":"ImageObject","inLanguage":"en-US","@id":"https:\/\/comptoirphenix.fr\/en\/#\/schema\/logo\/image\/","url":"https:\/\/comptoirphenix.fr\/wp-content\/uploads\/sites\/3\/2025\/05\/LOGO-Comptoir-Phenix-White.svg","contentUrl":"https:\/\/comptoirphenix.fr\/wp-content\/uploads\/sites\/3\/2025\/05\/LOGO-Comptoir-Phenix-White.svg","width":456,"height":124,"caption":"Globe Cecil"},"image":{"@id":"https:\/\/comptoirphenix.fr\/en\/#\/schema\/logo\/image\/"}}]}},"_links":{"self":[{"href":"https:\/\/comptoirphenix.fr\/en\/wp-json\/wp\/v2\/pages\/6740","targetHints":{"allow":["GET"]}}],"collection":[{"href":"https:\/\/comptoirphenix.fr\/en\/wp-json\/wp\/v2\/pages"}],"about":[{"href":"https:\/\/comptoirphenix.fr\/en\/wp-json\/wp\/v2\/types\/page"}],"author":[{"embeddable":true,"href":"https:\/\/comptoirphenix.fr\/en\/wp-json\/wp\/v2\/users\/2"}],"replies":[{"embeddable":true,"href":"https:\/\/comptoirphenix.fr\/en\/wp-json\/wp\/v2\/comments?post=6740"}],"version-history":[{"count":1,"href":"https:\/\/comptoirphenix.fr\/en\/wp-json\/wp\/v2\/pages\/6740\/revisions"}],"predecessor-version":[{"id":6741,"href":"https:\/\/comptoirphenix.fr\/en\/wp-json\/wp\/v2\/pages\/6740\/revisions\/6741"}],"wp:attachment":[{"href":"https:\/\/comptoirphenix.fr\/en\/wp-json\/wp\/v2\/media?parent=6740"}],"curies":[{"name":"wp","href":"https:\/\/api.w.org\/{rel}","templated":true}]}}