{"id":7169,"date":"2025-10-31T12:09:08","date_gmt":"2025-10-31T11:09:08","guid":{"rendered":"https:\/\/comptoirphenix.fr\/snack\/"},"modified":"2025-11-04T09:23:49","modified_gmt":"2025-11-04T08:23:49","slug":"snack","status":"publish","type":"page","link":"https:\/\/comptoirphenix.fr\/en\/snack\/","title":{"rendered":"The snack"},"content":{"rendered":"\n<section class=\"heading wp-elements-059642fd3a4bfd7e637aa1286dc863b7 wp-elements-059642fd3a4bfd7e637aa1286dc863b7 wp-block-acf-heading has-text-color has-primary-color has-background has-white-100-background-color\">\n\t<div class=\"heading__container\">\n\t\t\t\t\t<div class=\"heading__background-picture\">\n\t\t\t\t<img decoding=\"async\" width=\"1620\" height=\"1080\" src=\"https:\/\/comptoirphenix.fr\/wp-content\/uploads\/sites\/3\/2025\/10\/coworking-lyon2.jpg\" class=\"attachment-full size-full\" alt=\"coworking lyon2\" fetchpriority=\"high\" srcset=\"https:\/\/comptoirphenix.fr\/wp-content\/uploads\/sites\/3\/2025\/10\/coworking-lyon2.jpg 1620w, https:\/\/comptoirphenix.fr\/wp-content\/uploads\/sites\/3\/2025\/10\/coworking-lyon2-600x400.jpg 600w, https:\/\/comptoirphenix.fr\/wp-content\/uploads\/sites\/3\/2025\/10\/coworking-lyon2-1400x933.jpg 1400w, https:\/\/comptoirphenix.fr\/wp-content\/uploads\/sites\/3\/2025\/10\/coworking-lyon2-768x512.jpg 768w, https:\/\/comptoirphenix.fr\/wp-content\/uploads\/sites\/3\/2025\/10\/coworking-lyon2-1536x1024.jpg 1536w\" sizes=\"(max-width: 1620px) 100vw, 1620px\" \/>\t\t\t<\/div>\n\t\t\t\t<div class=\"heading__layout\">\n\t\t\t<div class=\"heading__content-wrapper has-white-100-background-color\">\n\t\t\t\t<div class=\"heading__content has-white-100-background-color\">\n\t\t\t\t\t\t\t\t\t<p id=\"breadcrumbs\"><span><span><a href=\"https:\/\/comptoirphenix.fr\/en\/\">Home<\/a><\/span><\/span><\/p>\t\t\t\t\t\t\t\t\t<div class=\"acf-innerblocks-container\">\n\n<div class=\"wp-block-group heading-content-group is-layout-grid wp-container-core-group-is-layout-96b258e4 wp-block-group-is-layout-grid\">\n<h1 class=\"wp-block-heading has-text-align-left heading__title has-primary-color has-text-color has-xx-large-font-size wp-container-content-32a3e683\">The snack<\/h1>\n\n\n\n<p class=\"heading__chapo has-primary-color has-text-color\">Monday to Saturday &#8211; 3pm to 5pm<\/p>\n<\/div>\n\n<\/div>\n\t\t\t\t<\/div>\n\t\t\t\t\t\t\t<\/div>\n\t\t<\/div>\n\t<\/div>\n<\/section>\n\n\n\t<section\n\t\tstyle=\"padding-top:var(--wp--preset--spacing--theme-default);padding-bottom:var(--wp--preset--spacing--theme-default);\" class=\"double-columns wp-block-acf-double-columns has-background has-white-background-color has-global-padding is-layout-constrained wp-container-acf-double-columns-is-layout-a22d0bdd wp-block-acf-double-columns-is-layout-constrained\"\t>\n\n<div class=\"double-columns__innerblocks\">\n\n<div class=\"wp-block-group is-vertical is-content-justification-stretch is-layout-flex wp-container-core-group-is-layout-5621715d wp-block-group-is-layout-flex\">\n<div class=\"wp-block-group is-vertical is-content-justification-center is-layout-flex wp-container-core-group-is-layout-a5abbfc6 wp-block-group-is-layout-flex\" style=\"padding-top:0;padding-right:0;padding-bottom:var(--wp--preset--spacing--theme-s);padding-left:0\">\n<figure class=\"wp-block-image size-full is-resized\"><img decoding=\"async\" width=\"350\" height=\"350\" src=\"https:\/\/comptoircecil.com\/wp-content\/uploads\/sites\/4\/2025\/04\/GATEAU.png\" alt=\"GATEAU\" class=\"wp-image-2290\" style=\"width:170px\" srcset=\"https:\/\/comptoirphenix.fr\/wp-content\/uploads\/sites\/3\/2025\/04\/GATEAU.png 350w, https:\/\/comptoirphenix.fr\/wp-content\/uploads\/sites\/3\/2025\/04\/GATEAU-300x300.png 300w\" sizes=\"(max-width: 350px) 100vw, 350px\" \/><\/figure>\n<\/div>\n\n\n\n<p class=\"has-text-align-left\">Just a bridge away from Place des Terreaux, in the heart of Vieux Lyon, <strong>Comptoir Ph\u00e9nix<\/strong> welcomes you for a sweet, gourmet break.<\/p>\n\n\n\n<p>Take a seat in our cosy dining room or on the terrace, and let yourself be tempted by our <strong>homemade sweets<\/strong>: melt-in-your-mouth cookies, marbled cookies, soft madeleines, delicate tarts&#8230;<br\/>The selection varies according to mood and season, always prepared with care by our passionate team.<\/p>\n\n\n\n<ul class=\"wp-block-list\">\n<li><strong>1 drink (from the current selection) + 1 pastry &#8211; \u20ac8.50<\/strong><\/li>\n<\/ul>\n<\/div>\n\n\n\n<div class=\"wp-block-group is-layout-flow wp-block-group-is-layout-flow\">\n<figure class=\"wp-block-image size-full\"><img decoding=\"async\" width=\"720\" height=\"1080\" src=\"https:\/\/comptoirphenix.fr\/wp-content\/uploads\/sites\/3\/2025\/10\/coworking-lyon7.jpg\" alt=\"coworking lyon7\" class=\"wp-image-7178\" style=\"aspect-ratio:3\/4;object-fit:cover\" srcset=\"https:\/\/comptoirphenix.fr\/wp-content\/uploads\/sites\/3\/2025\/10\/coworking-lyon7.jpg 720w, https:\/\/comptoirphenix.fr\/wp-content\/uploads\/sites\/3\/2025\/10\/coworking-lyon7-400x600.jpg 400w\" sizes=\"(max-width: 720px) 100vw, 720px\" \/><\/figure>\n<\/div>\n\n<\/div>\n\n<\/section>\n\n\t<section\n\t\tstyle=\"padding-top:var(--wp--preset--spacing--theme-default);padding-bottom:var(--wp--preset--spacing--theme-default);\" class=\"block-container align wp-block-acf-block-container has-background has-white-100-background-color has-global-padding is-layout-constrained wp-container-acf-block-container-is-layout-89fc666d wp-block-acf-block-container-is-layout-constrained\"\t>\n\n\t\n\n<h3 class=\"wp-block-heading has-text-align-center\">A taste for the homemade.<\/h3>\n\n\n\n<div\nclass=\"slider slider__is-gallery alignfull wp-block-acf-slider\" id=\"slider-id-1\" data-gallery-id=\"gallery-slider-id-1\">\n\t<div class=\"wp-block-group\n\t\t\tswiper\">\n\t\t<div class=\"swiper-wrapper slider__innerblocks\">\n\t\t\t<div\n\t\tclass=\"card swiper-slide wp-block-acf-card\" id=\"card-id--1\"\t\t>\n\t\n\t\t\t\t\t\t<a href=\"https:\/\/comptoirphenix.fr\/wp-content\/uploads\/sites\/3\/2025\/10\/coworking-lyon3.jpg\" data-fancybox=\"gallery\" data-caption=\"coworking lyon3\"\n\t\t\t>\n\t\t\t\t<img decoding=\"async\" width=\"720\" height=\"1080\" src=\"https:\/\/comptoirphenix.fr\/wp-content\/uploads\/sites\/3\/2025\/10\/coworking-lyon3.jpg\" class=\"card__image\" alt=\"coworking lyon3\" srcset=\"https:\/\/comptoirphenix.fr\/wp-content\/uploads\/sites\/3\/2025\/10\/coworking-lyon3.jpg 720w, https:\/\/comptoirphenix.fr\/wp-content\/uploads\/sites\/3\/2025\/10\/coworking-lyon3-400x600.jpg 400w\" sizes=\"(max-width: 720px) 100vw, 720px\" \/>\t\t\t\t\t<\/a>\n\t\t\t\n\t\t<\/div>\n\t\n\n\t\t\t<div\n\t\tclass=\"card swiper-slide wp-block-acf-card\" id=\"card-id--2\"\t\t>\n\t\n\t\t\t\t\t\t<a href=\"https:\/\/comptoirphenix.fr\/wp-content\/uploads\/sites\/3\/2025\/10\/coworking-lyon5.jpg\" data-fancybox=\"gallery\" data-caption=\"coworking lyon5\"\n\t\t\t>\n\t\t\t\t<img decoding=\"async\" width=\"720\" height=\"1080\" src=\"https:\/\/comptoirphenix.fr\/wp-content\/uploads\/sites\/3\/2025\/10\/coworking-lyon5.jpg\" class=\"card__image\" alt=\"coworking lyon5\" srcset=\"https:\/\/comptoirphenix.fr\/wp-content\/uploads\/sites\/3\/2025\/10\/coworking-lyon5.jpg 720w, https:\/\/comptoirphenix.fr\/wp-content\/uploads\/sites\/3\/2025\/10\/coworking-lyon5-400x600.jpg 400w\" sizes=\"(max-width: 720px) 100vw, 720px\" \/>\t\t\t\t\t<\/a>\n\t\t\t\n\t\t<\/div>\n\t\n\n\t\t\t<div\n\t\tclass=\"card swiper-slide wp-block-acf-card\" id=\"card-id--3\"\t\t>\n\t\n\t\t\t\t\t\t<a href=\"https:\/\/comptoirphenix.fr\/wp-content\/uploads\/sites\/3\/2025\/10\/coworking-lyon6.jpg\" data-fancybox=\"gallery\" data-caption=\"coworking lyon6\"\n\t\t\t>\n\t\t\t\t<img decoding=\"async\" width=\"720\" height=\"1080\" src=\"https:\/\/comptoirphenix.fr\/wp-content\/uploads\/sites\/3\/2025\/10\/coworking-lyon6.jpg\" class=\"card__image\" alt=\"coworking lyon6\" srcset=\"https:\/\/comptoirphenix.fr\/wp-content\/uploads\/sites\/3\/2025\/10\/coworking-lyon6.jpg 720w, https:\/\/comptoirphenix.fr\/wp-content\/uploads\/sites\/3\/2025\/10\/coworking-lyon6-400x600.jpg 400w\" sizes=\"(max-width: 720px) 100vw, 720px\" \/>\t\t\t\t\t<\/a>\n\t\t\t\n\t\t<\/div>\n\t\n\n\t\t\t<div\n\t\tclass=\"card swiper-slide wp-block-acf-card\" id=\"card-id--4\"\t\t>\n\t\n\t\t\t\t\t\t<a href=\"https:\/\/comptoirphenix.fr\/wp-content\/uploads\/sites\/3\/2025\/10\/coworking-lyon4.jpg\" data-fancybox=\"gallery\" data-caption=\"coworking lyon4\"\n\t\t\t>\n\t\t\t\t<img decoding=\"async\" width=\"720\" height=\"1080\" src=\"https:\/\/comptoirphenix.fr\/wp-content\/uploads\/sites\/3\/2025\/10\/coworking-lyon4.jpg\" class=\"card__image\" alt=\"coworking lyon4\" srcset=\"https:\/\/comptoirphenix.fr\/wp-content\/uploads\/sites\/3\/2025\/10\/coworking-lyon4.jpg 720w, https:\/\/comptoirphenix.fr\/wp-content\/uploads\/sites\/3\/2025\/10\/coworking-lyon4-400x600.jpg 400w\" sizes=\"(max-width: 720px) 100vw, 720px\" \/>\t\t\t\t\t<\/a>\n\t\t\t\n\t\t<\/div>\n\t\n\n\t\t\t<div\n\t\tclass=\"card swiper-slide wp-block-acf-card\" id=\"card-id--5\"\t\t>\n\t\n\t\t\t\t\t\t<a href=\"https:\/\/comptoirphenix.fr\/wp-content\/uploads\/sites\/3\/2025\/10\/ou_gouter_a_lyon.jpg\" data-fancybox=\"gallery\" data-caption=\"ou\u0300 gouter a lyon\"\n\t\t\t>\n\t\t\t\t<img decoding=\"async\" width=\"720\" height=\"1080\" src=\"https:\/\/comptoirphenix.fr\/wp-content\/uploads\/sites\/3\/2025\/10\/ou_gouter_a_lyon.jpg\" class=\"card__image\" alt=\"ou\u0300 gouter a lyon\" srcset=\"https:\/\/comptoirphenix.fr\/wp-content\/uploads\/sites\/3\/2025\/10\/ou_gouter_a_lyon.jpg 720w, https:\/\/comptoirphenix.fr\/wp-content\/uploads\/sites\/3\/2025\/10\/ou_gouter_a_lyon-400x600.jpg 400w\" sizes=\"(max-width: 720px) 100vw, 720px\" \/>\t\t\t\t\t<\/a>\n\t\t\t\n\t\t<\/div>\n\t\n\n\t\t\t<div\n\t\tclass=\"card swiper-slide wp-block-acf-card\" id=\"card-id--6\"\t\t>\n\t\n\t\t\t\t\t\t<a href=\"https:\/\/comptoirphenix.fr\/wp-content\/uploads\/sites\/3\/2025\/10\/gouterlyon-e1761916497867.jpg\" data-fancybox=\"gallery\" data-caption=\"gouterlyon\"\n\t\t\t>\n\t\t\t\t<img decoding=\"async\" width=\"1400\" height=\"933\" src=\"https:\/\/comptoirphenix.fr\/wp-content\/uploads\/sites\/3\/2025\/10\/gouterlyon-1400x933.jpg\" class=\"card__image\" alt=\"gouterlyon\" srcset=\"https:\/\/comptoirphenix.fr\/wp-content\/uploads\/sites\/3\/2025\/10\/gouterlyon-1400x933.jpg 1400w, https:\/\/comptoirphenix.fr\/wp-content\/uploads\/sites\/3\/2025\/10\/gouterlyon-600x400.jpg 600w, https:\/\/comptoirphenix.fr\/wp-content\/uploads\/sites\/3\/2025\/10\/gouterlyon-768x512.jpg 768w, https:\/\/comptoirphenix.fr\/wp-content\/uploads\/sites\/3\/2025\/10\/gouterlyon-1536x1024.jpg 1536w, https:\/\/comptoirphenix.fr\/wp-content\/uploads\/sites\/3\/2025\/10\/gouterlyon.jpg 1620w\" sizes=\"(max-width: 1400px) 100vw, 1400px\" \/>\t\t\t\t\t<\/a>\n\t\t\t\n\t\t<\/div>\n\t\n\n\t\t\t<div\n\t\tclass=\"card swiper-slide wp-block-acf-card\" id=\"card-id--7\"\t\t>\n\t\n\t\t\t\t\t\t<a href=\"\" data-fancybox=\"gallery\" data-caption=\"\"\n\t\t\t>\n\t\t\t\t\t\t\t\t\t<\/a>\n\t\t\t\n\t\t<\/div>\n\t\n<\/div>\n\t\t\t\t<div class=\"button-prev\">\n\t\t\t<svg xmlns=\"http:\/\/www.w3.org\/2000\/svg\" viewBox=\"0 0 448 512\">\n\t\t\t\t<path\n\t\t\t\t\td=\"M12.7 244.7L1.4 256l11.3 11.3 168 168L192 446.6 214.6 424l-11.3-11.3L62.6 272 432 272l16 0 0-32-16 0L62.6 240 203.3 99.3 214.6 88 192 65.4 180.7 76.7l-168 168z\" \/>\n\t\t\t<\/svg>\n\t\t<\/div>\n\t\t<div class=\"button-next\">\n\t\t\t<svg xmlns=\"http:\/\/www.w3.org\/2000\/svg\" viewBox=\"0 0 448 512\">\n\t\t\t\t<path\n\t\t\t\t\td=\"M435.3 267.3L446.6 256l-11.3-11.3-168-168L256 65.4 233.4 88l11.3 11.3L385.4 240 16 240 0 240l0 32 16 0 369.4 0L244.7 412.7 233.4 424 256 446.6l11.3-11.3 168-168z\" \/>\n\t\t\t<\/svg>\n\t\t<\/div>\n\t\t\t<\/div><!-- .swiper -->\n\n\t\t<div id=\"slider__gallery-button--slider-id-1\"\n\t\tclass=\"slider__gallery-button wp-block-button is-style-label-button is-style-label-button--5\"\n\t\tdata-gallery-trigger=\"gallery-slider-id-1\">\n\t\t<a class=\"wp-block-button__link wp-element-button\">Open photo gallery<\/a>\n\t<\/div>\n\t<\/div>\n\n\n\n<\/section>\n\n\t<section\n\t\tstyle=\"padding-top:var(--wp--preset--spacing--theme-default);padding-bottom:var(--wp--preset--spacing--theme-default);\" class=\"double-columns wp-block-acf-double-columns has-background has-white-background-color has-global-padding is-layout-constrained wp-container-acf-double-columns-is-layout-468cbe0c wp-block-acf-double-columns-is-layout-constrained\"\t>\n\n<div class=\"double-columns__innerblocks\">\n\n<div class=\"wp-block-group is-vertical is-layout-flex wp-container-core-group-is-layout-99e95872 wp-block-group-is-layout-flex\">\n<figure class=\"wp-block-image size-full\"><img decoding=\"async\" src=\"https:\/\/comptoircecil.com\/wp-content\/uploads\/sites\/4\/2025\/06\/meilleurs-tea-time-lyon1.jpg\" alt=\"best tea times lyon1\" class=\"wp-image-5903\" style=\"aspect-ratio:3\/4;object-fit:cover\"\/><\/figure>\n<\/div>\n\n\n\n<div class=\"wp-block-group is-vertical is-layout-flex wp-container-core-group-is-layout-99e95872 wp-block-group-is-layout-flex\">\n<h3 class=\"wp-block-heading\">3&#8230;2&#8230;1&#8230; Sip!<\/h3>\n\n\n\n<p>When it comes to beverages, our bar has nothing to envy from a tea room, with a selection of teas, artisan infusions, coffees (hot and cold), lemonades and fruit juices, to be enjoyed in a warm and friendly atmosphere. Just the thing to accompany your homemade treats! <\/p>\n<\/div>\n\n<\/div>\n\n<\/section>\n","protected":false},"excerpt":{"rendered":"","protected":false},"author":2,"featured_media":0,"parent":1808,"menu_order":0,"comment_status":"closed","ping_status":"closed","template":"","meta":{"_acf_changed":false,"inline_featured_image":false,"footnotes":""},"class_list":["post-7169","page","type-page","status-publish","hentry"],"acf":[],"yoast_head":"<!-- This site is optimized with the Yoast SEO plugin v27.2 - https:\/\/yoast.com\/product\/yoast-seo-wordpress\/ -->\n<title>The snack - Comptoir Phenix<\/title>\n<meta name=\"robots\" content=\"index, follow, max-snippet:-1, max-image-preview:large, max-video-preview:-1\" \/>\n<link rel=\"canonical\" href=\"https:\/\/comptoirphenix.fr\/en\/snack\/\" \/>\n<meta property=\"og:locale\" content=\"en_US\" \/>\n<meta property=\"og:type\" content=\"article\" \/>\n<meta property=\"og:title\" content=\"The snack - Comptoir Phenix\" \/>\n<meta property=\"og:url\" content=\"https:\/\/comptoirphenix.fr\/en\/snack\/\" \/>\n<meta property=\"og:site_name\" content=\"Comptoir Phenix\" \/>\n<meta property=\"article:modified_time\" content=\"2025-11-04T08:23:49+00:00\" \/>\n<meta property=\"og:image\" content=\"https:\/\/comptoircecil.com\/wp-content\/uploads\/sites\/4\/2025\/04\/GATEAU.png\" \/>\n<meta name=\"twitter:card\" content=\"summary_large_image\" \/>\n<meta name=\"twitter:label1\" content=\"Est. reading time\" \/>\n\t<meta name=\"twitter:data1\" content=\"1 minute\" \/>\n<script type=\"application\/ld+json\" class=\"yoast-schema-graph\">{\"@context\":\"https:\/\/schema.org\",\"@graph\":[{\"@type\":\"WebPage\",\"@id\":\"https:\/\/comptoirphenix.fr\/en\/snack\/\",\"url\":\"https:\/\/comptoirphenix.fr\/en\/snack\/\",\"name\":\"The snack - Comptoir Phenix\",\"isPartOf\":{\"@id\":\"https:\/\/comptoirphenix.fr\/en\/#website\"},\"primaryImageOfPage\":{\"@id\":\"https:\/\/comptoirphenix.fr\/en\/snack\/#primaryimage\"},\"image\":{\"@id\":\"https:\/\/comptoirphenix.fr\/en\/snack\/#primaryimage\"},\"thumbnailUrl\":\"https:\/\/comptoircecil.com\/wp-content\/uploads\/sites\/4\/2025\/04\/GATEAU.png\",\"datePublished\":\"2025-10-31T11:09:08+00:00\",\"dateModified\":\"2025-11-04T08:23:49+00:00\",\"breadcrumb\":{\"@id\":\"https:\/\/comptoirphenix.fr\/en\/snack\/#breadcrumb\"},\"inLanguage\":\"en-US\",\"potentialAction\":[{\"@type\":\"ReadAction\",\"target\":[\"https:\/\/comptoirphenix.fr\/en\/snack\/\"]}]},{\"@type\":\"ImageObject\",\"inLanguage\":\"en-US\",\"@id\":\"https:\/\/comptoirphenix.fr\/en\/snack\/#primaryimage\",\"url\":\"https:\/\/comptoircecil.com\/wp-content\/uploads\/sites\/4\/2025\/04\/GATEAU.png\",\"contentUrl\":\"https:\/\/comptoircecil.com\/wp-content\/uploads\/sites\/4\/2025\/04\/GATEAU.png\"},{\"@type\":\"BreadcrumbList\",\"@id\":\"https:\/\/comptoirphenix.fr\/en\/snack\/#breadcrumb\",\"itemListElement\":[{\"@type\":\"ListItem\",\"position\":1,\"name\":\"Home\",\"item\":\"https:\/\/comptoirphenix.fr\/en\/\"},{\"@type\":\"ListItem\",\"position\":2,\"name\":\"the restaurant\",\"item\":\"https:\/\/comptoirphenix.fr\/en\/restaurant-vieux-lyon-quai-de-saone\/\"},{\"@type\":\"ListItem\",\"position\":3,\"name\":\"The snack\"}]},{\"@type\":\"WebSite\",\"@id\":\"https:\/\/comptoirphenix.fr\/en\/#website\",\"url\":\"https:\/\/comptoirphenix.fr\/en\/\",\"name\":\"Globe Cecil\",\"description\":\"H\u00f4tel 4 \u00e9toiles \u00e0 Lyon\",\"publisher\":{\"@id\":\"https:\/\/comptoirphenix.fr\/en\/#organization\"},\"potentialAction\":[{\"@type\":\"SearchAction\",\"target\":{\"@type\":\"EntryPoint\",\"urlTemplate\":\"https:\/\/comptoirphenix.fr\/en\/?s={search_term_string}\"},\"query-input\":{\"@type\":\"PropertyValueSpecification\",\"valueRequired\":true,\"valueName\":\"search_term_string\"}}],\"inLanguage\":\"en-US\"},{\"@type\":\"Organization\",\"@id\":\"https:\/\/comptoirphenix.fr\/en\/#organization\",\"name\":\"Globe Cecil\",\"url\":\"https:\/\/comptoirphenix.fr\/en\/\",\"logo\":{\"@type\":\"ImageObject\",\"inLanguage\":\"en-US\",\"@id\":\"https:\/\/comptoirphenix.fr\/en\/#\/schema\/logo\/image\/\",\"url\":\"https:\/\/comptoirphenix.fr\/wp-content\/uploads\/sites\/3\/2025\/05\/LOGO-Comptoir-Phenix-White.svg\",\"contentUrl\":\"https:\/\/comptoirphenix.fr\/wp-content\/uploads\/sites\/3\/2025\/05\/LOGO-Comptoir-Phenix-White.svg\",\"width\":456,\"height\":124,\"caption\":\"Globe Cecil\"},\"image\":{\"@id\":\"https:\/\/comptoirphenix.fr\/en\/#\/schema\/logo\/image\/\"}}]}<\/script>\n<!-- \/ Yoast SEO plugin. -->","yoast_head_json":{"title":"The snack - Comptoir Phenix","robots":{"index":"index","follow":"follow","max-snippet":"max-snippet:-1","max-image-preview":"max-image-preview:large","max-video-preview":"max-video-preview:-1"},"canonical":"https:\/\/comptoirphenix.fr\/en\/snack\/","og_locale":"en_US","og_type":"article","og_title":"The snack - Comptoir Phenix","og_url":"https:\/\/comptoirphenix.fr\/en\/snack\/","og_site_name":"Comptoir Phenix","article_modified_time":"2025-11-04T08:23:49+00:00","og_image":[{"url":"https:\/\/comptoircecil.com\/wp-content\/uploads\/sites\/4\/2025\/04\/GATEAU.png","type":"","width":"","height":""}],"twitter_card":"summary_large_image","twitter_misc":{"Est. reading time":"1 minute"},"schema":{"@context":"https:\/\/schema.org","@graph":[{"@type":"WebPage","@id":"https:\/\/comptoirphenix.fr\/en\/snack\/","url":"https:\/\/comptoirphenix.fr\/en\/snack\/","name":"The snack - Comptoir Phenix","isPartOf":{"@id":"https:\/\/comptoirphenix.fr\/en\/#website"},"primaryImageOfPage":{"@id":"https:\/\/comptoirphenix.fr\/en\/snack\/#primaryimage"},"image":{"@id":"https:\/\/comptoirphenix.fr\/en\/snack\/#primaryimage"},"thumbnailUrl":"https:\/\/comptoircecil.com\/wp-content\/uploads\/sites\/4\/2025\/04\/GATEAU.png","datePublished":"2025-10-31T11:09:08+00:00","dateModified":"2025-11-04T08:23:49+00:00","breadcrumb":{"@id":"https:\/\/comptoirphenix.fr\/en\/snack\/#breadcrumb"},"inLanguage":"en-US","potentialAction":[{"@type":"ReadAction","target":["https:\/\/comptoirphenix.fr\/en\/snack\/"]}]},{"@type":"ImageObject","inLanguage":"en-US","@id":"https:\/\/comptoirphenix.fr\/en\/snack\/#primaryimage","url":"https:\/\/comptoircecil.com\/wp-content\/uploads\/sites\/4\/2025\/04\/GATEAU.png","contentUrl":"https:\/\/comptoircecil.com\/wp-content\/uploads\/sites\/4\/2025\/04\/GATEAU.png"},{"@type":"BreadcrumbList","@id":"https:\/\/comptoirphenix.fr\/en\/snack\/#breadcrumb","itemListElement":[{"@type":"ListItem","position":1,"name":"Home","item":"https:\/\/comptoirphenix.fr\/en\/"},{"@type":"ListItem","position":2,"name":"the restaurant","item":"https:\/\/comptoirphenix.fr\/en\/restaurant-vieux-lyon-quai-de-saone\/"},{"@type":"ListItem","position":3,"name":"The snack"}]},{"@type":"WebSite","@id":"https:\/\/comptoirphenix.fr\/en\/#website","url":"https:\/\/comptoirphenix.fr\/en\/","name":"Globe Cecil","description":"H\u00f4tel 4 \u00e9toiles \u00e0 Lyon","publisher":{"@id":"https:\/\/comptoirphenix.fr\/en\/#organization"},"potentialAction":[{"@type":"SearchAction","target":{"@type":"EntryPoint","urlTemplate":"https:\/\/comptoirphenix.fr\/en\/?s={search_term_string}"},"query-input":{"@type":"PropertyValueSpecification","valueRequired":true,"valueName":"search_term_string"}}],"inLanguage":"en-US"},{"@type":"Organization","@id":"https:\/\/comptoirphenix.fr\/en\/#organization","name":"Globe Cecil","url":"https:\/\/comptoirphenix.fr\/en\/","logo":{"@type":"ImageObject","inLanguage":"en-US","@id":"https:\/\/comptoirphenix.fr\/en\/#\/schema\/logo\/image\/","url":"https:\/\/comptoirphenix.fr\/wp-content\/uploads\/sites\/3\/2025\/05\/LOGO-Comptoir-Phenix-White.svg","contentUrl":"https:\/\/comptoirphenix.fr\/wp-content\/uploads\/sites\/3\/2025\/05\/LOGO-Comptoir-Phenix-White.svg","width":456,"height":124,"caption":"Globe Cecil"},"image":{"@id":"https:\/\/comptoirphenix.fr\/en\/#\/schema\/logo\/image\/"}}]}},"_links":{"self":[{"href":"https:\/\/comptoirphenix.fr\/en\/wp-json\/wp\/v2\/pages\/7169","targetHints":{"allow":["GET"]}}],"collection":[{"href":"https:\/\/comptoirphenix.fr\/en\/wp-json\/wp\/v2\/pages"}],"about":[{"href":"https:\/\/comptoirphenix.fr\/en\/wp-json\/wp\/v2\/types\/page"}],"author":[{"embeddable":true,"href":"https:\/\/comptoirphenix.fr\/en\/wp-json\/wp\/v2\/users\/2"}],"replies":[{"embeddable":true,"href":"https:\/\/comptoirphenix.fr\/en\/wp-json\/wp\/v2\/comments?post=7169"}],"version-history":[{"count":4,"href":"https:\/\/comptoirphenix.fr\/en\/wp-json\/wp\/v2\/pages\/7169\/revisions"}],"predecessor-version":[{"id":7228,"href":"https:\/\/comptoirphenix.fr\/en\/wp-json\/wp\/v2\/pages\/7169\/revisions\/7228"}],"up":[{"embeddable":true,"href":"https:\/\/comptoirphenix.fr\/en\/wp-json\/wp\/v2\/pages\/1808"}],"wp:attachment":[{"href":"https:\/\/comptoirphenix.fr\/en\/wp-json\/wp\/v2\/media?parent=7169"}],"curies":[{"name":"wp","href":"https:\/\/api.w.org\/{rel}","templated":true}]}}