{"id":7586,"date":"2026-05-11T17:35:39","date_gmt":"2026-05-11T15:35:39","guid":{"rendered":"https:\/\/comptoirphenix.fr\/site-map\/"},"modified":"2026-05-11T17:36:01","modified_gmt":"2026-05-11T15:36:01","slug":"site-map","status":"publish","type":"page","link":"https:\/\/comptoirphenix.fr\/en\/site-map\/","title":{"rendered":"Site map"},"content":{"rendered":"\n<section class=\"heading wp-elements-142c8c5377dc4be09c961ffef0250c3c wp-elements-142c8c5377dc4be09c961ffef0250c3c wp-block-acf-heading has-text-color has-primary-color has-background has-white-100-background-color\">\n\t<div class=\"heading__container\">\n\t\t\t\t\t<div class=\"heading__background-picture\">\n\t\t\t\t<img decoding=\"async\" width=\"1920\" height=\"1280\" src=\"https:\/\/comptoirphenix.fr\/wp-content\/uploads\/sites\/3\/2025\/03\/meilleur-hotel-de-lyon-centre.jpg\" class=\"attachment-full size-full\" alt=\"meilleur hotel de lyon centre\" fetchpriority=\"high\" srcset=\"https:\/\/comptoirphenix.fr\/wp-content\/uploads\/sites\/3\/2025\/03\/meilleur-hotel-de-lyon-centre.jpg 1920w, https:\/\/comptoirphenix.fr\/wp-content\/uploads\/sites\/3\/2025\/03\/meilleur-hotel-de-lyon-centre-300x200.jpg 300w, https:\/\/comptoirphenix.fr\/wp-content\/uploads\/sites\/3\/2025\/03\/meilleur-hotel-de-lyon-centre-1024x683.jpg 1024w, https:\/\/comptoirphenix.fr\/wp-content\/uploads\/sites\/3\/2025\/03\/meilleur-hotel-de-lyon-centre-768x512.jpg 768w, https:\/\/comptoirphenix.fr\/wp-content\/uploads\/sites\/3\/2025\/03\/meilleur-hotel-de-lyon-centre-1536x1024.jpg 1536w\" sizes=\"(max-width: 1920px) 100vw, 1920px\" \/>\t\t\t<\/div>\n\t\t\t\t<div class=\"heading__layout\">\n\t\t\t<div class=\"heading__content-wrapper has-white-100-background-color\">\n\t\t\t\t<div class=\"heading__content has-white-100-background-color\">\n\t\t\t\t\t\t\t\t\t<p id=\"breadcrumbs\"><span><span><a href=\"https:\/\/comptoirphenix.fr\/en\/\">Home<\/a><\/span><\/span><\/p>\t\t\t\t\t\t\t\t\t<div class=\"acf-innerblocks-container\">\n\n<div class=\"wp-block-group heading-content-group is-layout-grid wp-container-core-group-is-layout-96b258e4 wp-block-group-is-layout-grid\">\n<h1 class=\"wp-block-heading has-text-align-left heading__title has-primary-color has-text-color has-xx-large-font-size wp-container-content-32a3e683\">Site map<\/h1>\n<\/div>\n\n<\/div>\n\t\t\t\t<\/div>\n\t\t\t\t\t\t\t\t<div class=\"heading__illustration illustration-with-parallax desktop-only\">\n\t\t\t\t\t<img decoding=\"async\" width=\"350\" height=\"350\" src=\"https:\/\/comptoirphenix.fr\/wp-content\/uploads\/sites\/3\/2025\/04\/HORLOGE.png\" class=\"attachment-full size-full\" alt=\"HORLOGE\" fetchpriority=\"high\" srcset=\"https:\/\/comptoirphenix.fr\/wp-content\/uploads\/sites\/3\/2025\/04\/HORLOGE.png 350w, https:\/\/comptoirphenix.fr\/wp-content\/uploads\/sites\/3\/2025\/04\/HORLOGE-300x300.png 300w\" sizes=\"(max-width: 350px) 100vw, 350px\" \/>\t\t\t\t<\/div>\n\t\t\t\t\t\t\t<\/div>\n\t\t<\/div>\n\t<\/div>\n<\/section>\n\n\n\t<section\n\t\tstyle=\"padding-top:var(--wp--preset--spacing--theme-default);padding-bottom:var(--wp--preset--spacing--theme-default);\" class=\"block-container align wp-block-acf-block-container has-background has-white-background-color has-global-padding is-layout-constrained wp-block-acf-block-container-is-layout-constrained\"\t>\n\n\t\n\n<div class=\"wp-block-group is-layout-flow wp-block-group-is-layout-flow\"><div class=\"wsp-container\"><h2 class=\"wsp-pages-title\">Pages<\/h2>\n<ul class=\"wsp-pages-list\">\n<li class=\"page_item page-item-1805\"><a href=\"https:\/\/comptoirphenix.fr\/en\/contact\/\">Contact<\/a><\/li>\n<li class=\"page_item page-item-1794\"><a href=\"https:\/\/comptoirphenix.fr\/en\/faq\/\">FAQ<\/a><\/li>\n<li class=\"page_item page-item-1139\"><a href=\"https:\/\/comptoirphenix.fr\/en\/\">Home<\/a><\/li>\n<li class=\"page_item page-item-1832\"><a href=\"https:\/\/comptoirphenix.fr\/en\/legal-notices\/\">Legal notices<\/a><\/li>\n<li class=\"page_item page-item-5247\"><a href=\"https:\/\/comptoirphenix.fr\/en\/menu\/\">Menu<\/a><\/li>\n<li class=\"page_item page-item-5256\"><a href=\"https:\/\/comptoirphenix.fr\/en\/practical-information\/\">Practical information<\/a><\/li>\n<li class=\"page_item page-item-6802\"><a href=\"https:\/\/comptoirphenix.fr\/en\/privacy-policy\/\">Privacy policy<\/a><\/li>\n<li class=\"page_item page-item-7586\"><a href=\"https:\/\/comptoirphenix.fr\/en\/site-map\/\">Site map<\/a><\/li>\n<li class=\"page_item page-item-1801\"><a href=\"https:\/\/comptoirphenix.fr\/en\/general-rental-conditions\/\">Terms and conditions of sale<\/a><\/li>\n<li class=\"page_item page-item-6740\"><a href=\"https:\/\/comptoirphenix.fr\/en\/thank-you-for-your-reservation\/\">Thank you for your reservation!<\/a><\/li>\n<li class=\"page_item page-item-1827 page_item_has_children\"><a href=\"https:\/\/comptoirphenix.fr\/en\/homemade-cuisine-restaurant\/\">The kitchen<\/a>\n<ul class='children'>\n\t<li class=\"page_item page-item-1818\"><a href=\"https:\/\/comptoirphenix.fr\/en\/homemade-cuisine-restaurant\/local-products\/\">Local produce<\/a><\/li>\n<\/ul>\n<\/li>\n<li class=\"page_item page-item-1808 page_item_has_children\"><a href=\"https:\/\/comptoirphenix.fr\/en\/restaurant-vieux-lyon-quai-de-saone\/\">the restaurant<\/a>\n<ul class='children'>\n\t<li class=\"page_item page-item-3962\"><a href=\"https:\/\/comptoirphenix.fr\/en\/restaurant-vieux-lyon-quai-de-saone\/breakfast\/\">Breakfast<\/a><\/li>\n\t<li class=\"page_item page-item-1830\"><a href=\"https:\/\/comptoirphenix.fr\/en\/restaurant-vieux-lyon-quai-de-saone\/delicatessen-sandwich-shop\/\">Delicatessen &amp; sandwich shop<\/a><\/li>\n\t<li class=\"page_item page-item-1815\"><a href=\"https:\/\/comptoirphenix.fr\/en\/restaurant-vieux-lyon-quai-de-saone\/lunch\/\">Lunch<\/a><\/li>\n\t<li class=\"page_item page-item-7169\"><a href=\"https:\/\/comptoirphenix.fr\/en\/restaurant-vieux-lyon-quai-de-saone\/snack\/\">The snack<\/a><\/li>\n<\/ul>\n<\/li>\n<li class=\"page_item page-item-1839\"><a href=\"https:\/\/comptoirphenix.fr\/en\/group-event-restaurant-vieux-lyon\/\">Your event<\/a><\/li>\n<\/ul>\n<\/div>\n<\/div>\n\n\n\n<\/section>\n","protected":false},"excerpt":{"rendered":"","protected":false},"author":2,"featured_media":0,"parent":0,"menu_order":0,"comment_status":"closed","ping_status":"closed","template":"","meta":{"_acf_changed":false,"inline_featured_image":false,"footnotes":""},"class_list":["post-7586","page","type-page","status-publish","hentry"],"acf":[],"yoast_head":"<!-- This site is optimized with the Yoast SEO plugin v27.5 - https:\/\/yoast.com\/product\/yoast-seo-wordpress\/ -->\n<title>Site map - Comptoir Phenix<\/title>\n<meta name=\"robots\" content=\"index, follow, max-snippet:-1, max-image-preview:large, max-video-preview:-1\" \/>\n<link rel=\"canonical\" href=\"https:\/\/comptoirphenix.fr\/en\/site-map\/\" \/>\n<meta property=\"og:locale\" content=\"en_US\" \/>\n<meta property=\"og:type\" content=\"article\" \/>\n<meta property=\"og:title\" content=\"Site map - Comptoir Phenix\" \/>\n<meta property=\"og:url\" content=\"https:\/\/comptoirphenix.fr\/en\/site-map\/\" \/>\n<meta property=\"og:site_name\" content=\"Comptoir Phenix\" \/>\n<meta property=\"article:modified_time\" content=\"2026-05-11T15:36:01+00:00\" \/>\n<meta name=\"twitter:card\" content=\"summary_large_image\" \/>\n<script type=\"application\/ld+json\" class=\"yoast-schema-graph\">{\"@context\":\"https:\\\/\\\/schema.org\",\"@graph\":[{\"@type\":\"WebPage\",\"@id\":\"https:\\\/\\\/comptoirphenix.fr\\\/en\\\/site-map\\\/\",\"url\":\"https:\\\/\\\/comptoirphenix.fr\\\/en\\\/site-map\\\/\",\"name\":\"Site map - Comptoir Phenix\",\"isPartOf\":{\"@id\":\"https:\\\/\\\/comptoirphenix.fr\\\/en\\\/#website\"},\"datePublished\":\"2026-05-11T15:35:39+00:00\",\"dateModified\":\"2026-05-11T15:36:01+00:00\",\"breadcrumb\":{\"@id\":\"https:\\\/\\\/comptoirphenix.fr\\\/en\\\/site-map\\\/#breadcrumb\"},\"inLanguage\":\"en-US\",\"potentialAction\":[{\"@type\":\"ReadAction\",\"target\":[\"https:\\\/\\\/comptoirphenix.fr\\\/en\\\/site-map\\\/\"]}]},{\"@type\":\"BreadcrumbList\",\"@id\":\"https:\\\/\\\/comptoirphenix.fr\\\/en\\\/site-map\\\/#breadcrumb\",\"itemListElement\":[{\"@type\":\"ListItem\",\"position\":1,\"name\":\"Home\",\"item\":\"https:\\\/\\\/comptoirphenix.fr\\\/en\\\/\"},{\"@type\":\"ListItem\",\"position\":2,\"name\":\"Site map\"}]},{\"@type\":\"WebSite\",\"@id\":\"https:\\\/\\\/comptoirphenix.fr\\\/en\\\/#website\",\"url\":\"https:\\\/\\\/comptoirphenix.fr\\\/en\\\/\",\"name\":\"Globe Cecil\",\"description\":\"H\u00f4tel 4 \u00e9toiles \u00e0 Lyon\",\"publisher\":{\"@id\":\"https:\\\/\\\/comptoirphenix.fr\\\/en\\\/#organization\"},\"potentialAction\":[{\"@type\":\"SearchAction\",\"target\":{\"@type\":\"EntryPoint\",\"urlTemplate\":\"https:\\\/\\\/comptoirphenix.fr\\\/en\\\/?s={search_term_string}\"},\"query-input\":{\"@type\":\"PropertyValueSpecification\",\"valueRequired\":true,\"valueName\":\"search_term_string\"}}],\"inLanguage\":\"en-US\"},{\"@type\":\"Organization\",\"@id\":\"https:\\\/\\\/comptoirphenix.fr\\\/en\\\/#organization\",\"name\":\"Globe Cecil\",\"url\":\"https:\\\/\\\/comptoirphenix.fr\\\/en\\\/\",\"logo\":{\"@type\":\"ImageObject\",\"inLanguage\":\"en-US\",\"@id\":\"https:\\\/\\\/comptoirphenix.fr\\\/en\\\/#\\\/schema\\\/logo\\\/image\\\/\",\"url\":\"https:\\\/\\\/comptoirphenix.fr\\\/wp-content\\\/uploads\\\/sites\\\/3\\\/2025\\\/05\\\/LOGO-Comptoir-Phenix-White.svg\",\"contentUrl\":\"https:\\\/\\\/comptoirphenix.fr\\\/wp-content\\\/uploads\\\/sites\\\/3\\\/2025\\\/05\\\/LOGO-Comptoir-Phenix-White.svg\",\"width\":456,\"height\":124,\"caption\":\"Globe Cecil\"},\"image\":{\"@id\":\"https:\\\/\\\/comptoirphenix.fr\\\/en\\\/#\\\/schema\\\/logo\\\/image\\\/\"}}]}<\/script>\n<!-- \/ Yoast SEO plugin. -->","yoast_head_json":{"title":"Site map - Comptoir Phenix","robots":{"index":"index","follow":"follow","max-snippet":"max-snippet:-1","max-image-preview":"max-image-preview:large","max-video-preview":"max-video-preview:-1"},"canonical":"https:\/\/comptoirphenix.fr\/en\/site-map\/","og_locale":"en_US","og_type":"article","og_title":"Site map - Comptoir Phenix","og_url":"https:\/\/comptoirphenix.fr\/en\/site-map\/","og_site_name":"Comptoir Phenix","article_modified_time":"2026-05-11T15:36:01+00:00","twitter_card":"summary_large_image","schema":{"@context":"https:\/\/schema.org","@graph":[{"@type":"WebPage","@id":"https:\/\/comptoirphenix.fr\/en\/site-map\/","url":"https:\/\/comptoirphenix.fr\/en\/site-map\/","name":"Site map - Comptoir Phenix","isPartOf":{"@id":"https:\/\/comptoirphenix.fr\/en\/#website"},"datePublished":"2026-05-11T15:35:39+00:00","dateModified":"2026-05-11T15:36:01+00:00","breadcrumb":{"@id":"https:\/\/comptoirphenix.fr\/en\/site-map\/#breadcrumb"},"inLanguage":"en-US","potentialAction":[{"@type":"ReadAction","target":["https:\/\/comptoirphenix.fr\/en\/site-map\/"]}]},{"@type":"BreadcrumbList","@id":"https:\/\/comptoirphenix.fr\/en\/site-map\/#breadcrumb","itemListElement":[{"@type":"ListItem","position":1,"name":"Home","item":"https:\/\/comptoirphenix.fr\/en\/"},{"@type":"ListItem","position":2,"name":"Site map"}]},{"@type":"WebSite","@id":"https:\/\/comptoirphenix.fr\/en\/#website","url":"https:\/\/comptoirphenix.fr\/en\/","name":"Globe Cecil","description":"H\u00f4tel 4 \u00e9toiles \u00e0 Lyon","publisher":{"@id":"https:\/\/comptoirphenix.fr\/en\/#organization"},"potentialAction":[{"@type":"SearchAction","target":{"@type":"EntryPoint","urlTemplate":"https:\/\/comptoirphenix.fr\/en\/?s={search_term_string}"},"query-input":{"@type":"PropertyValueSpecification","valueRequired":true,"valueName":"search_term_string"}}],"inLanguage":"en-US"},{"@type":"Organization","@id":"https:\/\/comptoirphenix.fr\/en\/#organization","name":"Globe Cecil","url":"https:\/\/comptoirphenix.fr\/en\/","logo":{"@type":"ImageObject","inLanguage":"en-US","@id":"https:\/\/comptoirphenix.fr\/en\/#\/schema\/logo\/image\/","url":"https:\/\/comptoirphenix.fr\/wp-content\/uploads\/sites\/3\/2025\/05\/LOGO-Comptoir-Phenix-White.svg","contentUrl":"https:\/\/comptoirphenix.fr\/wp-content\/uploads\/sites\/3\/2025\/05\/LOGO-Comptoir-Phenix-White.svg","width":456,"height":124,"caption":"Globe Cecil"},"image":{"@id":"https:\/\/comptoirphenix.fr\/en\/#\/schema\/logo\/image\/"}}]}},"_links":{"self":[{"href":"https:\/\/comptoirphenix.fr\/en\/wp-json\/wp\/v2\/pages\/7586","targetHints":{"allow":["GET"]}}],"collection":[{"href":"https:\/\/comptoirphenix.fr\/en\/wp-json\/wp\/v2\/pages"}],"about":[{"href":"https:\/\/comptoirphenix.fr\/en\/wp-json\/wp\/v2\/types\/page"}],"author":[{"embeddable":true,"href":"https:\/\/comptoirphenix.fr\/en\/wp-json\/wp\/v2\/users\/2"}],"replies":[{"embeddable":true,"href":"https:\/\/comptoirphenix.fr\/en\/wp-json\/wp\/v2\/comments?post=7586"}],"version-history":[{"count":1,"href":"https:\/\/comptoirphenix.fr\/en\/wp-json\/wp\/v2\/pages\/7586\/revisions"}],"predecessor-version":[{"id":7587,"href":"https:\/\/comptoirphenix.fr\/en\/wp-json\/wp\/v2\/pages\/7586\/revisions\/7587"}],"wp:attachment":[{"href":"https:\/\/comptoirphenix.fr\/en\/wp-json\/wp\/v2\/media?parent=7586"}],"curies":[{"name":"wp","href":"https:\/\/api.w.org\/{rel}","templated":true}]}}