{"id":2983,"date":"2025-04-16T17:40:05","date_gmt":"2025-04-16T15:40:05","guid":{"rendered":"https:\/\/comptoirphenix.fr\/preguntas-frecuentes\/"},"modified":"2025-09-09T12:03:05","modified_gmt":"2025-09-09T10:03:05","slug":"preguntas-frecuentes","status":"publish","type":"page","link":"https:\/\/comptoirphenix.fr\/es\/preguntas-frecuentes\/","title":{"rendered":"Preguntas frecuentes"},"content":{"rendered":"\n<section class=\"heading wp-elements-91ede56e1d11f16a13629f8bb18746c0 wp-elements-91ede56e1d11f16a13629f8bb18746c0 wp-block-acf-heading has-text-color has-primary-color has-background has-white-100-background-color\">\n\t<div class=\"heading__container\">\n\t\t\t\t\t<div class=\"heading__background-picture\">\n\t\t\t\t<img decoding=\"async\" width=\"1620\" height=\"1080\" src=\"https:\/\/comptoirphenix.fr\/wp-content\/uploads\/sites\/3\/2025\/06\/Marine_Piolat_230829_062.jpg\" class=\"attachment-full size-full\" alt=\"Marine Piolat 230829 062\" fetchpriority=\"high\" srcset=\"https:\/\/comptoirphenix.fr\/wp-content\/uploads\/sites\/3\/2025\/06\/Marine_Piolat_230829_062.jpg 1620w, https:\/\/comptoirphenix.fr\/wp-content\/uploads\/sites\/3\/2025\/06\/Marine_Piolat_230829_062-600x400.jpg 600w, https:\/\/comptoirphenix.fr\/wp-content\/uploads\/sites\/3\/2025\/06\/Marine_Piolat_230829_062-1400x933.jpg 1400w, https:\/\/comptoirphenix.fr\/wp-content\/uploads\/sites\/3\/2025\/06\/Marine_Piolat_230829_062-768x512.jpg 768w, https:\/\/comptoirphenix.fr\/wp-content\/uploads\/sites\/3\/2025\/06\/Marine_Piolat_230829_062-1536x1024.jpg 1536w\" sizes=\"(max-width: 1620px) 100vw, 1620px\" \/>\t\t\t<\/div>\n\t\t\t\t<div class=\"heading__layout\">\n\t\t\t<div class=\"heading__content-wrapper has-white-100-background-color\">\n\t\t\t\t<div class=\"heading__content has-white-100-background-color\">\n\t\t\t\t\t\t\t\t\t<p id=\"breadcrumbs\"><span><span><a href=\"https:\/\/comptoirphenix.fr\/es\/\">Accueil<\/a><\/span><\/span><\/p>\t\t\t\t\t\t\t\t\t<div class=\"acf-innerblocks-container\">\n\n<div class=\"wp-block-group heading-content-group is-layout-grid wp-container-core-group-is-layout-96b258e4 wp-block-group-is-layout-grid\">\n<h1 class=\"wp-block-heading has-text-align-left heading__title has-primary-color has-text-color has-xx-large-font-size\">Preguntas m\u00e1s frecuentes<\/h1>\n<\/div>\n\n<\/div>\n\t\t\t\t<\/div>\n\t\t\t\t\t\t\t\t<div class=\"heading__illustration illustration-with-parallax desktop-only\">\n\t\t\t\t\t<img decoding=\"async\" width=\"350\" height=\"350\" src=\"https:\/\/comptoirphenix.fr\/wp-content\/uploads\/sites\/3\/2025\/04\/AMPOULE-LUMIERE.png\" class=\"attachment-full size-full\" alt=\"AMPOULE LUMIERE\" fetchpriority=\"high\" srcset=\"https:\/\/comptoirphenix.fr\/wp-content\/uploads\/sites\/3\/2025\/04\/AMPOULE-LUMIERE.png 350w, https:\/\/comptoirphenix.fr\/wp-content\/uploads\/sites\/3\/2025\/04\/AMPOULE-LUMIERE-300x300.png 300w\" sizes=\"(max-width: 350px) 100vw, 350px\" \/>\t\t\t\t<\/div>\n\t\t\t\t\t\t\t<\/div>\n\t\t<\/div>\n\t<\/div>\n<\/section>\n\n\n\t<section\n\t\tstyle=\"padding-top:var(--wp--preset--spacing--theme-default);padding-bottom:var(--wp--preset--spacing--theme-default);\" class=\"block-container align wp-block-acf-block-container has-background has-white-background-color has-global-padding is-layout-constrained wp-container-acf-block-container-is-layout-41c2f41c wp-block-acf-block-container-is-layout-constrained\"\t>\n\n\t\n\n<section id=\"\" class=\"align wp-block-acf-faq\">\n\t\n\t\t<div class=\"faq\">\n\t\t\t\t<div class=\"faq__item\">\n\t\t\t<div class=\"faq__question\" data-index=\"0\">\n\t\t\t\t<span class=\"faq__question-text \">\u00bfCu\u00e1l es el horario de apertura del Comptoir Ph\u00e9nix?<\/span>\n\t\t\t<\/div>\n\t\t\t<div class=\"faq__answer\">\n\t\t\t\t<ul>\n<li>Desayuno: de 6.00 a 10.00 de lunes a domingo<\/li>\n<li>Comida: de 12 a 14 h de lunes a viernes<\/li>\n<li>Cena: s\u00f3lo con cita previa<\/li>\n<\/ul>\n\t\t\t<\/div>\n\t\t\t<svg class=\"faq__toggle-icon\" xmlns=\"http:\/\/www.w3.org\/2000\/svg\" width=\"16\" height=\"10\" viewBox=\"0 0 16 10\"\n\t\t\t\tfill=\"none\">\n\t\t\t\t<path d=\"M15 1L8 8L1 0.999999\" stroke=\"#3C3B3A\" stroke-width=\"2\" \/>\n\t\t\t<\/svg>\n\t\t<\/div>\n\t\t\t\t<div class=\"faq__item\">\n\t\t\t<div class=\"faq__question\" data-index=\"1\">\n\t\t\t\t<span class=\"faq__question-text \">\u00bfPuede privatizarse el Comptoir Ph\u00e9nix?<\/span>\n\t\t\t<\/div>\n\t\t\t<div class=\"faq__answer\">\n\t\t\t\t<p>S\u00ed, para todo tipo de eventos. Ponte en contacto con el departamento de ventas para obtener m\u00e1s informaci\u00f3n: leclub@lesaubergisteslyonnais.fr <\/p>\n\t\t\t<\/div>\n\t\t\t<svg class=\"faq__toggle-icon\" xmlns=\"http:\/\/www.w3.org\/2000\/svg\" width=\"16\" height=\"10\" viewBox=\"0 0 16 10\"\n\t\t\t\tfill=\"none\">\n\t\t\t\t<path d=\"M15 1L8 8L1 0.999999\" stroke=\"#3C3B3A\" stroke-width=\"2\" \/>\n\t\t\t<\/svg>\n\t\t<\/div>\n\t\t\t\t<div class=\"faq__item\">\n\t\t\t<div class=\"faq__question\" data-index=\"2\">\n\t\t\t\t<span class=\"faq__question-text \">\u00bfOfrece el Comptoir Ph\u00e9nix opciones vegetarianas\/veganas?<\/span>\n\t\t\t<\/div>\n\t\t\t<div class=\"faq__answer\">\n\t\t\t\t<p>Todas las semanas ofrecemos una opci\u00f3n \u00abvegetariana\u00bb a la carta. En general, podemos adaptarnos a cualquier petici\u00f3n espec\u00edfica, \u00a1as\u00ed que no dudes en ponerte en contacto con nuestros equipos! <\/p>\n\t\t\t<\/div>\n\t\t\t<svg class=\"faq__toggle-icon\" xmlns=\"http:\/\/www.w3.org\/2000\/svg\" width=\"16\" height=\"10\" viewBox=\"0 0 16 10\"\n\t\t\t\tfill=\"none\">\n\t\t\t\t<path d=\"M15 1L8 8L1 0.999999\" stroke=\"#3C3B3A\" stroke-width=\"2\" \/>\n\t\t\t<\/svg>\n\t\t<\/div>\n\t\t\t\t<div class=\"faq__item\">\n\t\t\t<div class=\"faq__question\" data-index=\"3\">\n\t\t\t\t<span class=\"faq__question-text \">\u00bfOfrece el Comptoir Ph\u00e9nix comida para llevar?<\/span>\n\t\t\t<\/div>\n\t\t\t<div class=\"faq__answer\">\n\t\t\t\t<p>No, pero nuestra tienda de comestibles (al lado del restaurante) ofrece un men\u00fa diario con ensalada, sopa o bocadillos para cuando tengas hambre.<\/p>\n\t\t\t<\/div>\n\t\t\t<svg class=\"faq__toggle-icon\" xmlns=\"http:\/\/www.w3.org\/2000\/svg\" width=\"16\" height=\"10\" viewBox=\"0 0 16 10\"\n\t\t\t\tfill=\"none\">\n\t\t\t\t<path d=\"M15 1L8 8L1 0.999999\" stroke=\"#3C3B3A\" stroke-width=\"2\" \/>\n\t\t\t<\/svg>\n\t\t<\/div>\n\t\t\t\t<div class=\"faq__item\">\n\t\t\t<div class=\"faq__question\" data-index=\"4\">\n\t\t\t\t<span class=\"faq__question-text \">\u00bfHay men\u00fa infantil?<\/span>\n\t\t\t<\/div>\n\t\t\t<div class=\"faq__answer\">\n\t\t\t\t<p>Cada d\u00eda, nuestro Chef podr\u00e1 ofrecerte un plato de comida adaptado a las necesidades de tu hijo.<\/p>\n\t\t\t<\/div>\n\t\t\t<svg class=\"faq__toggle-icon\" xmlns=\"http:\/\/www.w3.org\/2000\/svg\" width=\"16\" height=\"10\" viewBox=\"0 0 16 10\"\n\t\t\t\tfill=\"none\">\n\t\t\t\t<path d=\"M15 1L8 8L1 0.999999\" stroke=\"#3C3B3A\" stroke-width=\"2\" \/>\n\t\t\t<\/svg>\n\t\t<\/div>\n\t\t\t<\/div>\n\t\t<\/section>\n\n\n\n<\/section>\n","protected":false},"excerpt":{"rendered":"","protected":false},"author":2,"featured_media":0,"parent":0,"menu_order":0,"comment_status":"closed","ping_status":"closed","template":"","meta":{"_acf_changed":false,"inline_featured_image":false,"footnotes":""},"class_list":["post-2983","page","type-page","status-publish","hentry"],"acf":[],"yoast_head":"<!-- This site is optimized with the Yoast SEO plugin v27.2 - https:\/\/yoast.com\/product\/yoast-seo-wordpress\/ -->\n<title>Preguntas frecuentes Comptoir Phenix, restaurante bistron\u00f3mico antiguo de Lyon, St Jean<\/title>\n<meta name=\"description\" content=\"Encuentre todas las respuestas a sus preguntas: Comptoir Ph\u00e9nix, restaurante bistron\u00f3mico en el coraz\u00f3n del casco antiguo de Lyon (5, Saint Jean).\" \/>\n<meta name=\"robots\" content=\"index, follow, max-snippet:-1, max-image-preview:large, max-video-preview:-1\" \/>\n<link rel=\"canonical\" href=\"https:\/\/comptoirphenix.fr\/es\/preguntas-frecuentes\/\" \/>\n<meta property=\"og:locale\" content=\"es_ES\" \/>\n<meta property=\"og:type\" content=\"article\" \/>\n<meta property=\"og:title\" content=\"Preguntas frecuentes Comptoir Phenix, restaurante bistron\u00f3mico antiguo de Lyon, St Jean\" \/>\n<meta property=\"og:description\" content=\"Encuentre todas las respuestas a sus preguntas: Comptoir Ph\u00e9nix, restaurante bistron\u00f3mico en el coraz\u00f3n del casco antiguo de Lyon (5, Saint Jean).\" \/>\n<meta property=\"og:url\" content=\"https:\/\/comptoirphenix.fr\/es\/preguntas-frecuentes\/\" \/>\n<meta property=\"og:site_name\" content=\"Comptoir Phenix\" \/>\n<meta property=\"article:modified_time\" content=\"2025-09-09T10:03:05+00:00\" \/>\n<meta name=\"twitter:card\" content=\"summary_large_image\" \/>\n<meta name=\"twitter:label1\" content=\"Tiempo de lectura\" \/>\n\t<meta name=\"twitter:data1\" content=\"1 minuto\" \/>\n<script type=\"application\/ld+json\" class=\"yoast-schema-graph\">{\"@context\":\"https:\/\/schema.org\",\"@graph\":[{\"@type\":\"WebPage\",\"@id\":\"https:\/\/comptoirphenix.fr\/es\/preguntas-frecuentes\/\",\"url\":\"https:\/\/comptoirphenix.fr\/es\/preguntas-frecuentes\/\",\"name\":\"Preguntas frecuentes Comptoir Phenix, restaurante bistron\u00f3mico antiguo de Lyon, St Jean\",\"isPartOf\":{\"@id\":\"https:\/\/comptoirphenix.fr\/es\/#website\"},\"datePublished\":\"2025-04-16T15:40:05+00:00\",\"dateModified\":\"2025-09-09T10:03:05+00:00\",\"description\":\"Encuentre todas las respuestas a sus preguntas: Comptoir Ph\u00e9nix, restaurante bistron\u00f3mico en el coraz\u00f3n del casco antiguo de Lyon (5, Saint Jean).\",\"breadcrumb\":{\"@id\":\"https:\/\/comptoirphenix.fr\/es\/preguntas-frecuentes\/#breadcrumb\"},\"inLanguage\":\"es\",\"potentialAction\":[{\"@type\":\"ReadAction\",\"target\":[\"https:\/\/comptoirphenix.fr\/es\/preguntas-frecuentes\/\"]}]},{\"@type\":\"BreadcrumbList\",\"@id\":\"https:\/\/comptoirphenix.fr\/es\/preguntas-frecuentes\/#breadcrumb\",\"itemListElement\":[{\"@type\":\"ListItem\",\"position\":1,\"name\":\"Accueil\",\"item\":\"https:\/\/comptoirphenix.fr\/es\/\"},{\"@type\":\"ListItem\",\"position\":2,\"name\":\"Preguntas frecuentes\"}]},{\"@type\":\"WebSite\",\"@id\":\"https:\/\/comptoirphenix.fr\/es\/#website\",\"url\":\"https:\/\/comptoirphenix.fr\/es\/\",\"name\":\"Globe Cecil\",\"description\":\"\",\"publisher\":{\"@id\":\"https:\/\/comptoirphenix.fr\/es\/#organization\"},\"potentialAction\":[{\"@type\":\"SearchAction\",\"target\":{\"@type\":\"EntryPoint\",\"urlTemplate\":\"https:\/\/comptoirphenix.fr\/es\/?s={search_term_string}\"},\"query-input\":{\"@type\":\"PropertyValueSpecification\",\"valueRequired\":true,\"valueName\":\"search_term_string\"}}],\"inLanguage\":\"es\"},{\"@type\":\"Organization\",\"@id\":\"https:\/\/comptoirphenix.fr\/es\/#organization\",\"name\":\"Globe Cecil\",\"url\":\"https:\/\/comptoirphenix.fr\/es\/\",\"logo\":{\"@type\":\"ImageObject\",\"inLanguage\":\"es\",\"@id\":\"https:\/\/comptoirphenix.fr\/es\/#\/schema\/logo\/image\/\",\"url\":\"https:\/\/comptoirphenix.fr\/wp-content\/uploads\/sites\/3\/2025\/05\/LOGO-Comptoir-Phenix-White.svg\",\"contentUrl\":\"https:\/\/comptoirphenix.fr\/wp-content\/uploads\/sites\/3\/2025\/05\/LOGO-Comptoir-Phenix-White.svg\",\"width\":456,\"height\":124,\"caption\":\"Globe Cecil\"},\"image\":{\"@id\":\"https:\/\/comptoirphenix.fr\/es\/#\/schema\/logo\/image\/\"}}]}<\/script>\n<!-- \/ Yoast SEO plugin. -->","yoast_head_json":{"title":"Preguntas frecuentes Comptoir Phenix, restaurante bistron\u00f3mico antiguo de Lyon, St Jean","description":"Encuentre todas las respuestas a sus preguntas: Comptoir Ph\u00e9nix, restaurante bistron\u00f3mico en el coraz\u00f3n del casco antiguo de Lyon (5, Saint Jean).","robots":{"index":"index","follow":"follow","max-snippet":"max-snippet:-1","max-image-preview":"max-image-preview:large","max-video-preview":"max-video-preview:-1"},"canonical":"https:\/\/comptoirphenix.fr\/es\/preguntas-frecuentes\/","og_locale":"es_ES","og_type":"article","og_title":"Preguntas frecuentes Comptoir Phenix, restaurante bistron\u00f3mico antiguo de Lyon, St Jean","og_description":"Encuentre todas las respuestas a sus preguntas: Comptoir Ph\u00e9nix, restaurante bistron\u00f3mico en el coraz\u00f3n del casco antiguo de Lyon (5, Saint Jean).","og_url":"https:\/\/comptoirphenix.fr\/es\/preguntas-frecuentes\/","og_site_name":"Comptoir Phenix","article_modified_time":"2025-09-09T10:03:05+00:00","twitter_card":"summary_large_image","twitter_misc":{"Tiempo de lectura":"1 minuto"},"schema":{"@context":"https:\/\/schema.org","@graph":[{"@type":"WebPage","@id":"https:\/\/comptoirphenix.fr\/es\/preguntas-frecuentes\/","url":"https:\/\/comptoirphenix.fr\/es\/preguntas-frecuentes\/","name":"Preguntas frecuentes Comptoir Phenix, restaurante bistron\u00f3mico antiguo de Lyon, St Jean","isPartOf":{"@id":"https:\/\/comptoirphenix.fr\/es\/#website"},"datePublished":"2025-04-16T15:40:05+00:00","dateModified":"2025-09-09T10:03:05+00:00","description":"Encuentre todas las respuestas a sus preguntas: Comptoir Ph\u00e9nix, restaurante bistron\u00f3mico en el coraz\u00f3n del casco antiguo de Lyon (5, Saint Jean).","breadcrumb":{"@id":"https:\/\/comptoirphenix.fr\/es\/preguntas-frecuentes\/#breadcrumb"},"inLanguage":"es","potentialAction":[{"@type":"ReadAction","target":["https:\/\/comptoirphenix.fr\/es\/preguntas-frecuentes\/"]}]},{"@type":"BreadcrumbList","@id":"https:\/\/comptoirphenix.fr\/es\/preguntas-frecuentes\/#breadcrumb","itemListElement":[{"@type":"ListItem","position":1,"name":"Accueil","item":"https:\/\/comptoirphenix.fr\/es\/"},{"@type":"ListItem","position":2,"name":"Preguntas frecuentes"}]},{"@type":"WebSite","@id":"https:\/\/comptoirphenix.fr\/es\/#website","url":"https:\/\/comptoirphenix.fr\/es\/","name":"Globe Cecil","description":"","publisher":{"@id":"https:\/\/comptoirphenix.fr\/es\/#organization"},"potentialAction":[{"@type":"SearchAction","target":{"@type":"EntryPoint","urlTemplate":"https:\/\/comptoirphenix.fr\/es\/?s={search_term_string}"},"query-input":{"@type":"PropertyValueSpecification","valueRequired":true,"valueName":"search_term_string"}}],"inLanguage":"es"},{"@type":"Organization","@id":"https:\/\/comptoirphenix.fr\/es\/#organization","name":"Globe Cecil","url":"https:\/\/comptoirphenix.fr\/es\/","logo":{"@type":"ImageObject","inLanguage":"es","@id":"https:\/\/comptoirphenix.fr\/es\/#\/schema\/logo\/image\/","url":"https:\/\/comptoirphenix.fr\/wp-content\/uploads\/sites\/3\/2025\/05\/LOGO-Comptoir-Phenix-White.svg","contentUrl":"https:\/\/comptoirphenix.fr\/wp-content\/uploads\/sites\/3\/2025\/05\/LOGO-Comptoir-Phenix-White.svg","width":456,"height":124,"caption":"Globe Cecil"},"image":{"@id":"https:\/\/comptoirphenix.fr\/es\/#\/schema\/logo\/image\/"}}]}},"_links":{"self":[{"href":"https:\/\/comptoirphenix.fr\/es\/wp-json\/wp\/v2\/pages\/2983","targetHints":{"allow":["GET"]}}],"collection":[{"href":"https:\/\/comptoirphenix.fr\/es\/wp-json\/wp\/v2\/pages"}],"about":[{"href":"https:\/\/comptoirphenix.fr\/es\/wp-json\/wp\/v2\/types\/page"}],"author":[{"embeddable":true,"href":"https:\/\/comptoirphenix.fr\/es\/wp-json\/wp\/v2\/users\/2"}],"replies":[{"embeddable":true,"href":"https:\/\/comptoirphenix.fr\/es\/wp-json\/wp\/v2\/comments?post=2983"}],"version-history":[{"count":3,"href":"https:\/\/comptoirphenix.fr\/es\/wp-json\/wp\/v2\/pages\/2983\/revisions"}],"predecessor-version":[{"id":6373,"href":"https:\/\/comptoirphenix.fr\/es\/wp-json\/wp\/v2\/pages\/2983\/revisions\/6373"}],"wp:attachment":[{"href":"https:\/\/comptoirphenix.fr\/es\/wp-json\/wp\/v2\/media?parent=2983"}],"curies":[{"name":"wp","href":"https:\/\/api.w.org\/{rel}","templated":true}]}}