{"id":3070,"date":"2025-04-16T17:40:07","date_gmt":"2025-04-16T15:40:07","guid":{"rendered":"https:\/\/comptoirphenix.fr\/el-restaurante\/"},"modified":"2025-10-22T09:55:26","modified_gmt":"2025-10-22T07:55:26","slug":"restaurante-cocina-casera","status":"publish","type":"page","link":"https:\/\/comptoirphenix.fr\/es\/restaurante-cocina-casera\/","title":{"rendered":"La cocina"},"content":{"rendered":"\n<section class=\"heading wp-elements-311b5ac9d5be30a1be58b9877ab17dd3 wp-elements-311b5ac9d5be30a1be58b9877ab17dd3 wp-block-acf-heading has-text-color has-black-color has-background has-white-100-background-color\">\n\t<div class=\"heading__container\">\n\t\t\t\t\t<div class=\"heading__background-picture\">\n\t\t\t\t<img decoding=\"async\" width=\"1624\" height=\"1080\" src=\"https:\/\/comptoirphenix.fr\/wp-content\/uploads\/sites\/3\/2025\/06\/image00066.jpg\" class=\"attachment-full size-full\" alt=\"image00066\" fetchpriority=\"high\" srcset=\"https:\/\/comptoirphenix.fr\/wp-content\/uploads\/sites\/3\/2025\/06\/image00066.jpg 1624w, https:\/\/comptoirphenix.fr\/wp-content\/uploads\/sites\/3\/2025\/06\/image00066-600x399.jpg 600w, https:\/\/comptoirphenix.fr\/wp-content\/uploads\/sites\/3\/2025\/06\/image00066-1400x931.jpg 1400w, https:\/\/comptoirphenix.fr\/wp-content\/uploads\/sites\/3\/2025\/06\/image00066-768x511.jpg 768w, https:\/\/comptoirphenix.fr\/wp-content\/uploads\/sites\/3\/2025\/06\/image00066-1536x1021.jpg 1536w\" sizes=\"(max-width: 1624px) 100vw, 1624px\" \/>\t\t\t<\/div>\n\t\t\t\t<div class=\"heading__layout\">\n\t\t\t<div class=\"heading__content-wrapper has-white-100-background-color\">\n\t\t\t\t<div class=\"heading__content has-white-100-background-color\">\n\t\t\t\t\t\t\t\t\t<p id=\"breadcrumbs\"><span><span><a href=\"https:\/\/comptoirphenix.fr\/es\/\">Accueil<\/a><\/span><\/span><\/p>\t\t\t\t\t\t\t\t\t<div class=\"acf-innerblocks-container\">\n\n<div class=\"wp-block-group heading-content-group is-layout-grid wp-container-core-group-is-layout-96b258e4 wp-block-group-is-layout-grid\">\n<h1 class=\"wp-block-heading has-text-align-left heading__title has-primary-color has-text-color has-xx-large-font-size\">La cocina<\/h1>\n<\/div>\n\n<\/div>\n\t\t\t\t<\/div>\n\t\t\t\t\t\t\t\t<div class=\"heading__illustration illustration-with-parallax desktop-only\">\n\t\t\t\t\t<img decoding=\"async\" width=\"350\" height=\"350\" src=\"https:\/\/comptoirphenix.fr\/wp-content\/uploads\/sites\/3\/2025\/04\/POULPE.png\" class=\"attachment-full size-full\" alt=\"POULPE\" fetchpriority=\"high\" srcset=\"https:\/\/comptoirphenix.fr\/wp-content\/uploads\/sites\/3\/2025\/04\/POULPE.png 350w, https:\/\/comptoirphenix.fr\/wp-content\/uploads\/sites\/3\/2025\/04\/POULPE-300x300.png 300w\" sizes=\"(max-width: 350px) 100vw, 350px\" \/>\t\t\t\t<\/div>\n\t\t\t\t\t\t\t<\/div>\n\t\t<\/div>\n\t<\/div>\n<\/section>\n\n\n\t<section\n\t\tstyle=\"padding-top:var(--wp--preset--spacing--theme-default);padding-bottom:var(--wp--preset--spacing--theme-default);\" class=\"block-container align wp-block-acf-block-container has-background has-white-background-color has-global-padding is-layout-constrained wp-container-acf-block-container-is-layout-2c50aca2 wp-block-acf-block-container-is-layout-constrained\"\t>\n\n\t\n\n<p>En Le Comptoir Ph\u00e9nix, la cocina es un asunto de varias voces. \u00c9ste es nuestro concepto de <g id=\"gid_0\">\u00abChef en Residencia\u00bb<\/g>. Cada semana, uno de los talentosos miembros de nuestra brigada toma las riendas, firma el men\u00fa y expresa SU cocina.<br\/>A medida que cambian los perfiles a cargo de los fogones, \u00e9sta evoluciona, se inspira, se renueva&#8230; pero siempre con el mismo esp\u00edritu: el de una cocina viva, local y generosa, impulsada por el gusto de compartir.  <\/p>\n\n\n\n<\/section>\n\n\t<section\n\t\tstyle=\"padding-top:var(--wp--preset--spacing--theme-default);padding-bottom:var(--wp--preset--spacing--theme-default);\" class=\"double-columns wp-block-acf-double-columns has-background has-white-100-background-color has-global-padding is-layout-constrained wp-container-acf-double-columns-is-layout-a22d0bdd wp-block-acf-double-columns-is-layout-constrained\"\t>\n\n<div class=\"double-columns__innerblocks\">\n\n<div class=\"wp-block-group is-vertical is-layout-flex wp-container-core-group-is-layout-99e95872 wp-block-group-is-layout-flex\">\n<h2 class=\"wp-block-heading\">Residencia de los Jefes<\/h2>\n\n\n\n<p>Cada servicio es una oportunidad para descubrir una interpretaci\u00f3n \u00fanica de nuestro universo culinario, ofrecida por quienes lo hacen posible cada d\u00eda. Un equipo talentoso y comprometido del Comptoir Cecil se turna para inspirar el restaurante con sus ideas, su estilo y sus productos favoritos. Cada semana, te ofrecer\u00e1n un men\u00fa original y personal.  <\/p>\n<\/div>\n\n\n\n<div class=\"wp-block-group is-layout-flow wp-block-group-is-layout-flow\">\n<figure class=\"wp-block-image size-full\"><img decoding=\"async\" width=\"720\" height=\"1080\" src=\"https:\/\/comptoirphenix.fr\/wp-content\/uploads\/sites\/3\/2025\/10\/cuisine-vieux-lyon.jpg\" alt=\"cocina antigua lyon\" class=\"wp-image-7112\" style=\"aspect-ratio:1;object-fit:cover\" srcset=\"https:\/\/comptoirphenix.fr\/wp-content\/uploads\/sites\/3\/2025\/10\/cuisine-vieux-lyon.jpg 720w, https:\/\/comptoirphenix.fr\/wp-content\/uploads\/sites\/3\/2025\/10\/cuisine-vieux-lyon-400x600.jpg 400w\" sizes=\"(max-width: 720px) 100vw, 720px\" \/><\/figure>\n<\/div>\n\n<\/div>\n\n<\/section>\n\n\t<section\n\t\tstyle=\"padding-top:0;padding-bottom:var(--wp--preset--spacing--theme-default);\" class=\"double-columns double-columns-reverse_colums_mobile image-is-animate wp-block-acf-double-columns has-background has-white-100-background-color has-global-padding is-layout-constrained wp-container-acf-double-columns-is-layout-11a66b1e wp-block-acf-double-columns-is-layout-constrained\"\t>\n\n<div class=\"double-columns__innerblocks\">\n\n<div class=\"wp-block-group is-layout-flow wp-block-group-is-layout-flow\">\n<figure class=\"wp-block-image size-full\"><img decoding=\"async\" width=\"720\" height=\"1080\" src=\"https:\/\/comptoirphenix.fr\/wp-content\/uploads\/sites\/3\/2025\/10\/meilleur_restaurant_vieux_lyon7.jpg\" alt=\"mejor restaurante vieux lyon7\" class=\"wp-image-7100\" style=\"aspect-ratio:1;object-fit:cover\" srcset=\"https:\/\/comptoirphenix.fr\/wp-content\/uploads\/sites\/3\/2025\/10\/meilleur_restaurant_vieux_lyon7.jpg 720w, https:\/\/comptoirphenix.fr\/wp-content\/uploads\/sites\/3\/2025\/10\/meilleur_restaurant_vieux_lyon7-400x600.jpg 400w\" sizes=\"(max-width: 720px) 100vw, 720px\" \/><\/figure>\n<\/div>\n\n\n\n<div class=\"wp-block-group is-vertical is-layout-flex wp-container-core-group-is-layout-5d3258f0 wp-block-group-is-layout-flex\">\n<p>\u00bfEl resultado? Un men\u00fa corto y estacional, dise\u00f1ado para el placer, con un fuerte \u00e9nfasis en las plantas, los productos de origen cuidadoso y un enfoque constante en el sabor y el toque adecuado. <\/p>\n<\/div>\n\n<\/div>\n\n<\/section>\n","protected":false},"excerpt":{"rendered":"","protected":false},"author":1,"featured_media":4363,"parent":0,"menu_order":0,"comment_status":"closed","ping_status":"closed","template":"","meta":{"_acf_changed":false,"inline_featured_image":false,"footnotes":""},"class_list":["post-3070","page","type-page","status-publish","has-post-thumbnail","hentry"],"acf":[],"yoast_head":"<!-- This site is optimized with the Yoast SEO plugin v27.2 - https:\/\/yoast.com\/product\/yoast-seo-wordpress\/ -->\n<title>Restaurante Vieux Lyon, St Jean - Casero, Fresco, de Temporada<\/title>\n<meta name=\"description\" content=\"Restaurante casero en Lyon Saint-Jean. Cocina fresca, de temporada y sabrosa en un marco aut\u00e9ntico.\" \/>\n<meta name=\"robots\" content=\"index, follow, max-snippet:-1, max-image-preview:large, max-video-preview:-1\" \/>\n<link rel=\"canonical\" href=\"https:\/\/comptoirphenix.fr\/es\/restaurante-cocina-casera\/\" \/>\n<meta property=\"og:locale\" content=\"es_ES\" \/>\n<meta property=\"og:type\" content=\"article\" \/>\n<meta property=\"og:title\" content=\"Restaurante Vieux Lyon, St Jean - Casero, Fresco, de Temporada\" \/>\n<meta property=\"og:description\" content=\"Restaurante casero en Lyon Saint-Jean. Cocina fresca, de temporada y sabrosa en un marco aut\u00e9ntico.\" \/>\n<meta property=\"og:url\" content=\"https:\/\/comptoirphenix.fr\/es\/restaurante-cocina-casera\/\" \/>\n<meta property=\"og:site_name\" content=\"Comptoir Phenix\" \/>\n<meta property=\"article:modified_time\" content=\"2025-10-22T07:55:26+00:00\" \/>\n<meta property=\"og:image\" content=\"https:\/\/comptoirphenix.fr\/wp-content\/uploads\/sites\/3\/2025\/03\/180214125_762268631152936_6489830965960775802_n.jpg\" \/>\n\t<meta property=\"og:image:width\" content=\"1080\" \/>\n\t<meta property=\"og:image:height\" content=\"1080\" \/>\n\t<meta property=\"og:image:type\" content=\"image\/jpeg\" \/>\n<meta name=\"twitter:card\" content=\"summary_large_image\" \/>\n<meta name=\"twitter:label1\" content=\"Tiempo de lectura\" \/>\n\t<meta name=\"twitter:data1\" content=\"2 minuto\" \/>\n<script type=\"application\/ld+json\" class=\"yoast-schema-graph\">{\"@context\":\"https:\/\/schema.org\",\"@graph\":[{\"@type\":\"WebPage\",\"@id\":\"https:\/\/comptoirphenix.fr\/es\/restaurante-cocina-casera\/\",\"url\":\"https:\/\/comptoirphenix.fr\/es\/restaurante-cocina-casera\/\",\"name\":\"Restaurante Vieux Lyon, St Jean - Casero, Fresco, de Temporada\",\"isPartOf\":{\"@id\":\"https:\/\/comptoirphenix.fr\/es\/#website\"},\"primaryImageOfPage\":{\"@id\":\"https:\/\/comptoirphenix.fr\/es\/restaurante-cocina-casera\/#primaryimage\"},\"image\":{\"@id\":\"https:\/\/comptoirphenix.fr\/es\/restaurante-cocina-casera\/#primaryimage\"},\"thumbnailUrl\":\"https:\/\/comptoirphenix.fr\/wp-content\/uploads\/sites\/3\/2025\/03\/180214125_762268631152936_6489830965960775802_n.jpg\",\"datePublished\":\"2025-04-16T15:40:07+00:00\",\"dateModified\":\"2025-10-22T07:55:26+00:00\",\"description\":\"Restaurante casero en Lyon Saint-Jean. Cocina fresca, de temporada y sabrosa en un marco aut\u00e9ntico.\",\"breadcrumb\":{\"@id\":\"https:\/\/comptoirphenix.fr\/es\/restaurante-cocina-casera\/#breadcrumb\"},\"inLanguage\":\"es\",\"potentialAction\":[{\"@type\":\"ReadAction\",\"target\":[\"https:\/\/comptoirphenix.fr\/es\/restaurante-cocina-casera\/\"]}]},{\"@type\":\"ImageObject\",\"inLanguage\":\"es\",\"@id\":\"https:\/\/comptoirphenix.fr\/es\/restaurante-cocina-casera\/#primaryimage\",\"url\":\"https:\/\/comptoirphenix.fr\/wp-content\/uploads\/sites\/3\/2025\/03\/180214125_762268631152936_6489830965960775802_n.jpg\",\"contentUrl\":\"https:\/\/comptoirphenix.fr\/wp-content\/uploads\/sites\/3\/2025\/03\/180214125_762268631152936_6489830965960775802_n.jpg\",\"width\":1080,\"height\":1080,\"caption\":\"180214125 762268631152936 6489830965960775802 n\"},{\"@type\":\"BreadcrumbList\",\"@id\":\"https:\/\/comptoirphenix.fr\/es\/restaurante-cocina-casera\/#breadcrumb\",\"itemListElement\":[{\"@type\":\"ListItem\",\"position\":1,\"name\":\"Accueil\",\"item\":\"https:\/\/comptoirphenix.fr\/es\/\"},{\"@type\":\"ListItem\",\"position\":2,\"name\":\"La cocina\"}]},{\"@type\":\"WebSite\",\"@id\":\"https:\/\/comptoirphenix.fr\/es\/#website\",\"url\":\"https:\/\/comptoirphenix.fr\/es\/\",\"name\":\"Globe Cecil\",\"description\":\"\",\"publisher\":{\"@id\":\"https:\/\/comptoirphenix.fr\/es\/#organization\"},\"potentialAction\":[{\"@type\":\"SearchAction\",\"target\":{\"@type\":\"EntryPoint\",\"urlTemplate\":\"https:\/\/comptoirphenix.fr\/es\/?s={search_term_string}\"},\"query-input\":{\"@type\":\"PropertyValueSpecification\",\"valueRequired\":true,\"valueName\":\"search_term_string\"}}],\"inLanguage\":\"es\"},{\"@type\":\"Organization\",\"@id\":\"https:\/\/comptoirphenix.fr\/es\/#organization\",\"name\":\"Globe Cecil\",\"url\":\"https:\/\/comptoirphenix.fr\/es\/\",\"logo\":{\"@type\":\"ImageObject\",\"inLanguage\":\"es\",\"@id\":\"https:\/\/comptoirphenix.fr\/es\/#\/schema\/logo\/image\/\",\"url\":\"https:\/\/comptoirphenix.fr\/wp-content\/uploads\/sites\/3\/2025\/05\/LOGO-Comptoir-Phenix-White.svg\",\"contentUrl\":\"https:\/\/comptoirphenix.fr\/wp-content\/uploads\/sites\/3\/2025\/05\/LOGO-Comptoir-Phenix-White.svg\",\"width\":456,\"height\":124,\"caption\":\"Globe Cecil\"},\"image\":{\"@id\":\"https:\/\/comptoirphenix.fr\/es\/#\/schema\/logo\/image\/\"}}]}<\/script>\n<!-- \/ Yoast SEO plugin. -->","yoast_head_json":{"title":"Restaurante Vieux Lyon, St Jean - Casero, Fresco, de Temporada","description":"Restaurante casero en Lyon Saint-Jean. Cocina fresca, de temporada y sabrosa en un marco aut\u00e9ntico.","robots":{"index":"index","follow":"follow","max-snippet":"max-snippet:-1","max-image-preview":"max-image-preview:large","max-video-preview":"max-video-preview:-1"},"canonical":"https:\/\/comptoirphenix.fr\/es\/restaurante-cocina-casera\/","og_locale":"es_ES","og_type":"article","og_title":"Restaurante Vieux Lyon, St Jean - Casero, Fresco, de Temporada","og_description":"Restaurante casero en Lyon Saint-Jean. Cocina fresca, de temporada y sabrosa en un marco aut\u00e9ntico.","og_url":"https:\/\/comptoirphenix.fr\/es\/restaurante-cocina-casera\/","og_site_name":"Comptoir Phenix","article_modified_time":"2025-10-22T07:55:26+00:00","og_image":[{"width":1080,"height":1080,"url":"https:\/\/comptoirphenix.fr\/wp-content\/uploads\/sites\/3\/2025\/03\/180214125_762268631152936_6489830965960775802_n.jpg","type":"image\/jpeg"}],"twitter_card":"summary_large_image","twitter_misc":{"Tiempo de lectura":"2 minuto"},"schema":{"@context":"https:\/\/schema.org","@graph":[{"@type":"WebPage","@id":"https:\/\/comptoirphenix.fr\/es\/restaurante-cocina-casera\/","url":"https:\/\/comptoirphenix.fr\/es\/restaurante-cocina-casera\/","name":"Restaurante Vieux Lyon, St Jean - Casero, Fresco, de Temporada","isPartOf":{"@id":"https:\/\/comptoirphenix.fr\/es\/#website"},"primaryImageOfPage":{"@id":"https:\/\/comptoirphenix.fr\/es\/restaurante-cocina-casera\/#primaryimage"},"image":{"@id":"https:\/\/comptoirphenix.fr\/es\/restaurante-cocina-casera\/#primaryimage"},"thumbnailUrl":"https:\/\/comptoirphenix.fr\/wp-content\/uploads\/sites\/3\/2025\/03\/180214125_762268631152936_6489830965960775802_n.jpg","datePublished":"2025-04-16T15:40:07+00:00","dateModified":"2025-10-22T07:55:26+00:00","description":"Restaurante casero en Lyon Saint-Jean. Cocina fresca, de temporada y sabrosa en un marco aut\u00e9ntico.","breadcrumb":{"@id":"https:\/\/comptoirphenix.fr\/es\/restaurante-cocina-casera\/#breadcrumb"},"inLanguage":"es","potentialAction":[{"@type":"ReadAction","target":["https:\/\/comptoirphenix.fr\/es\/restaurante-cocina-casera\/"]}]},{"@type":"ImageObject","inLanguage":"es","@id":"https:\/\/comptoirphenix.fr\/es\/restaurante-cocina-casera\/#primaryimage","url":"https:\/\/comptoirphenix.fr\/wp-content\/uploads\/sites\/3\/2025\/03\/180214125_762268631152936_6489830965960775802_n.jpg","contentUrl":"https:\/\/comptoirphenix.fr\/wp-content\/uploads\/sites\/3\/2025\/03\/180214125_762268631152936_6489830965960775802_n.jpg","width":1080,"height":1080,"caption":"180214125 762268631152936 6489830965960775802 n"},{"@type":"BreadcrumbList","@id":"https:\/\/comptoirphenix.fr\/es\/restaurante-cocina-casera\/#breadcrumb","itemListElement":[{"@type":"ListItem","position":1,"name":"Accueil","item":"https:\/\/comptoirphenix.fr\/es\/"},{"@type":"ListItem","position":2,"name":"La cocina"}]},{"@type":"WebSite","@id":"https:\/\/comptoirphenix.fr\/es\/#website","url":"https:\/\/comptoirphenix.fr\/es\/","name":"Globe Cecil","description":"","publisher":{"@id":"https:\/\/comptoirphenix.fr\/es\/#organization"},"potentialAction":[{"@type":"SearchAction","target":{"@type":"EntryPoint","urlTemplate":"https:\/\/comptoirphenix.fr\/es\/?s={search_term_string}"},"query-input":{"@type":"PropertyValueSpecification","valueRequired":true,"valueName":"search_term_string"}}],"inLanguage":"es"},{"@type":"Organization","@id":"https:\/\/comptoirphenix.fr\/es\/#organization","name":"Globe Cecil","url":"https:\/\/comptoirphenix.fr\/es\/","logo":{"@type":"ImageObject","inLanguage":"es","@id":"https:\/\/comptoirphenix.fr\/es\/#\/schema\/logo\/image\/","url":"https:\/\/comptoirphenix.fr\/wp-content\/uploads\/sites\/3\/2025\/05\/LOGO-Comptoir-Phenix-White.svg","contentUrl":"https:\/\/comptoirphenix.fr\/wp-content\/uploads\/sites\/3\/2025\/05\/LOGO-Comptoir-Phenix-White.svg","width":456,"height":124,"caption":"Globe Cecil"},"image":{"@id":"https:\/\/comptoirphenix.fr\/es\/#\/schema\/logo\/image\/"}}]}},"_links":{"self":[{"href":"https:\/\/comptoirphenix.fr\/es\/wp-json\/wp\/v2\/pages\/3070","targetHints":{"allow":["GET"]}}],"collection":[{"href":"https:\/\/comptoirphenix.fr\/es\/wp-json\/wp\/v2\/pages"}],"about":[{"href":"https:\/\/comptoirphenix.fr\/es\/wp-json\/wp\/v2\/types\/page"}],"author":[{"embeddable":true,"href":"https:\/\/comptoirphenix.fr\/es\/wp-json\/wp\/v2\/users\/1"}],"replies":[{"embeddable":true,"href":"https:\/\/comptoirphenix.fr\/es\/wp-json\/wp\/v2\/comments?post=3070"}],"version-history":[{"count":11,"href":"https:\/\/comptoirphenix.fr\/es\/wp-json\/wp\/v2\/pages\/3070\/revisions"}],"predecessor-version":[{"id":7128,"href":"https:\/\/comptoirphenix.fr\/es\/wp-json\/wp\/v2\/pages\/3070\/revisions\/7128"}],"wp:featuredmedia":[{"embeddable":true,"href":"https:\/\/comptoirphenix.fr\/es\/wp-json\/wp\/v2\/media\/4363"}],"wp:attachment":[{"href":"https:\/\/comptoirphenix.fr\/es\/wp-json\/wp\/v2\/media?parent=3070"}],"curies":[{"name":"wp","href":"https:\/\/api.w.org\/{rel}","templated":true}]}}