{"id":3964,"date":"2025-04-23T10:20:05","date_gmt":"2025-04-23T08:20:05","guid":{"rendered":"https:\/\/comptoirphenix.fr\/hotel-encanto-4-estrellas\/nuestros-espacios\/"},"modified":"2025-07-01T20:49:23","modified_gmt":"2025-07-01T18:49:23","slug":"desayuno","status":"publish","type":"page","link":"https:\/\/comptoirphenix.fr\/es\/restaurante-vieux-lyon-quai-de-saone\/desayuno\/","title":{"rendered":"Desayuno"},"content":{"rendered":"\n<section class=\"heading wp-elements-a324fe987ff7966f49912223d2b7c8f2 wp-elements-a324fe987ff7966f49912223d2b7c8f2 wp-block-acf-heading has-text-color has-primary-color has-background has-white-100-background-color\">\n\t<div class=\"heading__container\">\n\t\t\t\t\t<div class=\"heading__background-picture\">\n\t\t\t\t<img decoding=\"async\" width=\"1620\" height=\"1080\" src=\"https:\/\/comptoirphenix.fr\/wp-content\/uploads\/sites\/3\/2025\/06\/petit-dejeuenr-lyon.jpg\" class=\"attachment-full size-full\" alt=\"petit dejeuenr lyon\" fetchpriority=\"high\" srcset=\"https:\/\/comptoirphenix.fr\/wp-content\/uploads\/sites\/3\/2025\/06\/petit-dejeuenr-lyon.jpg 1620w, https:\/\/comptoirphenix.fr\/wp-content\/uploads\/sites\/3\/2025\/06\/petit-dejeuenr-lyon-600x400.jpg 600w, https:\/\/comptoirphenix.fr\/wp-content\/uploads\/sites\/3\/2025\/06\/petit-dejeuenr-lyon-1400x933.jpg 1400w, https:\/\/comptoirphenix.fr\/wp-content\/uploads\/sites\/3\/2025\/06\/petit-dejeuenr-lyon-768x512.jpg 768w, https:\/\/comptoirphenix.fr\/wp-content\/uploads\/sites\/3\/2025\/06\/petit-dejeuenr-lyon-1536x1024.jpg 1536w\" sizes=\"(max-width: 1620px) 100vw, 1620px\" \/>\t\t\t<\/div>\n\t\t\t\t<div class=\"heading__layout\">\n\t\t\t<div class=\"heading__content-wrapper has-white-100-background-color\">\n\t\t\t\t<div class=\"heading__content has-white-100-background-color\">\n\t\t\t\t\t\t\t\t\t<p id=\"breadcrumbs\"><span><span><a href=\"https:\/\/comptoirphenix.fr\/es\/\">Accueil<\/a><\/span><\/span><\/p>\t\t\t\t\t\t\t\t\t<div class=\"acf-innerblocks-container\">\n\n<div class=\"wp-block-group heading-content-group is-layout-grid wp-container-core-group-is-layout-96b258e4 wp-block-group-is-layout-grid\">\n<h1 class=\"wp-block-heading has-text-align-left heading__title has-primary-color has-text-color has-xx-large-font-size wp-container-content-32a3e683\"><strong>Desayuno<\/strong><\/h1>\n\n\n\n<p class=\"heading__chapo has-primary-color has-text-color wp-container-content-32a3e683\">La comida m\u00e1s importante del d\u00eda<\/p>\n<\/div>\n\n<\/div>\n\t\t\t\t<\/div>\n\t\t\t\t\t\t\t<\/div>\n\t\t<\/div>\n\t<\/div>\n<\/section>\n\n\n\t<section\n\t\tstyle=\"padding-top:var(--wp--preset--spacing--theme-default);padding-bottom:var(--wp--preset--spacing--theme-default);\" class=\"double-columns wp-block-acf-double-columns has-background has-white-background-color has-global-padding is-layout-constrained wp-container-acf-double-columns-is-layout-a22d0bdd wp-block-acf-double-columns-is-layout-constrained\"\t>\n\n<div class=\"double-columns__innerblocks\">\n\n<div class=\"wp-block-group is-vertical is-content-justification-stretch is-layout-flex wp-container-core-group-is-layout-84739627 wp-block-group-is-layout-flex\">\n<div class=\"wp-block-group is-vertical is-content-justification-center is-layout-flex wp-container-core-group-is-layout-fa38c63a wp-block-group-is-layout-flex\">\n<figure class=\"wp-block-image aligncenter size-full is-resized\"><img decoding=\"async\" width=\"1400\" height=\"1100\" src=\"https:\/\/comptoirphenix.fr\/wp-content\/uploads\/sites\/3\/2025\/06\/coffee@4x-e1751373005397.png\" alt=\"caf&#xE9;@4x\" class=\"wp-image-6286\" style=\"width:auto;height:120px\" srcset=\"https:\/\/comptoirphenix.fr\/wp-content\/uploads\/sites\/3\/2025\/06\/coffee@4x-e1751373005397.png 1400w, https:\/\/comptoirphenix.fr\/wp-content\/uploads\/sites\/3\/2025\/06\/coffee@4x-e1751373005397-600x471.png 600w, https:\/\/comptoirphenix.fr\/wp-content\/uploads\/sites\/3\/2025\/06\/coffee@4x-e1751373005397-768x603.png 768w\" sizes=\"(max-width: 1400px) 100vw, 1400px\" \/><\/figure>\n<\/div>\n\n\n\n<p class=\"has-text-align-left\">En el Comptoir Ph\u00e9nix, las ma\u00f1anas tienen un sabor diferente. En nuestro luminoso comedor, con sus suelos de mosaico y sus ventanas con paneles de madera, empezamos el d\u00eda con suavidad, con un desayuno completo y sabroso para disfrutar sin prisas. <\/p>\n\n\n\n<ul class=\"wp-block-list\">\n<li><strong>Abierto 7 d\u00edas a la semana<\/strong><\/li>\n\n\n\n<li><strong>De 6.00 a 10.00 h, de lunes a viernes<\/strong><\/li>\n\n\n\n<li><strong>7h-11h &#8211; Fines de semana y festivos<\/strong><\/li>\n<\/ul>\n<\/div>\n\n\n\n<div class=\"wp-block-group is-layout-flow wp-block-group-is-layout-flow\">\n<figure class=\"wp-block-image size-full\"><img decoding=\"async\" width=\"1200\" height=\"800\" src=\"https:\/\/comptoirphenix.fr\/wp-content\/uploads\/sites\/3\/2025\/06\/restaurant-lyon-centre6.jpg\" alt=\"restaurante lyon centre6\" class=\"wp-image-6291\" style=\"aspect-ratio:1;object-fit:cover\" srcset=\"https:\/\/comptoirphenix.fr\/wp-content\/uploads\/sites\/3\/2025\/06\/restaurant-lyon-centre6.jpg 1200w, https:\/\/comptoirphenix.fr\/wp-content\/uploads\/sites\/3\/2025\/06\/restaurant-lyon-centre6-600x400.jpg 600w, https:\/\/comptoirphenix.fr\/wp-content\/uploads\/sites\/3\/2025\/06\/restaurant-lyon-centre6-768x512.jpg 768w\" sizes=\"(max-width: 1200px) 100vw, 1200px\" \/><\/figure>\n<\/div>\n\n<\/div>\n\n<\/section>\n\n\t<section\n\t\tstyle=\"padding-top:var(--wp--preset--spacing--theme-default);padding-bottom:var(--wp--preset--spacing--theme-default);\" class=\"double-columns double-columns-reverse_colums_mobile image-is-animate wp-block-acf-double-columns has-background has-white-100-background-color has-global-padding is-layout-constrained wp-container-acf-double-columns-is-layout-a22d0bdd wp-block-acf-double-columns-is-layout-constrained\"\t>\n\n<div class=\"double-columns__innerblocks\">\n\n<div class=\"wp-block-group is-vertical is-layout-flex wp-container-core-group-is-layout-99e95872 wp-block-group-is-layout-flex\">\n<figure class=\"wp-block-image size-full\"><img decoding=\"async\" width=\"1200\" height=\"800\" src=\"https:\/\/comptoirphenix.fr\/wp-content\/uploads\/sites\/3\/2025\/06\/restaurant-lyon-centre5.jpg\" alt=\"restaurante lyon centre5\" class=\"wp-image-6295\" style=\"aspect-ratio:3\/4;object-fit:cover\" srcset=\"https:\/\/comptoirphenix.fr\/wp-content\/uploads\/sites\/3\/2025\/06\/restaurant-lyon-centre5.jpg 1200w, https:\/\/comptoirphenix.fr\/wp-content\/uploads\/sites\/3\/2025\/06\/restaurant-lyon-centre5-600x400.jpg 600w, https:\/\/comptoirphenix.fr\/wp-content\/uploads\/sites\/3\/2025\/06\/restaurant-lyon-centre5-768x512.jpg 768w\" sizes=\"(max-width: 1200px) 100vw, 1200px\" \/><\/figure>\n<\/div>\n\n\n\n<div class=\"wp-block-group is-vertical is-layout-flex wp-container-core-group-is-layout-99e95872 wp-block-group-is-layout-flex\">\n<h3 class=\"wp-block-heading\">\u00bfQu\u00e9 desayunamos?<\/h3>\n\n\n\n<p>Todas las ma\u00f1anas, nuestro desayuno buffet ofrece productos locales y de temporada: pan y boller\u00eda reci\u00e9n horneados, mieles y mermeladas artesanales, huevos ecol\u00f3gicos, quesos, embutidos, fruta fresca, zumos de fruta artesanales, cereales, granola y pasteles caseros&#8230; El desayuno est\u00e1 disponible para los hu\u00e9spedes del hotel y abierto a visitantes externos, sujeto a disponibilidad (no es necesario reservar).<\/p>\n\n\n\n<ul class=\"wp-block-list\">\n<li><strong>19\u20ac \/adulto (a partir de 12 a\u00f1os)<\/strong><\/li>\n\n\n\n<li><strong>9,5\u20ac \/ni\u00f1o (5-12 a\u00f1os)<\/strong><\/li>\n\n\n\n<li><strong>Gratis \/ni\u00f1o (menores de 5 a\u00f1os)<\/strong><\/li>\n<\/ul>\n<\/div>\n\n<\/div>\n\n<\/section>\n\n\t<section\n\t\tstyle=\"padding-top:var(--wp--preset--spacing--theme-default);padding-bottom:var(--wp--preset--spacing--theme-default);\" class=\"block-container align wp-block-acf-block-container has-background has-white-background-color has-global-padding is-layout-constrained wp-container-acf-block-container-is-layout-89fc666d wp-block-acf-block-container-is-layout-constrained\"\t>\n\n\t\n\n<h3 class=\"wp-block-heading has-text-align-center\">Una verdadera mesa matinal, generosa, gourmet, que se adapta tanto a los deseos dulces como a los salados.<\/h3>\n\n\n\n<\/section>\n","protected":false},"excerpt":{"rendered":"","protected":false},"author":2,"featured_media":0,"parent":3190,"menu_order":0,"comment_status":"closed","ping_status":"closed","template":"","meta":{"_acf_changed":false,"inline_featured_image":false,"footnotes":""},"class_list":["post-3964","page","type-page","status-publish","hentry"],"acf":[],"yoast_head":"<!-- This site is optimized with the Yoast SEO plugin v27.2 - https:\/\/yoast.com\/product\/yoast-seo-wordpress\/ -->\n<title>Bistronomic Restaurant Vieux Lyon - Original<\/title>\n<meta name=\"description\" content=\"Comida original y sabrosa en un restaurante bistron\u00f3mico de Lyon Saint-Jean. Recetas creativas, productos de temporada.\" \/>\n<meta name=\"robots\" content=\"index, follow, max-snippet:-1, max-image-preview:large, max-video-preview:-1\" \/>\n<link rel=\"canonical\" href=\"https:\/\/comptoirphenix.fr\/es\/restaurante-vieux-lyon-quai-de-saone\/desayuno\/\" \/>\n<meta property=\"og:locale\" content=\"es_ES\" \/>\n<meta property=\"og:type\" content=\"article\" \/>\n<meta property=\"og:title\" content=\"Bistronomic Restaurant Vieux Lyon - Original\" \/>\n<meta property=\"og:description\" content=\"Comida original y sabrosa en un restaurante bistron\u00f3mico de Lyon Saint-Jean. Recetas creativas, productos de temporada.\" \/>\n<meta property=\"og:url\" content=\"https:\/\/comptoirphenix.fr\/es\/restaurante-vieux-lyon-quai-de-saone\/desayuno\/\" \/>\n<meta property=\"og:site_name\" content=\"Comptoir Phenix\" \/>\n<meta property=\"article:modified_time\" content=\"2025-07-01T18:49:23+00:00\" \/>\n<meta property=\"og:image\" content=\"https:\/\/comptoirphenix.fr\/wp-content\/uploads\/sites\/3\/2025\/06\/coffee@4x-e1751373005397.png\" \/>\n<meta name=\"twitter:card\" content=\"summary_large_image\" \/>\n<meta name=\"twitter:label1\" content=\"Tiempo de lectura\" \/>\n\t<meta name=\"twitter:data1\" content=\"2 minuto\" \/>\n<script type=\"application\/ld+json\" class=\"yoast-schema-graph\">{\"@context\":\"https:\/\/schema.org\",\"@graph\":[{\"@type\":\"WebPage\",\"@id\":\"https:\/\/comptoirphenix.fr\/es\/restaurante-vieux-lyon-quai-de-saone\/desayuno\/\",\"url\":\"https:\/\/comptoirphenix.fr\/es\/restaurante-vieux-lyon-quai-de-saone\/desayuno\/\",\"name\":\"Bistronomic Restaurant Vieux Lyon - Original\",\"isPartOf\":{\"@id\":\"https:\/\/comptoirphenix.fr\/es\/#website\"},\"primaryImageOfPage\":{\"@id\":\"https:\/\/comptoirphenix.fr\/es\/restaurante-vieux-lyon-quai-de-saone\/desayuno\/#primaryimage\"},\"image\":{\"@id\":\"https:\/\/comptoirphenix.fr\/es\/restaurante-vieux-lyon-quai-de-saone\/desayuno\/#primaryimage\"},\"thumbnailUrl\":\"https:\/\/comptoirphenix.fr\/wp-content\/uploads\/sites\/3\/2025\/06\/coffee@4x-e1751373005397.png\",\"datePublished\":\"2025-04-23T08:20:05+00:00\",\"dateModified\":\"2025-07-01T18:49:23+00:00\",\"description\":\"Comida original y sabrosa en un restaurante bistron\u00f3mico de Lyon Saint-Jean. Recetas creativas, productos de temporada.\",\"breadcrumb\":{\"@id\":\"https:\/\/comptoirphenix.fr\/es\/restaurante-vieux-lyon-quai-de-saone\/desayuno\/#breadcrumb\"},\"inLanguage\":\"es\",\"potentialAction\":[{\"@type\":\"ReadAction\",\"target\":[\"https:\/\/comptoirphenix.fr\/es\/restaurante-vieux-lyon-quai-de-saone\/desayuno\/\"]}]},{\"@type\":\"ImageObject\",\"inLanguage\":\"es\",\"@id\":\"https:\/\/comptoirphenix.fr\/es\/restaurante-vieux-lyon-quai-de-saone\/desayuno\/#primaryimage\",\"url\":\"https:\/\/comptoirphenix.fr\/wp-content\/uploads\/sites\/3\/2025\/06\/coffee@4x-e1751373005397.png\",\"contentUrl\":\"https:\/\/comptoirphenix.fr\/wp-content\/uploads\/sites\/3\/2025\/06\/coffee@4x-e1751373005397.png\"},{\"@type\":\"BreadcrumbList\",\"@id\":\"https:\/\/comptoirphenix.fr\/es\/restaurante-vieux-lyon-quai-de-saone\/desayuno\/#breadcrumb\",\"itemListElement\":[{\"@type\":\"ListItem\",\"position\":1,\"name\":\"Accueil\",\"item\":\"https:\/\/comptoirphenix.fr\/es\/\"},{\"@type\":\"ListItem\",\"position\":2,\"name\":\"El restaurante\",\"item\":\"https:\/\/comptoirphenix.fr\/es\/restaurante-vieux-lyon-quai-de-saone\/\"},{\"@type\":\"ListItem\",\"position\":3,\"name\":\"Desayuno\"}]},{\"@type\":\"WebSite\",\"@id\":\"https:\/\/comptoirphenix.fr\/es\/#website\",\"url\":\"https:\/\/comptoirphenix.fr\/es\/\",\"name\":\"Globe Cecil\",\"description\":\"\",\"publisher\":{\"@id\":\"https:\/\/comptoirphenix.fr\/es\/#organization\"},\"potentialAction\":[{\"@type\":\"SearchAction\",\"target\":{\"@type\":\"EntryPoint\",\"urlTemplate\":\"https:\/\/comptoirphenix.fr\/es\/?s={search_term_string}\"},\"query-input\":{\"@type\":\"PropertyValueSpecification\",\"valueRequired\":true,\"valueName\":\"search_term_string\"}}],\"inLanguage\":\"es\"},{\"@type\":\"Organization\",\"@id\":\"https:\/\/comptoirphenix.fr\/es\/#organization\",\"name\":\"Globe Cecil\",\"url\":\"https:\/\/comptoirphenix.fr\/es\/\",\"logo\":{\"@type\":\"ImageObject\",\"inLanguage\":\"es\",\"@id\":\"https:\/\/comptoirphenix.fr\/es\/#\/schema\/logo\/image\/\",\"url\":\"https:\/\/comptoirphenix.fr\/wp-content\/uploads\/sites\/3\/2025\/05\/LOGO-Comptoir-Phenix-White.svg\",\"contentUrl\":\"https:\/\/comptoirphenix.fr\/wp-content\/uploads\/sites\/3\/2025\/05\/LOGO-Comptoir-Phenix-White.svg\",\"width\":456,\"height\":124,\"caption\":\"Globe Cecil\"},\"image\":{\"@id\":\"https:\/\/comptoirphenix.fr\/es\/#\/schema\/logo\/image\/\"}}]}<\/script>\n<!-- \/ Yoast SEO plugin. -->","yoast_head_json":{"title":"Bistronomic Restaurant Vieux Lyon - Original","description":"Comida original y sabrosa en un restaurante bistron\u00f3mico de Lyon Saint-Jean. Recetas creativas, productos de temporada.","robots":{"index":"index","follow":"follow","max-snippet":"max-snippet:-1","max-image-preview":"max-image-preview:large","max-video-preview":"max-video-preview:-1"},"canonical":"https:\/\/comptoirphenix.fr\/es\/restaurante-vieux-lyon-quai-de-saone\/desayuno\/","og_locale":"es_ES","og_type":"article","og_title":"Bistronomic Restaurant Vieux Lyon - Original","og_description":"Comida original y sabrosa en un restaurante bistron\u00f3mico de Lyon Saint-Jean. Recetas creativas, productos de temporada.","og_url":"https:\/\/comptoirphenix.fr\/es\/restaurante-vieux-lyon-quai-de-saone\/desayuno\/","og_site_name":"Comptoir Phenix","article_modified_time":"2025-07-01T18:49:23+00:00","og_image":[{"url":"https:\/\/comptoirphenix.fr\/wp-content\/uploads\/sites\/3\/2025\/06\/coffee@4x-e1751373005397.png","type":"","width":"","height":""}],"twitter_card":"summary_large_image","twitter_misc":{"Tiempo de lectura":"2 minuto"},"schema":{"@context":"https:\/\/schema.org","@graph":[{"@type":"WebPage","@id":"https:\/\/comptoirphenix.fr\/es\/restaurante-vieux-lyon-quai-de-saone\/desayuno\/","url":"https:\/\/comptoirphenix.fr\/es\/restaurante-vieux-lyon-quai-de-saone\/desayuno\/","name":"Bistronomic Restaurant Vieux Lyon - Original","isPartOf":{"@id":"https:\/\/comptoirphenix.fr\/es\/#website"},"primaryImageOfPage":{"@id":"https:\/\/comptoirphenix.fr\/es\/restaurante-vieux-lyon-quai-de-saone\/desayuno\/#primaryimage"},"image":{"@id":"https:\/\/comptoirphenix.fr\/es\/restaurante-vieux-lyon-quai-de-saone\/desayuno\/#primaryimage"},"thumbnailUrl":"https:\/\/comptoirphenix.fr\/wp-content\/uploads\/sites\/3\/2025\/06\/coffee@4x-e1751373005397.png","datePublished":"2025-04-23T08:20:05+00:00","dateModified":"2025-07-01T18:49:23+00:00","description":"Comida original y sabrosa en un restaurante bistron\u00f3mico de Lyon Saint-Jean. Recetas creativas, productos de temporada.","breadcrumb":{"@id":"https:\/\/comptoirphenix.fr\/es\/restaurante-vieux-lyon-quai-de-saone\/desayuno\/#breadcrumb"},"inLanguage":"es","potentialAction":[{"@type":"ReadAction","target":["https:\/\/comptoirphenix.fr\/es\/restaurante-vieux-lyon-quai-de-saone\/desayuno\/"]}]},{"@type":"ImageObject","inLanguage":"es","@id":"https:\/\/comptoirphenix.fr\/es\/restaurante-vieux-lyon-quai-de-saone\/desayuno\/#primaryimage","url":"https:\/\/comptoirphenix.fr\/wp-content\/uploads\/sites\/3\/2025\/06\/coffee@4x-e1751373005397.png","contentUrl":"https:\/\/comptoirphenix.fr\/wp-content\/uploads\/sites\/3\/2025\/06\/coffee@4x-e1751373005397.png"},{"@type":"BreadcrumbList","@id":"https:\/\/comptoirphenix.fr\/es\/restaurante-vieux-lyon-quai-de-saone\/desayuno\/#breadcrumb","itemListElement":[{"@type":"ListItem","position":1,"name":"Accueil","item":"https:\/\/comptoirphenix.fr\/es\/"},{"@type":"ListItem","position":2,"name":"El restaurante","item":"https:\/\/comptoirphenix.fr\/es\/restaurante-vieux-lyon-quai-de-saone\/"},{"@type":"ListItem","position":3,"name":"Desayuno"}]},{"@type":"WebSite","@id":"https:\/\/comptoirphenix.fr\/es\/#website","url":"https:\/\/comptoirphenix.fr\/es\/","name":"Globe Cecil","description":"","publisher":{"@id":"https:\/\/comptoirphenix.fr\/es\/#organization"},"potentialAction":[{"@type":"SearchAction","target":{"@type":"EntryPoint","urlTemplate":"https:\/\/comptoirphenix.fr\/es\/?s={search_term_string}"},"query-input":{"@type":"PropertyValueSpecification","valueRequired":true,"valueName":"search_term_string"}}],"inLanguage":"es"},{"@type":"Organization","@id":"https:\/\/comptoirphenix.fr\/es\/#organization","name":"Globe Cecil","url":"https:\/\/comptoirphenix.fr\/es\/","logo":{"@type":"ImageObject","inLanguage":"es","@id":"https:\/\/comptoirphenix.fr\/es\/#\/schema\/logo\/image\/","url":"https:\/\/comptoirphenix.fr\/wp-content\/uploads\/sites\/3\/2025\/05\/LOGO-Comptoir-Phenix-White.svg","contentUrl":"https:\/\/comptoirphenix.fr\/wp-content\/uploads\/sites\/3\/2025\/05\/LOGO-Comptoir-Phenix-White.svg","width":456,"height":124,"caption":"Globe Cecil"},"image":{"@id":"https:\/\/comptoirphenix.fr\/es\/#\/schema\/logo\/image\/"}}]}},"_links":{"self":[{"href":"https:\/\/comptoirphenix.fr\/es\/wp-json\/wp\/v2\/pages\/3964","targetHints":{"allow":["GET"]}}],"collection":[{"href":"https:\/\/comptoirphenix.fr\/es\/wp-json\/wp\/v2\/pages"}],"about":[{"href":"https:\/\/comptoirphenix.fr\/es\/wp-json\/wp\/v2\/types\/page"}],"author":[{"embeddable":true,"href":"https:\/\/comptoirphenix.fr\/es\/wp-json\/wp\/v2\/users\/2"}],"replies":[{"embeddable":true,"href":"https:\/\/comptoirphenix.fr\/es\/wp-json\/wp\/v2\/comments?post=3964"}],"version-history":[{"count":10,"href":"https:\/\/comptoirphenix.fr\/es\/wp-json\/wp\/v2\/pages\/3964\/revisions"}],"predecessor-version":[{"id":6659,"href":"https:\/\/comptoirphenix.fr\/es\/wp-json\/wp\/v2\/pages\/3964\/revisions\/6659"}],"up":[{"embeddable":true,"href":"https:\/\/comptoirphenix.fr\/es\/wp-json\/wp\/v2\/pages\/3190"}],"wp:attachment":[{"href":"https:\/\/comptoirphenix.fr\/es\/wp-json\/wp\/v2\/media?parent=3964"}],"curies":[{"name":"wp","href":"https:\/\/api.w.org\/{rel}","templated":true}]}}