{"id":3367,"date":"2025-04-16T17:40:08","date_gmt":"2025-04-16T15:40:08","guid":{"rendered":"https:\/\/comptoirphenix.fr\/posizione\/"},"modified":"2025-07-01T17:50:01","modified_gmt":"2025-07-01T15:50:01","slug":"gastronomia-paninoteca","status":"publish","type":"page","link":"https:\/\/comptoirphenix.fr\/it\/ristorante-vieux-lyon-quai-de-saone\/gastronomia-paninoteca\/","title":{"rendered":"Gastronomia e paninoteca"},"content":{"rendered":"\n<section class=\"heading wp-elements-330997ee09bccb0c800a020400c87a6b wp-elements-330997ee09bccb0c800a020400c87a6b wp-block-acf-heading has-text-color has-primary-color has-background has-white-100-background-color\">\n\t<div class=\"heading__container\">\n\t\t\t\t\t<div class=\"heading__background-picture\">\n\t\t\t\t<img decoding=\"async\" width=\"1620\" height=\"1080\" src=\"https:\/\/comptoirphenix.fr\/wp-content\/uploads\/sites\/3\/2025\/06\/Restaurant_Vieux-Lyon8.jpg\" class=\"attachment-full size-full\" alt=\"Restaurant Vieux Lyon8\" fetchpriority=\"high\" srcset=\"https:\/\/comptoirphenix.fr\/wp-content\/uploads\/sites\/3\/2025\/06\/Restaurant_Vieux-Lyon8.jpg 1620w, https:\/\/comptoirphenix.fr\/wp-content\/uploads\/sites\/3\/2025\/06\/Restaurant_Vieux-Lyon8-600x400.jpg 600w, https:\/\/comptoirphenix.fr\/wp-content\/uploads\/sites\/3\/2025\/06\/Restaurant_Vieux-Lyon8-1400x933.jpg 1400w, https:\/\/comptoirphenix.fr\/wp-content\/uploads\/sites\/3\/2025\/06\/Restaurant_Vieux-Lyon8-768x512.jpg 768w, https:\/\/comptoirphenix.fr\/wp-content\/uploads\/sites\/3\/2025\/06\/Restaurant_Vieux-Lyon8-1536x1024.jpg 1536w\" sizes=\"(max-width: 1620px) 100vw, 1620px\" \/>\t\t\t<\/div>\n\t\t\t\t<div class=\"heading__layout\">\n\t\t\t<div class=\"heading__content-wrapper has-white-100-background-color\">\n\t\t\t\t<div class=\"heading__content has-white-100-background-color\">\n\t\t\t\t\t\t\t\t\t<p id=\"breadcrumbs\"><span><span><a href=\"https:\/\/comptoirphenix.fr\/it\/\">Accueil<\/a><\/span><\/span><\/p>\t\t\t\t\t\t\t\t\t<div class=\"acf-innerblocks-container\">\n\n<div class=\"wp-block-group heading-content-group is-layout-grid wp-container-core-group-is-layout-96b258e4 wp-block-group-is-layout-grid\">\n<h1 class=\"wp-block-heading has-text-align-left heading__title has-primary-color has-text-color has-xx-large-font-size wp-container-content-32a3e683\">Gastronomia e paninoteca<\/h1>\n\n\n\n<p class=\"heading__chapo has-primary-color has-text-color\">Dal luned\u00ec al venerd\u00ec dalle 12:00 alle 16:00<\/p>\n<\/div>\n\n<\/div>\n\t\t\t\t<\/div>\n\t\t\t\t\t\t\t\t<div class=\"heading__illustration illustration-with-parallax desktop-only\">\n\t\t\t\t\t<img decoding=\"async\" width=\"350\" height=\"350\" src=\"https:\/\/comptoirphenix.fr\/wp-content\/uploads\/sites\/3\/2025\/04\/MAIN.png\" class=\"attachment-full size-full\" alt=\"MAIN\" fetchpriority=\"high\" srcset=\"https:\/\/comptoirphenix.fr\/wp-content\/uploads\/sites\/3\/2025\/04\/MAIN.png 350w, https:\/\/comptoirphenix.fr\/wp-content\/uploads\/sites\/3\/2025\/04\/MAIN-300x300.png 300w\" sizes=\"(max-width: 350px) 100vw, 350px\" \/>\t\t\t\t<\/div>\n\t\t\t\t\t\t\t<\/div>\n\t\t<\/div>\n\t<\/div>\n<\/section>\n\n\n\t<section\n\t\tstyle=\"padding-top:var(--wp--preset--spacing--theme-default);padding-bottom:var(--wp--preset--spacing--theme-default);\" class=\"block-container align wp-block-acf-block-container has-background has-white-background-color is-layout-flow wp-block-acf-block-container-is-layout-flow\"\t>\n\n\t\n\n<div class=\"wp-block-group has-global-padding is-layout-constrained wp-container-core-group-is-layout-8f062365 wp-block-group-is-layout-constrained\">\n<h3 class=\"wp-block-heading has-text-align-left\">Piatti gustosi e belli da portare via&#8230; o da gustare in viaggio<\/h3>\n\n\n\n<p class=\"has-text-align-left\">A pochi passi da Place Saint-Jean e dai ciottoli della Vieux Lyon, il Comptoir Ph\u00e9nix ha aperto un nuovo angolo di gusto: la nostra gastronomia e paninoteca interna. Qui rompiamo la routine di un pranzo frettoloso con generosi panini, preparati ogni giorno con prodotti freschi e locali, accuratamente acquistati dai nostri partner. <\/p>\n<\/div>\n\n\n\n<\/section>\n\n\t<section\n\t\tstyle=\"padding-top:var(--wp--preset--spacing--theme-default);padding-bottom:var(--wp--preset--spacing--theme-default);\" class=\"double-columns wp-block-acf-double-columns has-background has-white-100-background-color has-global-padding is-layout-constrained wp-container-acf-double-columns-is-layout-a22d0bdd wp-block-acf-double-columns-is-layout-constrained\"\t>\n\n<div class=\"double-columns__innerblocks\">\n\n<div class=\"wp-block-group is-vertical is-content-justification-stretch is-layout-flex wp-container-core-group-is-layout-cee9c102 wp-block-group-is-layout-flex\">\n<figure class=\"wp-block-image size-full\"><img decoding=\"async\" width=\"683\" height=\"1024\" src=\"https:\/\/comptoirphenix.fr\/wp-content\/uploads\/sites\/3\/2025\/06\/sandwicherie-epicerie-vieux-lyon15.jpg\" alt=\"paninoteca drogheria vecchio lione15\" class=\"wp-image-6246\" style=\"aspect-ratio:3\/4;object-fit:cover\" srcset=\"https:\/\/comptoirphenix.fr\/wp-content\/uploads\/sites\/3\/2025\/06\/sandwicherie-epicerie-vieux-lyon15.jpg 683w, https:\/\/comptoirphenix.fr\/wp-content\/uploads\/sites\/3\/2025\/06\/sandwicherie-epicerie-vieux-lyon15-400x600.jpg 400w\" sizes=\"(max-width: 683px) 100vw, 683px\" \/><\/figure>\n<\/div>\n\n\n\n<div class=\"wp-block-group is-vertical is-layout-flex wp-container-core-group-is-layout-99e95872 wp-block-group-is-layout-flex\">\n<p>Pane croccante, condimenti fatti in casa, ricette che cambiano a seconda dei capricci della brigata&#8230; Il tutto da portare via o da gustare sulla nostra discreta terrazza, lontano dalla confusione.<\/p>\n\n\n\n<p>Nel pomeriggio, \u00e8 il momento di una dolce sorpresa: una merenda nella Vieux Lyon con i nostri biscotti morbidi, le torte al limone e papavero, le brioches fatte in casa e altri dolci del momento, accompagnati da una buona tazza di caff\u00e8, t\u00e8 freddo o cioccolata calda.<\/p>\n<\/div>\n\n<\/div>\n\n<\/section>\n\n\t<section\n\t\tstyle=\"padding-top:var(--wp--preset--spacing--theme-default);padding-bottom:var(--wp--preset--spacing--theme-default);\" class=\"double-columns wp-block-acf-double-columns has-background has-white-background-color has-global-padding is-layout-constrained wp-container-acf-double-columns-is-layout-a22d0bdd wp-block-acf-double-columns-is-layout-constrained\"\t>\n\n<div class=\"double-columns__innerblocks\">\n\n<div class=\"wp-block-group is-vertical is-layout-flex wp-container-core-group-is-layout-99e95872 wp-block-group-is-layout-flex\">\n<h2 class=\"wp-block-heading has-text-align-center\">Il <mark class=\"has-inline-color has-secondary-color\">miglior <\/mark>prosciutto e burro di Lione<\/h2>\n\n\n\n<p>Il prosciutto imburrato \u00e8 un caposaldo della cucina francese: un valore sicuro e rassicurante. Non \u00e8 solo un panino&#8230; \u00c8 il piatto che dovrebbe soddisfare il tuo appetito e darti l&#8217;energia per trascorrere un pomeriggio costruttivo. <\/p>\n\n\n\n<ul class=\"wp-block-list\">\n<li>Prosciutto di alta qualit\u00e0 da chez Monchardin<\/li>\n\n\n\n<li>Una baguette fresca e croccante dai nostri vicini: il panificio Saint Paul<\/li>\n\n\n\n<li>Una generosa spalmata di burro di Bresse semi-salato<\/li>\n\n\n\n<li>Qualche fetta di cetriolino dolce per un tocco in pi\u00f9<\/li>\n<\/ul>\n<\/div>\n\n\n\n<div class=\"wp-block-group is-vertical is-content-justification-stretch is-layout-flex wp-container-core-group-is-layout-5f0cd685 wp-block-group-is-layout-flex\">\n<figure class=\"wp-block-image size-full\"><img decoding=\"async\" width=\"683\" height=\"1024\" src=\"https:\/\/comptoirphenix.fr\/wp-content\/uploads\/sites\/3\/2025\/06\/sandwicherie-epicerie-vieux-lyon13.jpg\" alt=\"paninoteca drogheria vecchia lione13\" class=\"wp-image-6238\" style=\"aspect-ratio:3\/4;object-fit:cover\" srcset=\"https:\/\/comptoirphenix.fr\/wp-content\/uploads\/sites\/3\/2025\/06\/sandwicherie-epicerie-vieux-lyon13.jpg 683w, https:\/\/comptoirphenix.fr\/wp-content\/uploads\/sites\/3\/2025\/06\/sandwicherie-epicerie-vieux-lyon13-400x600.jpg 400w\" sizes=\"(max-width: 683px) 100vw, 683px\" \/><\/figure>\n<\/div>\n\n<\/div>\n\n<\/section>\n","protected":false},"excerpt":{"rendered":"","protected":false},"author":2,"featured_media":4373,"parent":3418,"menu_order":0,"comment_status":"closed","ping_status":"closed","template":"","meta":{"_acf_changed":false,"inline_featured_image":false,"footnotes":""},"class_list":["post-3367","page","type-page","status-publish","has-post-thumbnail","hentry"],"acf":[],"yoast_head":"<!-- This site is optimized with the Yoast SEO plugin v27.2 - https:\/\/yoast.com\/product\/yoast-seo-wordpress\/ -->\n<title>Salumeria, paninoteca Comptoir Ph\u00e9nix Vieux Lyon<\/title>\n<meta name=\"description\" content=\"Delicatessen e paninoteca tradizionale al Comptoir Ph\u00e9nix, nella Vieux Lyon. Prodotti locali e possibilit\u00e0 di asporto.\" \/>\n<meta name=\"robots\" content=\"index, follow, max-snippet:-1, max-image-preview:large, max-video-preview:-1\" \/>\n<link rel=\"canonical\" href=\"https:\/\/comptoirphenix.fr\/it\/ristorante-vieux-lyon-quai-de-saone\/gastronomia-paninoteca\/\" \/>\n<meta property=\"og:locale\" content=\"it_IT\" \/>\n<meta property=\"og:type\" content=\"article\" \/>\n<meta property=\"og:title\" content=\"Salumeria, paninoteca Comptoir Ph\u00e9nix Vieux Lyon\" \/>\n<meta property=\"og:description\" content=\"Delicatessen e paninoteca tradizionale al Comptoir Ph\u00e9nix, nella Vieux Lyon. Prodotti locali e possibilit\u00e0 di asporto.\" \/>\n<meta property=\"og:url\" content=\"https:\/\/comptoirphenix.fr\/it\/ristorante-vieux-lyon-quai-de-saone\/gastronomia-paninoteca\/\" \/>\n<meta property=\"og:site_name\" content=\"Comptoir Phenix\" \/>\n<meta property=\"article:modified_time\" content=\"2025-07-01T15:50:01+00:00\" \/>\n<meta property=\"og:image\" content=\"https:\/\/comptoirphenix.fr\/wp-content\/uploads\/sites\/3\/2025\/03\/Hotel_lyon_Bellecour1.jpg\" \/>\n\t<meta property=\"og:image:width\" content=\"720\" \/>\n\t<meta property=\"og:image:height\" content=\"1080\" \/>\n\t<meta property=\"og:image:type\" content=\"image\/jpeg\" \/>\n<meta name=\"twitter:card\" content=\"summary_large_image\" \/>\n<meta name=\"twitter:label1\" content=\"Tempo di lettura stimato\" \/>\n\t<meta name=\"twitter:data1\" content=\"2 minuto\" \/>\n<script type=\"application\/ld+json\" class=\"yoast-schema-graph\">{\"@context\":\"https:\/\/schema.org\",\"@graph\":[{\"@type\":\"WebPage\",\"@id\":\"https:\/\/comptoirphenix.fr\/it\/ristorante-vieux-lyon-quai-de-saone\/gastronomia-paninoteca\/\",\"url\":\"https:\/\/comptoirphenix.fr\/it\/ristorante-vieux-lyon-quai-de-saone\/gastronomia-paninoteca\/\",\"name\":\"Salumeria, paninoteca Comptoir Ph\u00e9nix Vieux Lyon\",\"isPartOf\":{\"@id\":\"https:\/\/comptoirphenix.fr\/it\/#website\"},\"primaryImageOfPage\":{\"@id\":\"https:\/\/comptoirphenix.fr\/it\/ristorante-vieux-lyon-quai-de-saone\/gastronomia-paninoteca\/#primaryimage\"},\"image\":{\"@id\":\"https:\/\/comptoirphenix.fr\/it\/ristorante-vieux-lyon-quai-de-saone\/gastronomia-paninoteca\/#primaryimage\"},\"thumbnailUrl\":\"https:\/\/comptoirphenix.fr\/wp-content\/uploads\/sites\/3\/2025\/03\/Hotel_lyon_Bellecour1.jpg\",\"datePublished\":\"2025-04-16T15:40:08+00:00\",\"dateModified\":\"2025-07-01T15:50:01+00:00\",\"description\":\"Delicatessen e paninoteca tradizionale al Comptoir Ph\u00e9nix, nella Vieux Lyon. Prodotti locali e possibilit\u00e0 di asporto.\",\"breadcrumb\":{\"@id\":\"https:\/\/comptoirphenix.fr\/it\/ristorante-vieux-lyon-quai-de-saone\/gastronomia-paninoteca\/#breadcrumb\"},\"inLanguage\":\"it-IT\",\"potentialAction\":[{\"@type\":\"ReadAction\",\"target\":[\"https:\/\/comptoirphenix.fr\/it\/ristorante-vieux-lyon-quai-de-saone\/gastronomia-paninoteca\/\"]}]},{\"@type\":\"ImageObject\",\"inLanguage\":\"it-IT\",\"@id\":\"https:\/\/comptoirphenix.fr\/it\/ristorante-vieux-lyon-quai-de-saone\/gastronomia-paninoteca\/#primaryimage\",\"url\":\"https:\/\/comptoirphenix.fr\/wp-content\/uploads\/sites\/3\/2025\/03\/Hotel_lyon_Bellecour1.jpg\",\"contentUrl\":\"https:\/\/comptoirphenix.fr\/wp-content\/uploads\/sites\/3\/2025\/03\/Hotel_lyon_Bellecour1.jpg\",\"width\":720,\"height\":1080,\"caption\":\"Hotel lyon Bellecour1\"},{\"@type\":\"BreadcrumbList\",\"@id\":\"https:\/\/comptoirphenix.fr\/it\/ristorante-vieux-lyon-quai-de-saone\/gastronomia-paninoteca\/#breadcrumb\",\"itemListElement\":[{\"@type\":\"ListItem\",\"position\":1,\"name\":\"Accueil\",\"item\":\"https:\/\/comptoirphenix.fr\/it\/\"},{\"@type\":\"ListItem\",\"position\":2,\"name\":\"Il ristorante\",\"item\":\"https:\/\/comptoirphenix.fr\/it\/ristorante-vieux-lyon-quai-de-saone\/\"},{\"@type\":\"ListItem\",\"position\":3,\"name\":\"Gastronomia e paninoteca\"}]},{\"@type\":\"WebSite\",\"@id\":\"https:\/\/comptoirphenix.fr\/it\/#website\",\"url\":\"https:\/\/comptoirphenix.fr\/it\/\",\"name\":\"Globe Cecil\",\"description\":\"\",\"publisher\":{\"@id\":\"https:\/\/comptoirphenix.fr\/it\/#organization\"},\"potentialAction\":[{\"@type\":\"SearchAction\",\"target\":{\"@type\":\"EntryPoint\",\"urlTemplate\":\"https:\/\/comptoirphenix.fr\/it\/?s={search_term_string}\"},\"query-input\":{\"@type\":\"PropertyValueSpecification\",\"valueRequired\":true,\"valueName\":\"search_term_string\"}}],\"inLanguage\":\"it-IT\"},{\"@type\":\"Organization\",\"@id\":\"https:\/\/comptoirphenix.fr\/it\/#organization\",\"name\":\"Globe Cecil\",\"url\":\"https:\/\/comptoirphenix.fr\/it\/\",\"logo\":{\"@type\":\"ImageObject\",\"inLanguage\":\"it-IT\",\"@id\":\"https:\/\/comptoirphenix.fr\/it\/#\/schema\/logo\/image\/\",\"url\":\"https:\/\/comptoirphenix.fr\/wp-content\/uploads\/sites\/3\/2025\/05\/LOGO-Comptoir-Phenix-White.svg\",\"contentUrl\":\"https:\/\/comptoirphenix.fr\/wp-content\/uploads\/sites\/3\/2025\/05\/LOGO-Comptoir-Phenix-White.svg\",\"width\":456,\"height\":124,\"caption\":\"Globe Cecil\"},\"image\":{\"@id\":\"https:\/\/comptoirphenix.fr\/it\/#\/schema\/logo\/image\/\"}}]}<\/script>\n<!-- \/ Yoast SEO plugin. -->","yoast_head_json":{"title":"Salumeria, paninoteca Comptoir Ph\u00e9nix Vieux Lyon","description":"Delicatessen e paninoteca tradizionale al Comptoir Ph\u00e9nix, nella Vieux Lyon. Prodotti locali e possibilit\u00e0 di asporto.","robots":{"index":"index","follow":"follow","max-snippet":"max-snippet:-1","max-image-preview":"max-image-preview:large","max-video-preview":"max-video-preview:-1"},"canonical":"https:\/\/comptoirphenix.fr\/it\/ristorante-vieux-lyon-quai-de-saone\/gastronomia-paninoteca\/","og_locale":"it_IT","og_type":"article","og_title":"Salumeria, paninoteca Comptoir Ph\u00e9nix Vieux Lyon","og_description":"Delicatessen e paninoteca tradizionale al Comptoir Ph\u00e9nix, nella Vieux Lyon. Prodotti locali e possibilit\u00e0 di asporto.","og_url":"https:\/\/comptoirphenix.fr\/it\/ristorante-vieux-lyon-quai-de-saone\/gastronomia-paninoteca\/","og_site_name":"Comptoir Phenix","article_modified_time":"2025-07-01T15:50:01+00:00","og_image":[{"width":720,"height":1080,"url":"https:\/\/comptoirphenix.fr\/wp-content\/uploads\/sites\/3\/2025\/03\/Hotel_lyon_Bellecour1.jpg","type":"image\/jpeg"}],"twitter_card":"summary_large_image","twitter_misc":{"Tempo di lettura stimato":"2 minuto"},"schema":{"@context":"https:\/\/schema.org","@graph":[{"@type":"WebPage","@id":"https:\/\/comptoirphenix.fr\/it\/ristorante-vieux-lyon-quai-de-saone\/gastronomia-paninoteca\/","url":"https:\/\/comptoirphenix.fr\/it\/ristorante-vieux-lyon-quai-de-saone\/gastronomia-paninoteca\/","name":"Salumeria, paninoteca Comptoir Ph\u00e9nix Vieux Lyon","isPartOf":{"@id":"https:\/\/comptoirphenix.fr\/it\/#website"},"primaryImageOfPage":{"@id":"https:\/\/comptoirphenix.fr\/it\/ristorante-vieux-lyon-quai-de-saone\/gastronomia-paninoteca\/#primaryimage"},"image":{"@id":"https:\/\/comptoirphenix.fr\/it\/ristorante-vieux-lyon-quai-de-saone\/gastronomia-paninoteca\/#primaryimage"},"thumbnailUrl":"https:\/\/comptoirphenix.fr\/wp-content\/uploads\/sites\/3\/2025\/03\/Hotel_lyon_Bellecour1.jpg","datePublished":"2025-04-16T15:40:08+00:00","dateModified":"2025-07-01T15:50:01+00:00","description":"Delicatessen e paninoteca tradizionale al Comptoir Ph\u00e9nix, nella Vieux Lyon. Prodotti locali e possibilit\u00e0 di asporto.","breadcrumb":{"@id":"https:\/\/comptoirphenix.fr\/it\/ristorante-vieux-lyon-quai-de-saone\/gastronomia-paninoteca\/#breadcrumb"},"inLanguage":"it-IT","potentialAction":[{"@type":"ReadAction","target":["https:\/\/comptoirphenix.fr\/it\/ristorante-vieux-lyon-quai-de-saone\/gastronomia-paninoteca\/"]}]},{"@type":"ImageObject","inLanguage":"it-IT","@id":"https:\/\/comptoirphenix.fr\/it\/ristorante-vieux-lyon-quai-de-saone\/gastronomia-paninoteca\/#primaryimage","url":"https:\/\/comptoirphenix.fr\/wp-content\/uploads\/sites\/3\/2025\/03\/Hotel_lyon_Bellecour1.jpg","contentUrl":"https:\/\/comptoirphenix.fr\/wp-content\/uploads\/sites\/3\/2025\/03\/Hotel_lyon_Bellecour1.jpg","width":720,"height":1080,"caption":"Hotel lyon Bellecour1"},{"@type":"BreadcrumbList","@id":"https:\/\/comptoirphenix.fr\/it\/ristorante-vieux-lyon-quai-de-saone\/gastronomia-paninoteca\/#breadcrumb","itemListElement":[{"@type":"ListItem","position":1,"name":"Accueil","item":"https:\/\/comptoirphenix.fr\/it\/"},{"@type":"ListItem","position":2,"name":"Il ristorante","item":"https:\/\/comptoirphenix.fr\/it\/ristorante-vieux-lyon-quai-de-saone\/"},{"@type":"ListItem","position":3,"name":"Gastronomia e paninoteca"}]},{"@type":"WebSite","@id":"https:\/\/comptoirphenix.fr\/it\/#website","url":"https:\/\/comptoirphenix.fr\/it\/","name":"Globe Cecil","description":"","publisher":{"@id":"https:\/\/comptoirphenix.fr\/it\/#organization"},"potentialAction":[{"@type":"SearchAction","target":{"@type":"EntryPoint","urlTemplate":"https:\/\/comptoirphenix.fr\/it\/?s={search_term_string}"},"query-input":{"@type":"PropertyValueSpecification","valueRequired":true,"valueName":"search_term_string"}}],"inLanguage":"it-IT"},{"@type":"Organization","@id":"https:\/\/comptoirphenix.fr\/it\/#organization","name":"Globe Cecil","url":"https:\/\/comptoirphenix.fr\/it\/","logo":{"@type":"ImageObject","inLanguage":"it-IT","@id":"https:\/\/comptoirphenix.fr\/it\/#\/schema\/logo\/image\/","url":"https:\/\/comptoirphenix.fr\/wp-content\/uploads\/sites\/3\/2025\/05\/LOGO-Comptoir-Phenix-White.svg","contentUrl":"https:\/\/comptoirphenix.fr\/wp-content\/uploads\/sites\/3\/2025\/05\/LOGO-Comptoir-Phenix-White.svg","width":456,"height":124,"caption":"Globe Cecil"},"image":{"@id":"https:\/\/comptoirphenix.fr\/it\/#\/schema\/logo\/image\/"}}]}},"_links":{"self":[{"href":"https:\/\/comptoirphenix.fr\/it\/wp-json\/wp\/v2\/pages\/3367","targetHints":{"allow":["GET"]}}],"collection":[{"href":"https:\/\/comptoirphenix.fr\/it\/wp-json\/wp\/v2\/pages"}],"about":[{"href":"https:\/\/comptoirphenix.fr\/it\/wp-json\/wp\/v2\/types\/page"}],"author":[{"embeddable":true,"href":"https:\/\/comptoirphenix.fr\/it\/wp-json\/wp\/v2\/users\/2"}],"replies":[{"embeddable":true,"href":"https:\/\/comptoirphenix.fr\/it\/wp-json\/wp\/v2\/comments?post=3367"}],"version-history":[{"count":10,"href":"https:\/\/comptoirphenix.fr\/it\/wp-json\/wp\/v2\/pages\/3367\/revisions"}],"predecessor-version":[{"id":6635,"href":"https:\/\/comptoirphenix.fr\/it\/wp-json\/wp\/v2\/pages\/3367\/revisions\/6635"}],"up":[{"embeddable":true,"href":"https:\/\/comptoirphenix.fr\/it\/wp-json\/wp\/v2\/pages\/3418"}],"wp:featuredmedia":[{"embeddable":true,"href":"https:\/\/comptoirphenix.fr\/it\/wp-json\/wp\/v2\/media\/4373"}],"wp:attachment":[{"href":"https:\/\/comptoirphenix.fr\/it\/wp-json\/wp\/v2\/media?parent=3367"}],"curies":[{"name":"wp","href":"https:\/\/api.w.org\/{rel}","templated":true}]}}