{"id":3418,"date":"2025-04-16T17:40:05","date_gmt":"2025-04-16T15:40:05","guid":{"rendered":"https:\/\/comptoirphenix.fr\/lalbergo\/"},"modified":"2025-12-08T16:43:26","modified_gmt":"2025-12-08T15:43:26","slug":"ristorante-vieux-lyon-quai-de-saone","status":"publish","type":"page","link":"https:\/\/comptoirphenix.fr\/it\/ristorante-vieux-lyon-quai-de-saone\/","title":{"rendered":"Il ristorante"},"content":{"rendered":"\n<section class=\"heading wp-elements-1867384dc0780dc6462ddebb3bdd613a wp-elements-1867384dc0780dc6462ddebb3bdd613a wp-block-acf-heading has-text-color has-primary-color has-background has-white-100-background-color\">\n\t<div class=\"heading__container\">\n\t\t\t\t\t<div class=\"heading__background-picture\">\n\t\t\t\t<img decoding=\"async\" width=\"1620\" height=\"1080\" src=\"https:\/\/comptoirphenix.fr\/wp-content\/uploads\/sites\/3\/2025\/06\/Marine_Piolat_230829_022_1.jpg\" class=\"attachment-full size-full\" alt=\"Marine Piolat 230829 022 1\" fetchpriority=\"high\" srcset=\"https:\/\/comptoirphenix.fr\/wp-content\/uploads\/sites\/3\/2025\/06\/Marine_Piolat_230829_022_1.jpg 1620w, https:\/\/comptoirphenix.fr\/wp-content\/uploads\/sites\/3\/2025\/06\/Marine_Piolat_230829_022_1-600x400.jpg 600w, https:\/\/comptoirphenix.fr\/wp-content\/uploads\/sites\/3\/2025\/06\/Marine_Piolat_230829_022_1-1400x933.jpg 1400w, https:\/\/comptoirphenix.fr\/wp-content\/uploads\/sites\/3\/2025\/06\/Marine_Piolat_230829_022_1-768x512.jpg 768w, https:\/\/comptoirphenix.fr\/wp-content\/uploads\/sites\/3\/2025\/06\/Marine_Piolat_230829_022_1-1536x1024.jpg 1536w\" sizes=\"(max-width: 1620px) 100vw, 1620px\" \/>\t\t\t<\/div>\n\t\t\t\t<div class=\"heading__layout\">\n\t\t\t<div class=\"heading__content-wrapper has-white-100-background-color\">\n\t\t\t\t<div class=\"heading__content has-white-100-background-color\">\n\t\t\t\t\t\t\t\t\t<p id=\"breadcrumbs\"><span><span><a href=\"https:\/\/comptoirphenix.fr\/it\/\">Accueil<\/a><\/span><\/span><\/p>\t\t\t\t\t\t\t\t\t<div class=\"acf-innerblocks-container\">\n\n<div class=\"wp-block-group heading-content-group is-layout-grid wp-container-core-group-is-layout-96b258e4 wp-block-group-is-layout-grid\">\n<h1 class=\"wp-block-heading has-text-align-left heading__title has-primary-color has-text-color has-xx-large-font-size\">Il ristorante<\/h1>\n<\/div>\n\n<\/div>\n\t\t\t\t<\/div>\n\t\t\t\t\t\t\t\t<div class=\"heading__illustration illustration-with-parallax desktop-only\">\n\t\t\t\t\t<img decoding=\"async\" width=\"350\" height=\"350\" src=\"https:\/\/comptoirphenix.fr\/wp-content\/uploads\/sites\/3\/2025\/04\/OISEAU-2.png\" class=\"attachment-full size-full\" alt=\"OISEAU 2\" fetchpriority=\"high\" srcset=\"https:\/\/comptoirphenix.fr\/wp-content\/uploads\/sites\/3\/2025\/04\/OISEAU-2.png 350w, https:\/\/comptoirphenix.fr\/wp-content\/uploads\/sites\/3\/2025\/04\/OISEAU-2-300x300.png 300w\" sizes=\"(max-width: 350px) 100vw, 350px\" \/>\t\t\t\t<\/div>\n\t\t\t\t\t\t\t<\/div>\n\t\t<\/div>\n\t<\/div>\n<\/section>\n\n\n\t<section\n\t\tstyle=\"padding-top:var(--wp--preset--spacing--theme-default);padding-bottom:0;\" class=\"block-container align wp-block-acf-block-container has-background has-white-background-color has-global-padding is-layout-constrained wp-container-acf-block-container-is-layout-53211306 wp-block-acf-block-container-is-layout-constrained\"\t>\n\n\t\n\n<div class=\"wp-block-group is-vertical is-layout-flex wp-container-core-group-is-layout-c5314158 wp-block-group-is-layout-flex\">\n<h3 class=\"wp-block-heading has-text-align-left\"><strong><strong><strong>Il tuo buon indirizzo nella Vieux Lyon<\/strong><\/strong><\/strong><\/h3>\n\n\n\n<p>A pochi passi dalla Basilique de Fourvi\u00e8re e da Place Saint-Jean, il Comptoir Ph\u00e9nix ti accoglie in un ambiente tanto luminoso quanto senza tempo, immerso in uno dei quartieri pi\u00f9 antichi di Lione, sulle rive della Saona.<\/p>\n<\/div>\n\n\n\n<\/section>\n\n\t<section\n\t\tstyle=\"padding-top:var(--wp--preset--spacing--theme-default);padding-bottom:var(--wp--preset--spacing--theme-default);\" class=\"double-columns wp-block-acf-double-columns has-background has-white-background-color has-global-padding is-layout-constrained wp-container-acf-double-columns-is-layout-468cbe0c wp-block-acf-double-columns-is-layout-constrained\"\t>\n\n<div class=\"double-columns__innerblocks\">\n\n<div class=\"wp-block-group is-layout-flow wp-block-group-is-layout-flow\">\n<figure class=\"wp-block-image aligncenter size-full\"><img decoding=\"async\" width=\"683\" height=\"1024\" src=\"https:\/\/comptoirphenix.fr\/wp-content\/uploads\/sites\/3\/2025\/06\/ou-manger-vieux-lyon9.jpg\" alt=\"dove mangiare a lione9\" class=\"wp-image-6270\" style=\"aspect-ratio:3\/4;object-fit:cover\" srcset=\"https:\/\/comptoirphenix.fr\/wp-content\/uploads\/sites\/3\/2025\/06\/ou-manger-vieux-lyon9.jpg 683w, https:\/\/comptoirphenix.fr\/wp-content\/uploads\/sites\/3\/2025\/06\/ou-manger-vieux-lyon9-400x600.jpg 400w\" sizes=\"(max-width: 683px) 100vw, 683px\" \/><\/figure>\n<\/div>\n\n\n\n<div class=\"wp-block-group is-vertical is-layout-flex wp-container-core-group-is-layout-96b9e1af wp-block-group-is-layout-flex\">\n<p>Qui si coltiva il gusto per il vero e l&#8217;autentico, lontano da indirizzi fissi o troppo formattati. Le Comptoir Ph\u00e9nix \u00e8 un vivace ristorante familiare, con una cucina generosa e piatti che cambiano con il mercato e le stagioni. <\/p>\n\n\n\n<p>Ci\u00f2 che conta qui \u00e8 mangiare bene, sentirsi bene e divertirsi. Vieni qui per il cibo, la vista sulle rive della Saona, la vicinanza alla Basilique de Fourvi\u00e8re e l&#8217;atmosfera amichevole di un ristorante di quartiere ben avviato, a due passi dal Palais Saint-Jean e dal cuore storico di Lione. <\/p>\n<\/div>\n\n<\/div>\n\n<\/section>\n\n\t<section\n\t\tstyle=\"padding-top:var(--wp--preset--spacing--theme-default);padding-bottom:0;\" class=\"block-container align wp-block-acf-block-container has-background has-white-100-background-color has-global-padding is-layout-constrained wp-container-acf-block-container-is-layout-53211306 wp-block-acf-block-container-is-layout-constrained\"\t>\n\n\t\n\n<div class=\"wp-block-group is-vertical is-layout-flex wp-container-core-group-is-layout-c5314158 wp-block-group-is-layout-flex\">\n<h3 class=\"wp-block-heading has-text-align-left\"><strong>La tua mensa intima e gustosa<\/strong><\/h3>\n\n\n\n<p>Ogni settimana un menu breve, ispirato e fatto in casa. Non ci sono pretese: prodotti freschi, piatti preparati con cura e piatti che scaldano il cuore. Le Comptoir Ph\u00e9nix \u00e8 un ristorante accogliente, originale e accessibile, dove il buon cibo \u00e8 sempre di buon gusto.  <\/p>\n<\/div>\n\n\n\n<\/section>\n\n<section\n\tstyle=\"padding-top:0;padding-bottom:var(--wp--preset--spacing--theme-m);\" class=\"masonry-grid masonry-grid--testo-top-destra alignfull wp-block-acf-masonry-grid has-background has-white-100-background-color has-global-padding is-layout-constrained wp-block-acf-masonry-grid-is-layout-constrained\">\n\t\n\n<div class=\"wp-block-media-text alignwide has-media-on-the-right is-stacked-on-mobile is-image-fill-element masonry-grid__wrapper\" style=\"padding-top:var(--wp--preset--spacing--theme-m);padding-bottom:var(--wp--preset--spacing--theme-m)\"><div class=\"wp-block-media-text__content\">\n<figure class=\"wp-block-image size-full is-resized\"><img decoding=\"async\" width=\"975\" height=\"1080\" src=\"https:\/\/comptoirphenix.fr\/wp-content\/uploads\/sites\/3\/2025\/06\/Restaurant_Vieux-Lyon1.jpg\" alt=\"Ristorante Vieux Lyon1\" class=\"wp-image-4935\" style=\"aspect-ratio:16\/9;object-fit:cover;width:100px\" srcset=\"https:\/\/comptoirphenix.fr\/wp-content\/uploads\/sites\/3\/2025\/06\/Restaurant_Vieux-Lyon1.jpg 975w, https:\/\/comptoirphenix.fr\/wp-content\/uploads\/sites\/3\/2025\/06\/Restaurant_Vieux-Lyon1-542x600.jpg 542w, https:\/\/comptoirphenix.fr\/wp-content\/uploads\/sites\/3\/2025\/06\/Restaurant_Vieux-Lyon1-768x851.jpg 768w\" sizes=\"(max-width: 975px) 100vw, 975px\" \/><\/figure>\n\n\n\n<div class=\"wp-block-group masonry-grid__text-container has-secondary-background-color has-background is-vertical is-content-justification-center is-layout-flex wp-container-core-group-is-layout-3e9f99e2 wp-block-group-is-layout-flex\" style=\"padding-top:var(--wp--preset--spacing--theme-xs);padding-right:var(--wp--preset--spacing--theme-xs);padding-bottom:var(--wp--preset--spacing--theme-xs);padding-left:var(--wp--preset--spacing--theme-xs)\">\n<h4 class=\"wp-block-heading has-text-align-center has-black-color has-text-color has-link-color has-theme-small-font-size wp-elements-ee5e1994befa20b470dbb371a2426f00\">Offrendo cibo e un sorriso.<\/h4>\n<\/div>\n\n\n\n<figure class=\"wp-block-image size-full is-resized\"><img decoding=\"async\" width=\"720\" height=\"1080\" src=\"https:\/\/comptoirphenix.fr\/wp-content\/uploads\/sites\/3\/2025\/06\/Restaurant_Vieux-Lyon10.jpg\" alt=\"Ristorante Vieux Lyon10\" class=\"wp-image-4971\" style=\"width:100%;height:100%\" srcset=\"https:\/\/comptoirphenix.fr\/wp-content\/uploads\/sites\/3\/2025\/06\/Restaurant_Vieux-Lyon10.jpg 720w, https:\/\/comptoirphenix.fr\/wp-content\/uploads\/sites\/3\/2025\/06\/Restaurant_Vieux-Lyon10-400x600.jpg 400w\" sizes=\"(max-width: 720px) 100vw, 720px\" \/><\/figure>\n\n\n\n<figure class=\"wp-block-image size-large is-resized\"><img decoding=\"async\" width=\"1400\" height=\"933\" src=\"https:\/\/comptoirphenix.fr\/wp-content\/uploads\/sites\/3\/2025\/06\/restaurant-bord-de-saone9-1400x933.jpg\" alt=\"ristorante bord de saone9\" class=\"wp-image-6254\" style=\"width:100%;height:100%\" srcset=\"https:\/\/comptoirphenix.fr\/wp-content\/uploads\/sites\/3\/2025\/06\/restaurant-bord-de-saone9-1400x933.jpg 1400w, https:\/\/comptoirphenix.fr\/wp-content\/uploads\/sites\/3\/2025\/06\/restaurant-bord-de-saone9-600x400.jpg 600w, https:\/\/comptoirphenix.fr\/wp-content\/uploads\/sites\/3\/2025\/06\/restaurant-bord-de-saone9-768x512.jpg 768w, https:\/\/comptoirphenix.fr\/wp-content\/uploads\/sites\/3\/2025\/06\/restaurant-bord-de-saone9.jpg 1536w\" sizes=\"(max-width: 1400px) 100vw, 1400px\" \/><\/figure>\n<\/div><figure class=\"wp-block-media-text__media\"><img decoding=\"async\" width=\"720\" height=\"1080\" src=\"https:\/\/comptoirphenix.fr\/wp-content\/uploads\/sites\/3\/2025\/12\/restaurant_vieux_lyon_bistronomique.jpg\" alt=\"ristorante vieux lyon bistronomique\" class=\"wp-image-7320 size-full\" style=\"object-position:50% 50%\" srcset=\"https:\/\/comptoirphenix.fr\/wp-content\/uploads\/sites\/3\/2025\/12\/restaurant_vieux_lyon_bistronomique.jpg 720w, https:\/\/comptoirphenix.fr\/wp-content\/uploads\/sites\/3\/2025\/12\/restaurant_vieux_lyon_bistronomique-400x600.jpg 400w\" sizes=\"(max-width: 720px) 100vw, 720px\" \/><\/figure><\/div>\n\n\n<\/section>\n\n\t<section\n\t\tstyle=\"padding-top:var(--wp--preset--spacing--theme-default);padding-bottom:var(--wp--preset--spacing--theme-default);\" class=\"block-container align wp-block-acf-block-container has-background has-white-background-color has-global-padding is-layout-constrained wp-container-acf-block-container-is-layout-dab52998 wp-block-acf-block-container-is-layout-constrained\"\t>\n\n\t\n\n<div class=\"wp-block-group is-vertical is-content-justification-stretch is-layout-flex wp-container-core-group-is-layout-031e9756 wp-block-group-is-layout-flex\">\n<div class=\"wp-block-group is-vertical is-content-justification-stretch is-layout-flex wp-container-core-group-is-layout-14b72018 wp-block-group-is-layout-flex\">\n<h2 class=\"wp-block-heading has-text-align-center\">Comptoir Ph\u00e9nix \u00e8<\/h2>\n\n\n\n<p class=\"has-text-align-center\">Un ristorante di Lione aperto dal luned\u00ec al venerd\u00ec, ogni giorno a pranzo (e la sera su prenotazione). \u00c8 una piccola mensa di quartiere dove le persone amano passare il tempo. <\/p>\n<\/div>\n\n\n\n<div class=\"wp-block-buttons is-content-justification-center is-layout-flex wp-container-core-buttons-is-layout-72666a7a wp-block-buttons-is-layout-flex\" style=\"padding-top:0;padding-bottom:0\">\n<div class=\"wp-block-button is-style-label-button is-style-label-button--1\"><a class=\"wp-block-button__link wp-element-button\" href=\"https:\/\/comptoirphenix.fr\/it\/informazioni-pratiche\/\">Informazioni pratiche<\/a><\/div>\n<\/div>\n<\/div>\n\n\n\n<\/section>\n","protected":false},"excerpt":{"rendered":"","protected":false},"author":1,"featured_media":4361,"parent":0,"menu_order":0,"comment_status":"closed","ping_status":"closed","template":"","meta":{"_acf_changed":false,"inline_featured_image":false,"footnotes":""},"class_list":["post-3418","page","type-page","status-publish","has-post-thumbnail","hentry"],"acf":[],"yoast_head":"<!-- This site is optimized with the Yoast SEO plugin v27.2 - https:\/\/yoast.com\/product\/yoast-seo-wordpress\/ -->\n<title>Ristorante familiare Vieux Lyon- Quai de Sa\u00f4ne, vicino a Fourvi\u00e8re<\/title>\n<meta name=\"description\" content=\"Ristorante familiare sulle banchine della Saona a Lione, a due passi da Fourvi\u00e8re. Cucina autentica e atmosfera accogliente.\" \/>\n<meta name=\"robots\" content=\"index, follow, max-snippet:-1, max-image-preview:large, max-video-preview:-1\" \/>\n<link rel=\"canonical\" href=\"https:\/\/comptoirphenix.fr\/it\/ristorante-vieux-lyon-quai-de-saone\/\" \/>\n<meta property=\"og:locale\" content=\"it_IT\" \/>\n<meta property=\"og:type\" content=\"article\" \/>\n<meta property=\"og:title\" content=\"Ristorante familiare Vieux Lyon- Quai de Sa\u00f4ne, vicino a Fourvi\u00e8re\" \/>\n<meta property=\"og:description\" content=\"Ristorante familiare sulle banchine della Saona a Lione, a due passi da Fourvi\u00e8re. Cucina autentica e atmosfera accogliente.\" \/>\n<meta property=\"og:url\" content=\"https:\/\/comptoirphenix.fr\/it\/ristorante-vieux-lyon-quai-de-saone\/\" \/>\n<meta property=\"og:site_name\" content=\"Comptoir Phenix\" \/>\n<meta property=\"article:modified_time\" content=\"2025-12-08T15:43:26+00:00\" \/>\n<meta property=\"og:image\" content=\"https:\/\/comptoirphenix.fr\/wp-content\/uploads\/sites\/3\/2025\/03\/hotel_lyon_centre_bellecour29.jpg\" \/>\n\t<meta property=\"og:image:width\" content=\"1620\" \/>\n\t<meta property=\"og:image:height\" content=\"1080\" \/>\n\t<meta property=\"og:image:type\" content=\"image\/jpeg\" \/>\n<meta name=\"twitter:card\" content=\"summary_large_image\" \/>\n<meta name=\"twitter:label1\" content=\"Tempo di lettura stimato\" \/>\n\t<meta name=\"twitter:data1\" content=\"2 minuto\" \/>\n<script type=\"application\/ld+json\" class=\"yoast-schema-graph\">{\"@context\":\"https:\/\/schema.org\",\"@graph\":[{\"@type\":\"WebPage\",\"@id\":\"https:\/\/comptoirphenix.fr\/it\/ristorante-vieux-lyon-quai-de-saone\/\",\"url\":\"https:\/\/comptoirphenix.fr\/it\/ristorante-vieux-lyon-quai-de-saone\/\",\"name\":\"Ristorante familiare Vieux Lyon- Quai de Sa\u00f4ne, vicino a Fourvi\u00e8re\",\"isPartOf\":{\"@id\":\"https:\/\/comptoirphenix.fr\/it\/#website\"},\"primaryImageOfPage\":{\"@id\":\"https:\/\/comptoirphenix.fr\/it\/ristorante-vieux-lyon-quai-de-saone\/#primaryimage\"},\"image\":{\"@id\":\"https:\/\/comptoirphenix.fr\/it\/ristorante-vieux-lyon-quai-de-saone\/#primaryimage\"},\"thumbnailUrl\":\"https:\/\/comptoirphenix.fr\/wp-content\/uploads\/sites\/3\/2025\/03\/hotel_lyon_centre_bellecour29.jpg\",\"datePublished\":\"2025-04-16T15:40:05+00:00\",\"dateModified\":\"2025-12-08T15:43:26+00:00\",\"description\":\"Ristorante familiare sulle banchine della Saona a Lione, a due passi da Fourvi\u00e8re. Cucina autentica e atmosfera accogliente.\",\"breadcrumb\":{\"@id\":\"https:\/\/comptoirphenix.fr\/it\/ristorante-vieux-lyon-quai-de-saone\/#breadcrumb\"},\"inLanguage\":\"it-IT\",\"potentialAction\":[{\"@type\":\"ReadAction\",\"target\":[\"https:\/\/comptoirphenix.fr\/it\/ristorante-vieux-lyon-quai-de-saone\/\"]}]},{\"@type\":\"ImageObject\",\"inLanguage\":\"it-IT\",\"@id\":\"https:\/\/comptoirphenix.fr\/it\/ristorante-vieux-lyon-quai-de-saone\/#primaryimage\",\"url\":\"https:\/\/comptoirphenix.fr\/wp-content\/uploads\/sites\/3\/2025\/03\/hotel_lyon_centre_bellecour29.jpg\",\"contentUrl\":\"https:\/\/comptoirphenix.fr\/wp-content\/uploads\/sites\/3\/2025\/03\/hotel_lyon_centre_bellecour29.jpg\",\"width\":1620,\"height\":1080,\"caption\":\"hotel lyon centre bellecour29\"},{\"@type\":\"BreadcrumbList\",\"@id\":\"https:\/\/comptoirphenix.fr\/it\/ristorante-vieux-lyon-quai-de-saone\/#breadcrumb\",\"itemListElement\":[{\"@type\":\"ListItem\",\"position\":1,\"name\":\"Accueil\",\"item\":\"https:\/\/comptoirphenix.fr\/it\/\"},{\"@type\":\"ListItem\",\"position\":2,\"name\":\"Il ristorante\"}]},{\"@type\":\"WebSite\",\"@id\":\"https:\/\/comptoirphenix.fr\/it\/#website\",\"url\":\"https:\/\/comptoirphenix.fr\/it\/\",\"name\":\"Globe Cecil\",\"description\":\"\",\"publisher\":{\"@id\":\"https:\/\/comptoirphenix.fr\/it\/#organization\"},\"potentialAction\":[{\"@type\":\"SearchAction\",\"target\":{\"@type\":\"EntryPoint\",\"urlTemplate\":\"https:\/\/comptoirphenix.fr\/it\/?s={search_term_string}\"},\"query-input\":{\"@type\":\"PropertyValueSpecification\",\"valueRequired\":true,\"valueName\":\"search_term_string\"}}],\"inLanguage\":\"it-IT\"},{\"@type\":\"Organization\",\"@id\":\"https:\/\/comptoirphenix.fr\/it\/#organization\",\"name\":\"Globe Cecil\",\"url\":\"https:\/\/comptoirphenix.fr\/it\/\",\"logo\":{\"@type\":\"ImageObject\",\"inLanguage\":\"it-IT\",\"@id\":\"https:\/\/comptoirphenix.fr\/it\/#\/schema\/logo\/image\/\",\"url\":\"https:\/\/comptoirphenix.fr\/wp-content\/uploads\/sites\/3\/2025\/05\/LOGO-Comptoir-Phenix-White.svg\",\"contentUrl\":\"https:\/\/comptoirphenix.fr\/wp-content\/uploads\/sites\/3\/2025\/05\/LOGO-Comptoir-Phenix-White.svg\",\"width\":456,\"height\":124,\"caption\":\"Globe Cecil\"},\"image\":{\"@id\":\"https:\/\/comptoirphenix.fr\/it\/#\/schema\/logo\/image\/\"}}]}<\/script>\n<!-- \/ Yoast SEO plugin. -->","yoast_head_json":{"title":"Ristorante familiare Vieux Lyon- Quai de Sa\u00f4ne, vicino a Fourvi\u00e8re","description":"Ristorante familiare sulle banchine della Saona a Lione, a due passi da Fourvi\u00e8re. Cucina autentica e atmosfera accogliente.","robots":{"index":"index","follow":"follow","max-snippet":"max-snippet:-1","max-image-preview":"max-image-preview:large","max-video-preview":"max-video-preview:-1"},"canonical":"https:\/\/comptoirphenix.fr\/it\/ristorante-vieux-lyon-quai-de-saone\/","og_locale":"it_IT","og_type":"article","og_title":"Ristorante familiare Vieux Lyon- Quai de Sa\u00f4ne, vicino a Fourvi\u00e8re","og_description":"Ristorante familiare sulle banchine della Saona a Lione, a due passi da Fourvi\u00e8re. Cucina autentica e atmosfera accogliente.","og_url":"https:\/\/comptoirphenix.fr\/it\/ristorante-vieux-lyon-quai-de-saone\/","og_site_name":"Comptoir Phenix","article_modified_time":"2025-12-08T15:43:26+00:00","og_image":[{"width":1620,"height":1080,"url":"https:\/\/comptoirphenix.fr\/wp-content\/uploads\/sites\/3\/2025\/03\/hotel_lyon_centre_bellecour29.jpg","type":"image\/jpeg"}],"twitter_card":"summary_large_image","twitter_misc":{"Tempo di lettura stimato":"2 minuto"},"schema":{"@context":"https:\/\/schema.org","@graph":[{"@type":"WebPage","@id":"https:\/\/comptoirphenix.fr\/it\/ristorante-vieux-lyon-quai-de-saone\/","url":"https:\/\/comptoirphenix.fr\/it\/ristorante-vieux-lyon-quai-de-saone\/","name":"Ristorante familiare Vieux Lyon- Quai de Sa\u00f4ne, vicino a Fourvi\u00e8re","isPartOf":{"@id":"https:\/\/comptoirphenix.fr\/it\/#website"},"primaryImageOfPage":{"@id":"https:\/\/comptoirphenix.fr\/it\/ristorante-vieux-lyon-quai-de-saone\/#primaryimage"},"image":{"@id":"https:\/\/comptoirphenix.fr\/it\/ristorante-vieux-lyon-quai-de-saone\/#primaryimage"},"thumbnailUrl":"https:\/\/comptoirphenix.fr\/wp-content\/uploads\/sites\/3\/2025\/03\/hotel_lyon_centre_bellecour29.jpg","datePublished":"2025-04-16T15:40:05+00:00","dateModified":"2025-12-08T15:43:26+00:00","description":"Ristorante familiare sulle banchine della Saona a Lione, a due passi da Fourvi\u00e8re. Cucina autentica e atmosfera accogliente.","breadcrumb":{"@id":"https:\/\/comptoirphenix.fr\/it\/ristorante-vieux-lyon-quai-de-saone\/#breadcrumb"},"inLanguage":"it-IT","potentialAction":[{"@type":"ReadAction","target":["https:\/\/comptoirphenix.fr\/it\/ristorante-vieux-lyon-quai-de-saone\/"]}]},{"@type":"ImageObject","inLanguage":"it-IT","@id":"https:\/\/comptoirphenix.fr\/it\/ristorante-vieux-lyon-quai-de-saone\/#primaryimage","url":"https:\/\/comptoirphenix.fr\/wp-content\/uploads\/sites\/3\/2025\/03\/hotel_lyon_centre_bellecour29.jpg","contentUrl":"https:\/\/comptoirphenix.fr\/wp-content\/uploads\/sites\/3\/2025\/03\/hotel_lyon_centre_bellecour29.jpg","width":1620,"height":1080,"caption":"hotel lyon centre bellecour29"},{"@type":"BreadcrumbList","@id":"https:\/\/comptoirphenix.fr\/it\/ristorante-vieux-lyon-quai-de-saone\/#breadcrumb","itemListElement":[{"@type":"ListItem","position":1,"name":"Accueil","item":"https:\/\/comptoirphenix.fr\/it\/"},{"@type":"ListItem","position":2,"name":"Il ristorante"}]},{"@type":"WebSite","@id":"https:\/\/comptoirphenix.fr\/it\/#website","url":"https:\/\/comptoirphenix.fr\/it\/","name":"Globe Cecil","description":"","publisher":{"@id":"https:\/\/comptoirphenix.fr\/it\/#organization"},"potentialAction":[{"@type":"SearchAction","target":{"@type":"EntryPoint","urlTemplate":"https:\/\/comptoirphenix.fr\/it\/?s={search_term_string}"},"query-input":{"@type":"PropertyValueSpecification","valueRequired":true,"valueName":"search_term_string"}}],"inLanguage":"it-IT"},{"@type":"Organization","@id":"https:\/\/comptoirphenix.fr\/it\/#organization","name":"Globe Cecil","url":"https:\/\/comptoirphenix.fr\/it\/","logo":{"@type":"ImageObject","inLanguage":"it-IT","@id":"https:\/\/comptoirphenix.fr\/it\/#\/schema\/logo\/image\/","url":"https:\/\/comptoirphenix.fr\/wp-content\/uploads\/sites\/3\/2025\/05\/LOGO-Comptoir-Phenix-White.svg","contentUrl":"https:\/\/comptoirphenix.fr\/wp-content\/uploads\/sites\/3\/2025\/05\/LOGO-Comptoir-Phenix-White.svg","width":456,"height":124,"caption":"Globe Cecil"},"image":{"@id":"https:\/\/comptoirphenix.fr\/it\/#\/schema\/logo\/image\/"}}]}},"_links":{"self":[{"href":"https:\/\/comptoirphenix.fr\/it\/wp-json\/wp\/v2\/pages\/3418","targetHints":{"allow":["GET"]}}],"collection":[{"href":"https:\/\/comptoirphenix.fr\/it\/wp-json\/wp\/v2\/pages"}],"about":[{"href":"https:\/\/comptoirphenix.fr\/it\/wp-json\/wp\/v2\/types\/page"}],"author":[{"embeddable":true,"href":"https:\/\/comptoirphenix.fr\/it\/wp-json\/wp\/v2\/users\/1"}],"replies":[{"embeddable":true,"href":"https:\/\/comptoirphenix.fr\/it\/wp-json\/wp\/v2\/comments?post=3418"}],"version-history":[{"count":19,"href":"https:\/\/comptoirphenix.fr\/it\/wp-json\/wp\/v2\/pages\/3418\/revisions"}],"predecessor-version":[{"id":7323,"href":"https:\/\/comptoirphenix.fr\/it\/wp-json\/wp\/v2\/pages\/3418\/revisions\/7323"}],"wp:featuredmedia":[{"embeddable":true,"href":"https:\/\/comptoirphenix.fr\/it\/wp-json\/wp\/v2\/media\/4361"}],"wp:attachment":[{"href":"https:\/\/comptoirphenix.fr\/it\/wp-json\/wp\/v2\/media?parent=3418"}],"curies":[{"name":"wp","href":"https:\/\/api.w.org\/{rel}","templated":true}]}}