{"id":3482,"date":"2025-04-16T17:40:06","date_gmt":"2025-04-16T15:40:06","guid":{"rendered":"https:\/\/comptoirphenix.fr\/lalbergo\/i-servizi\/"},"modified":"2025-10-22T09:49:19","modified_gmt":"2025-10-22T07:49:19","slug":"pranzo","status":"publish","type":"page","link":"https:\/\/comptoirphenix.fr\/it\/ristorante-vieux-lyon-quai-de-saone\/pranzo\/","title":{"rendered":"Pranzo"},"content":{"rendered":"\n<section class=\"heading wp-elements-7c6184612d3558dd0e9bdbd8a8d7fdfe wp-elements-7c6184612d3558dd0e9bdbd8a8d7fdfe wp-block-acf-heading has-text-color has-primary-color has-background has-white-100-background-color\">\n\t<div class=\"heading__container\">\n\t\t\t\t\t<div class=\"heading__background-picture\">\n\t\t\t\t<img decoding=\"async\" width=\"1536\" height=\"1024\" src=\"https:\/\/comptoirphenix.fr\/wp-content\/uploads\/sites\/3\/2025\/06\/restaurant-bord-de-saone10.jpg\" class=\"attachment-full size-full\" alt=\"restaurant bord de saone10\" fetchpriority=\"high\" srcset=\"https:\/\/comptoirphenix.fr\/wp-content\/uploads\/sites\/3\/2025\/06\/restaurant-bord-de-saone10.jpg 1536w, https:\/\/comptoirphenix.fr\/wp-content\/uploads\/sites\/3\/2025\/06\/restaurant-bord-de-saone10-600x400.jpg 600w, https:\/\/comptoirphenix.fr\/wp-content\/uploads\/sites\/3\/2025\/06\/restaurant-bord-de-saone10-1400x933.jpg 1400w, https:\/\/comptoirphenix.fr\/wp-content\/uploads\/sites\/3\/2025\/06\/restaurant-bord-de-saone10-768x512.jpg 768w\" sizes=\"(max-width: 1536px) 100vw, 1536px\" \/>\t\t\t<\/div>\n\t\t\t\t<div class=\"heading__layout\">\n\t\t\t<div class=\"heading__content-wrapper has-white-100-background-color\">\n\t\t\t\t<div class=\"heading__content has-white-100-background-color\">\n\t\t\t\t\t\t\t\t\t<p id=\"breadcrumbs\"><span><span><a href=\"https:\/\/comptoirphenix.fr\/it\/\">Accueil<\/a><\/span><\/span><\/p>\t\t\t\t\t\t\t\t\t<div class=\"acf-innerblocks-container\">\n\n<div class=\"wp-block-group heading-content-group is-layout-grid wp-container-core-group-is-layout-96b258e4 wp-block-group-is-layout-grid\">\n<h1 class=\"wp-block-heading has-text-align-left heading__title has-primary-color has-text-color has-xx-large-font-size\"><strong>Pranzo<\/strong><\/h1>\n\n\n\n<p class=\"heading__chapo has-primary-color has-text-color wp-container-content-32a3e683\">Da luned\u00ec a venerd\u00ec dalle 12.00 alle 13.45<\/p>\n<\/div>\n\n<\/div>\n\t\t\t\t<\/div>\n\t\t\t\t\t\t\t<\/div>\n\t\t<\/div>\n\t<\/div>\n<\/section>\n\n\n\t<section\n\t\tstyle=\"padding-top:var(--wp--preset--spacing--theme-default);padding-bottom:var(--wp--preset--spacing--theme-default);\" class=\"double-columns wp-block-acf-double-columns has-background has-white-background-color has-global-padding is-layout-constrained wp-container-acf-double-columns-is-layout-a22d0bdd wp-block-acf-double-columns-is-layout-constrained\"\t>\n\n<div class=\"double-columns__innerblocks\">\n\n<div class=\"wp-block-group is-vertical is-content-justification-stretch is-layout-flex wp-container-core-group-is-layout-5f0cd685 wp-block-group-is-layout-flex\">\n<h2 class=\"wp-block-heading\">Benvenuti alla nostra tavola<\/h2>\n\n\n\n<p>Ristorante locale nel cuore della Vieux Lyon, il Comptoir Ph\u00e9nix ti accoglie a pranzo dal luned\u00ec al venerd\u00ec, a pochi passi da Place Saint-Jean, dalla Basilica di Fourvi\u00e8re e dalle banchine della Saona.<\/p>\n\n\n\n<p>Il pranzo viene servito in una sala con un arredamento moderno, un&#8217;atmosfera di gusto e un&#8217;atmosfera da bistrot chic. E quando esce il sole, la terrazza diventa un rifugio per chi cerca un ristorante tranquillo e accogliente nella zona. <\/p>\n<\/div>\n\n\n\n<div class=\"wp-block-group is-layout-flow wp-block-group-is-layout-flow\">\n<figure class=\"wp-block-image size-full\"><img decoding=\"async\" width=\"720\" height=\"1080\" src=\"https:\/\/comptoirphenix.fr\/wp-content\/uploads\/sites\/3\/2025\/06\/equipe-restaurant-vieux-lyon8.jpg\" alt=\"squadra ristorante vieux lyon8\" class=\"wp-image-6133\" style=\"aspect-ratio:3\/4;object-fit:cover\" srcset=\"https:\/\/comptoirphenix.fr\/wp-content\/uploads\/sites\/3\/2025\/06\/equipe-restaurant-vieux-lyon8.jpg 720w, https:\/\/comptoirphenix.fr\/wp-content\/uploads\/sites\/3\/2025\/06\/equipe-restaurant-vieux-lyon8-400x600.jpg 400w\" sizes=\"(max-width: 720px) 100vw, 720px\" \/><\/figure>\n<\/div>\n\n<\/div>\n\n<\/section>\n\n\t<section\n\t\tstyle=\"padding-top:var(--wp--preset--spacing--theme-default);padding-bottom:var(--wp--preset--spacing--theme-default);\" class=\"block-container align wp-block-acf-block-container has-background has-white-100-background-color has-global-padding is-layout-constrained wp-container-acf-block-container-is-layout-d3fafd11 wp-block-acf-block-container-is-layout-constrained\"\t>\n\n\t\n\n<div class=\"wp-block-group is-vertical is-content-justification-stretch is-layout-flex wp-container-core-group-is-layout-5b8962fa wp-block-group-is-layout-flex\" style=\"padding-bottom:var(--wp--preset--spacing--theme-default)\">\n<div class=\"wp-block-group has-global-padding is-layout-constrained wp-container-core-group-is-layout-30cbf03a wp-block-group-is-layout-constrained\">\n<figure class=\"wp-block-image aligncenter size-full is-resized\"><img decoding=\"async\" width=\"350\" height=\"350\" src=\"https:\/\/comptoircecil.customr.fr\/wp-content\/uploads\/sites\/4\/2025\/04\/PLATEAU.png\" alt=\"PLATEAU\" class=\"wp-image-2306\" style=\"width:180px\" srcset=\"https:\/\/comptoirphenix.fr\/wp-content\/uploads\/sites\/3\/2025\/04\/PLATEAU.png 350w, https:\/\/comptoirphenix.fr\/wp-content\/uploads\/sites\/3\/2025\/04\/PLATEAU-300x300.png 300w\" sizes=\"(max-width: 350px) 100vw, 350px\" \/><\/figure>\n\n\n\n<h2 class=\"wp-block-heading has-text-align-center\">La nostra promessa a te<\/h2>\n<\/div>\n\n\n\n<p class=\"has-text-align-left\">La nostra cucina \u00e8 casalinga, stagionale e basata su prodotti freschi e locali selezionati da produttori impegnati. Qui non si bara sul gusto: le nostre ricette sono semplici, generose e piene di sapore. Ogni settimana, la nostra brigata propone un menu breve e confortante. Piatti che si evolvono, senza mai perdere il loro buon senso o la loro bont\u00e0.   <\/p>\n\n\n\n<div class=\"wp-block-buttons is-content-justification-center is-layout-flex wp-container-core-buttons-is-layout-72666a7a wp-block-buttons-is-layout-flex\" style=\"padding-top:0;padding-bottom:0\">\n<div class=\"wp-block-button is-style-label-button is-style-label-button--1\"><a class=\"wp-block-button__link wp-element-button\" href=\"https:\/\/comptoirphenix.fr\/it\/menu\/\">Scopri il nostro menu<\/a><\/div>\n<\/div>\n<\/div>\n\n\n\n<div\nclass=\"slider slider__is-gallery alignfull wp-block-acf-slider\" id=\"slider-id-1\" data-gallery-id=\"gallery-slider-id-1\">\n\t<div class=\"wp-block-group\n\t\t\tswiper\">\n\t\t<div class=\"swiper-wrapper slider__innerblocks\">\n\t\t\t<div\n\t\tclass=\"card swiper-slide wp-block-acf-card\" id=\"card-id--1\"\t\t>\n\t\n\t\t\t\t\t\t<a href=\"https:\/\/comptoirphenix.fr\/wp-content\/uploads\/sites\/3\/2025\/06\/bon_restaurant_lyon6.jpg\" data-fancybox=\"gallery\" data-caption=\"bon restaurant lyon6\"\n\t\t\t>\n\t\t\t\t<img decoding=\"async\" width=\"720\" height=\"1080\" src=\"https:\/\/comptoirphenix.fr\/wp-content\/uploads\/sites\/3\/2025\/06\/bon_restaurant_lyon6.jpg\" class=\"card__image\" alt=\"bon restaurant lyon6\" srcset=\"https:\/\/comptoirphenix.fr\/wp-content\/uploads\/sites\/3\/2025\/06\/bon_restaurant_lyon6.jpg 720w, https:\/\/comptoirphenix.fr\/wp-content\/uploads\/sites\/3\/2025\/06\/bon_restaurant_lyon6-400x600.jpg 400w\" sizes=\"(max-width: 720px) 100vw, 720px\" \/>\t\t\t\t\t<\/a>\n\t\t\t\n\t\t<\/div>\n\t\n\n\t\t\t<div\n\t\tclass=\"card swiper-slide wp-block-acf-card\" id=\"card-id--2\"\t\t>\n\t\n\t\t\t\t\t\t<a href=\"https:\/\/comptoirphenix.fr\/wp-content\/uploads\/sites\/3\/2025\/10\/restaurant-connu-vieux-lyon.jpg\" data-fancybox=\"gallery\" data-caption=\"restaurant connu vieux lyon\"\n\t\t\t>\n\t\t\t\t<img decoding=\"async\" width=\"812\" height=\"1080\" src=\"https:\/\/comptoirphenix.fr\/wp-content\/uploads\/sites\/3\/2025\/10\/restaurant-connu-vieux-lyon.jpg\" class=\"card__image\" alt=\"restaurant connu vieux lyon\" srcset=\"https:\/\/comptoirphenix.fr\/wp-content\/uploads\/sites\/3\/2025\/10\/restaurant-connu-vieux-lyon.jpg 812w, https:\/\/comptoirphenix.fr\/wp-content\/uploads\/sites\/3\/2025\/10\/restaurant-connu-vieux-lyon-451x600.jpg 451w, https:\/\/comptoirphenix.fr\/wp-content\/uploads\/sites\/3\/2025\/10\/restaurant-connu-vieux-lyon-768x1021.jpg 768w\" sizes=\"(max-width: 812px) 100vw, 812px\" \/>\t\t\t\t\t<\/a>\n\t\t\t\n\t\t<\/div>\n\t\n\n\t\t\t<div\n\t\tclass=\"card swiper-slide wp-block-acf-card\" id=\"card-id--3\"\t\t>\n\t\n\t\t\t\t\t\t<a href=\"https:\/\/comptoirphenix.fr\/wp-content\/uploads\/sites\/3\/2025\/06\/bon_restaurant_lyon2.jpg\" data-fancybox=\"gallery\" data-caption=\"bon restaurant lyon2\"\n\t\t\t>\n\t\t\t\t<img decoding=\"async\" width=\"720\" height=\"1080\" src=\"https:\/\/comptoirphenix.fr\/wp-content\/uploads\/sites\/3\/2025\/06\/bon_restaurant_lyon2.jpg\" class=\"card__image\" alt=\"bon restaurant lyon2\" srcset=\"https:\/\/comptoirphenix.fr\/wp-content\/uploads\/sites\/3\/2025\/06\/bon_restaurant_lyon2.jpg 720w, https:\/\/comptoirphenix.fr\/wp-content\/uploads\/sites\/3\/2025\/06\/bon_restaurant_lyon2-400x600.jpg 400w\" sizes=\"(max-width: 720px) 100vw, 720px\" \/>\t\t\t\t\t<\/a>\n\t\t\t\n\t\t<\/div>\n\t\n\n\t\t\t<div\n\t\tclass=\"card swiper-slide wp-block-acf-card\" id=\"card-id--4\"\t\t>\n\t\n\t\t\t\t\t\t<a href=\"https:\/\/comptoirphenix.fr\/wp-content\/uploads\/sites\/3\/2025\/10\/meilleur_restaurant_vieux_lyon3.jpg\" data-fancybox=\"gallery\" data-caption=\"meilleur restaurant vieux lyon3\"\n\t\t\t>\n\t\t\t\t<img decoding=\"async\" width=\"720\" height=\"1080\" src=\"https:\/\/comptoirphenix.fr\/wp-content\/uploads\/sites\/3\/2025\/10\/meilleur_restaurant_vieux_lyon3.jpg\" class=\"card__image\" alt=\"meilleur restaurant vieux lyon3\" srcset=\"https:\/\/comptoirphenix.fr\/wp-content\/uploads\/sites\/3\/2025\/10\/meilleur_restaurant_vieux_lyon3.jpg 720w, https:\/\/comptoirphenix.fr\/wp-content\/uploads\/sites\/3\/2025\/10\/meilleur_restaurant_vieux_lyon3-400x600.jpg 400w\" sizes=\"(max-width: 720px) 100vw, 720px\" \/>\t\t\t\t\t<\/a>\n\t\t\t\n\t\t<\/div>\n\t\n\n\t\t\t<div\n\t\tclass=\"card swiper-slide wp-block-acf-card\" id=\"card-id--5\"\t\t>\n\t\n\t\t\t\t\t\t<a href=\"https:\/\/comptoirphenix.fr\/wp-content\/uploads\/sites\/3\/2025\/06\/bon_restaurant_lyon7.jpg\" data-fancybox=\"gallery\" data-caption=\"bon restaurant lyon7\"\n\t\t\t>\n\t\t\t\t<img decoding=\"async\" width=\"720\" height=\"1080\" src=\"https:\/\/comptoirphenix.fr\/wp-content\/uploads\/sites\/3\/2025\/06\/bon_restaurant_lyon7.jpg\" class=\"card__image\" alt=\"bon restaurant lyon7\" srcset=\"https:\/\/comptoirphenix.fr\/wp-content\/uploads\/sites\/3\/2025\/06\/bon_restaurant_lyon7.jpg 720w, https:\/\/comptoirphenix.fr\/wp-content\/uploads\/sites\/3\/2025\/06\/bon_restaurant_lyon7-400x600.jpg 400w\" sizes=\"(max-width: 720px) 100vw, 720px\" \/>\t\t\t\t\t<\/a>\n\t\t\t\n\t\t<\/div>\n\t\n\n\t\t\t<div\n\t\tclass=\"card swiper-slide wp-block-acf-card\" id=\"card-id--6\"\t\t>\n\t\n\t\t\t\t\t\t<a href=\"https:\/\/comptoirphenix.fr\/wp-content\/uploads\/sites\/3\/2025\/10\/meilleur_restaurant_vieux_lyon4.jpg\" data-fancybox=\"gallery\" data-caption=\"meilleur restaurant vieux lyon4\"\n\t\t\t>\n\t\t\t\t<img decoding=\"async\" width=\"720\" height=\"1080\" src=\"https:\/\/comptoirphenix.fr\/wp-content\/uploads\/sites\/3\/2025\/10\/meilleur_restaurant_vieux_lyon4.jpg\" class=\"card__image\" alt=\"meilleur restaurant vieux lyon4\" srcset=\"https:\/\/comptoirphenix.fr\/wp-content\/uploads\/sites\/3\/2025\/10\/meilleur_restaurant_vieux_lyon4.jpg 720w, https:\/\/comptoirphenix.fr\/wp-content\/uploads\/sites\/3\/2025\/10\/meilleur_restaurant_vieux_lyon4-400x600.jpg 400w\" sizes=\"(max-width: 720px) 100vw, 720px\" \/>\t\t\t\t\t<\/a>\n\t\t\t\n\t\t<\/div>\n\t\n\n\t\t\t<div\n\t\tclass=\"card swiper-slide wp-block-acf-card\" id=\"card-id--7\"\t\t>\n\t\n\t\t\t\t\t\t<a href=\"https:\/\/comptoirphenix.fr\/wp-content\/uploads\/sites\/3\/2025\/06\/Restaurant_Vieux-Lyon18.jpg\" data-fancybox=\"gallery\" data-caption=\"Restaurant Vieux Lyon18\"\n\t\t\t>\n\t\t\t\t<img decoding=\"async\" width=\"720\" height=\"1080\" src=\"https:\/\/comptoirphenix.fr\/wp-content\/uploads\/sites\/3\/2025\/06\/Restaurant_Vieux-Lyon18.jpg\" class=\"card__image\" alt=\"Restaurant Vieux Lyon18\" srcset=\"https:\/\/comptoirphenix.fr\/wp-content\/uploads\/sites\/3\/2025\/06\/Restaurant_Vieux-Lyon18.jpg 720w, https:\/\/comptoirphenix.fr\/wp-content\/uploads\/sites\/3\/2025\/06\/Restaurant_Vieux-Lyon18-400x600.jpg 400w\" sizes=\"(max-width: 720px) 100vw, 720px\" \/>\t\t\t\t\t<\/a>\n\t\t\t\n\t\t<\/div>\n\t\n\n\t\t\t<div\n\t\tclass=\"card swiper-slide wp-block-acf-card\" id=\"card-id--8\"\t\t>\n\t\n\t\t\t\t\t\t<a href=\"https:\/\/comptoirphenix.fr\/wp-content\/uploads\/sites\/3\/2025\/10\/meilleur_restaurant_vieux_lyon5.jpg\" data-fancybox=\"gallery\" data-caption=\"meilleur restaurant vieux lyon5\"\n\t\t\t>\n\t\t\t\t<img decoding=\"async\" width=\"720\" height=\"1080\" src=\"https:\/\/comptoirphenix.fr\/wp-content\/uploads\/sites\/3\/2025\/10\/meilleur_restaurant_vieux_lyon5.jpg\" class=\"card__image\" alt=\"meilleur restaurant vieux lyon5\" srcset=\"https:\/\/comptoirphenix.fr\/wp-content\/uploads\/sites\/3\/2025\/10\/meilleur_restaurant_vieux_lyon5.jpg 720w, https:\/\/comptoirphenix.fr\/wp-content\/uploads\/sites\/3\/2025\/10\/meilleur_restaurant_vieux_lyon5-400x600.jpg 400w\" sizes=\"(max-width: 720px) 100vw, 720px\" \/>\t\t\t\t\t<\/a>\n\t\t\t\n\t\t<\/div>\n\t\n\n\t\t\t<div\n\t\tclass=\"card swiper-slide wp-block-acf-card\" id=\"card-id--9\"\t\t>\n\t\n\t\t\t\t\t\t<a href=\"https:\/\/comptoirphenix.fr\/wp-content\/uploads\/sites\/3\/2025\/06\/Restaurant_Vieux-Lyon22.jpg\" data-fancybox=\"gallery\" data-caption=\"Restaurant Vieux Lyon22\"\n\t\t\t>\n\t\t\t\t<img decoding=\"async\" width=\"720\" height=\"1080\" src=\"https:\/\/comptoirphenix.fr\/wp-content\/uploads\/sites\/3\/2025\/06\/Restaurant_Vieux-Lyon22.jpg\" class=\"card__image\" alt=\"Restaurant Vieux Lyon22\" srcset=\"https:\/\/comptoirphenix.fr\/wp-content\/uploads\/sites\/3\/2025\/06\/Restaurant_Vieux-Lyon22.jpg 720w, https:\/\/comptoirphenix.fr\/wp-content\/uploads\/sites\/3\/2025\/06\/Restaurant_Vieux-Lyon22-400x600.jpg 400w\" sizes=\"(max-width: 720px) 100vw, 720px\" \/>\t\t\t\t\t<\/a>\n\t\t\t\n\t\t<\/div>\n\t\n<\/div>\n\t\t\t\t<div class=\"button-prev\">\n\t\t\t<svg xmlns=\"http:\/\/www.w3.org\/2000\/svg\" viewBox=\"0 0 448 512\">\n\t\t\t\t<path\n\t\t\t\t\td=\"M12.7 244.7L1.4 256l11.3 11.3 168 168L192 446.6 214.6 424l-11.3-11.3L62.6 272 432 272l16 0 0-32-16 0L62.6 240 203.3 99.3 214.6 88 192 65.4 180.7 76.7l-168 168z\" \/>\n\t\t\t<\/svg>\n\t\t<\/div>\n\t\t<div class=\"button-next\">\n\t\t\t<svg xmlns=\"http:\/\/www.w3.org\/2000\/svg\" viewBox=\"0 0 448 512\">\n\t\t\t\t<path\n\t\t\t\t\td=\"M435.3 267.3L446.6 256l-11.3-11.3-168-168L256 65.4 233.4 88l11.3 11.3L385.4 240 16 240 0 240l0 32 16 0 369.4 0L244.7 412.7 233.4 424 256 446.6l11.3-11.3 168-168z\" \/>\n\t\t\t<\/svg>\n\t\t<\/div>\n\t\t\t<\/div><!-- .swiper -->\n\n\t\t<div id=\"slider__gallery-button--slider-id-1\"\n\t\tclass=\"slider__gallery-button wp-block-button is-style-label-button is-style-label-button--5\"\n\t\tdata-gallery-trigger=\"gallery-slider-id-1\">\n\t\t<a class=\"wp-block-button__link wp-element-button\">Aprire la galleria fotografica<\/a>\n\t<\/div>\n\t<\/div>\n\n\n\n<\/section>\n","protected":false},"excerpt":{"rendered":"","protected":false},"author":2,"featured_media":4367,"parent":3418,"menu_order":0,"comment_status":"closed","ping_status":"closed","template":"","meta":{"_acf_changed":false,"inline_featured_image":false,"footnotes":""},"class_list":["post-3482","page","type-page","status-publish","has-post-thumbnail","hentry"],"acf":[],"yoast_head":"<!-- This site is optimized with the Yoast SEO plugin v27.2 - https:\/\/yoast.com\/product\/yoast-seo-wordpress\/ -->\n<title>Colazione nella Vieux Lyon - Hotel St Jean 4 stelle, vicino a Fourvi\u00e8re<\/title>\n<meta name=\"description\" content=\"Colazione gourmet a Lione in un hotel 4 stelle nel quartiere Saint-Jean. Prodotti freschi e un ambiente storico.\" \/>\n<meta name=\"robots\" content=\"index, follow, max-snippet:-1, max-image-preview:large, max-video-preview:-1\" \/>\n<link rel=\"canonical\" href=\"https:\/\/comptoirphenix.fr\/it\/ristorante-vieux-lyon-quai-de-saone\/pranzo\/\" \/>\n<meta property=\"og:locale\" content=\"it_IT\" \/>\n<meta property=\"og:type\" content=\"article\" \/>\n<meta property=\"og:title\" content=\"Colazione nella Vieux Lyon - Hotel St Jean 4 stelle, vicino a Fourvi\u00e8re\" \/>\n<meta property=\"og:description\" content=\"Colazione gourmet a Lione in un hotel 4 stelle nel quartiere Saint-Jean. Prodotti freschi e un ambiente storico.\" \/>\n<meta property=\"og:url\" content=\"https:\/\/comptoirphenix.fr\/it\/ristorante-vieux-lyon-quai-de-saone\/pranzo\/\" \/>\n<meta property=\"og:site_name\" content=\"Comptoir Phenix\" \/>\n<meta property=\"article:modified_time\" content=\"2025-10-22T07:49:19+00:00\" \/>\n<meta property=\"og:image\" content=\"https:\/\/comptoirphenix.fr\/wp-content\/uploads\/sites\/3\/2025\/03\/espaces_coworking_lyon_bellecour.jpg\" \/>\n\t<meta property=\"og:image:width\" content=\"720\" \/>\n\t<meta property=\"og:image:height\" content=\"1080\" \/>\n\t<meta property=\"og:image:type\" content=\"image\/jpeg\" \/>\n<meta name=\"twitter:card\" content=\"summary_large_image\" \/>\n<meta name=\"twitter:label1\" content=\"Tempo di lettura stimato\" \/>\n\t<meta name=\"twitter:data1\" content=\"3 minuto\" \/>\n<script type=\"application\/ld+json\" class=\"yoast-schema-graph\">{\"@context\":\"https:\/\/schema.org\",\"@graph\":[{\"@type\":\"WebPage\",\"@id\":\"https:\/\/comptoirphenix.fr\/it\/ristorante-vieux-lyon-quai-de-saone\/pranzo\/\",\"url\":\"https:\/\/comptoirphenix.fr\/it\/ristorante-vieux-lyon-quai-de-saone\/pranzo\/\",\"name\":\"Colazione nella Vieux Lyon - Hotel St Jean 4 stelle, vicino a Fourvi\u00e8re\",\"isPartOf\":{\"@id\":\"https:\/\/comptoirphenix.fr\/it\/#website\"},\"primaryImageOfPage\":{\"@id\":\"https:\/\/comptoirphenix.fr\/it\/ristorante-vieux-lyon-quai-de-saone\/pranzo\/#primaryimage\"},\"image\":{\"@id\":\"https:\/\/comptoirphenix.fr\/it\/ristorante-vieux-lyon-quai-de-saone\/pranzo\/#primaryimage\"},\"thumbnailUrl\":\"https:\/\/comptoirphenix.fr\/wp-content\/uploads\/sites\/3\/2025\/03\/espaces_coworking_lyon_bellecour.jpg\",\"datePublished\":\"2025-04-16T15:40:06+00:00\",\"dateModified\":\"2025-10-22T07:49:19+00:00\",\"description\":\"Colazione gourmet a Lione in un hotel 4 stelle nel quartiere Saint-Jean. Prodotti freschi e un ambiente storico.\",\"breadcrumb\":{\"@id\":\"https:\/\/comptoirphenix.fr\/it\/ristorante-vieux-lyon-quai-de-saone\/pranzo\/#breadcrumb\"},\"inLanguage\":\"it-IT\",\"potentialAction\":[{\"@type\":\"ReadAction\",\"target\":[\"https:\/\/comptoirphenix.fr\/it\/ristorante-vieux-lyon-quai-de-saone\/pranzo\/\"]}]},{\"@type\":\"ImageObject\",\"inLanguage\":\"it-IT\",\"@id\":\"https:\/\/comptoirphenix.fr\/it\/ristorante-vieux-lyon-quai-de-saone\/pranzo\/#primaryimage\",\"url\":\"https:\/\/comptoirphenix.fr\/wp-content\/uploads\/sites\/3\/2025\/03\/espaces_coworking_lyon_bellecour.jpg\",\"contentUrl\":\"https:\/\/comptoirphenix.fr\/wp-content\/uploads\/sites\/3\/2025\/03\/espaces_coworking_lyon_bellecour.jpg\",\"width\":720,\"height\":1080,\"caption\":\"espaces coworking lyon bellecour\"},{\"@type\":\"BreadcrumbList\",\"@id\":\"https:\/\/comptoirphenix.fr\/it\/ristorante-vieux-lyon-quai-de-saone\/pranzo\/#breadcrumb\",\"itemListElement\":[{\"@type\":\"ListItem\",\"position\":1,\"name\":\"Accueil\",\"item\":\"https:\/\/comptoirphenix.fr\/it\/\"},{\"@type\":\"ListItem\",\"position\":2,\"name\":\"Il ristorante\",\"item\":\"https:\/\/comptoirphenix.fr\/it\/ristorante-vieux-lyon-quai-de-saone\/\"},{\"@type\":\"ListItem\",\"position\":3,\"name\":\"Pranzo\"}]},{\"@type\":\"WebSite\",\"@id\":\"https:\/\/comptoirphenix.fr\/it\/#website\",\"url\":\"https:\/\/comptoirphenix.fr\/it\/\",\"name\":\"Globe Cecil\",\"description\":\"\",\"publisher\":{\"@id\":\"https:\/\/comptoirphenix.fr\/it\/#organization\"},\"potentialAction\":[{\"@type\":\"SearchAction\",\"target\":{\"@type\":\"EntryPoint\",\"urlTemplate\":\"https:\/\/comptoirphenix.fr\/it\/?s={search_term_string}\"},\"query-input\":{\"@type\":\"PropertyValueSpecification\",\"valueRequired\":true,\"valueName\":\"search_term_string\"}}],\"inLanguage\":\"it-IT\"},{\"@type\":\"Organization\",\"@id\":\"https:\/\/comptoirphenix.fr\/it\/#organization\",\"name\":\"Globe Cecil\",\"url\":\"https:\/\/comptoirphenix.fr\/it\/\",\"logo\":{\"@type\":\"ImageObject\",\"inLanguage\":\"it-IT\",\"@id\":\"https:\/\/comptoirphenix.fr\/it\/#\/schema\/logo\/image\/\",\"url\":\"https:\/\/comptoirphenix.fr\/wp-content\/uploads\/sites\/3\/2025\/05\/LOGO-Comptoir-Phenix-White.svg\",\"contentUrl\":\"https:\/\/comptoirphenix.fr\/wp-content\/uploads\/sites\/3\/2025\/05\/LOGO-Comptoir-Phenix-White.svg\",\"width\":456,\"height\":124,\"caption\":\"Globe Cecil\"},\"image\":{\"@id\":\"https:\/\/comptoirphenix.fr\/it\/#\/schema\/logo\/image\/\"}}]}<\/script>\n<!-- \/ Yoast SEO plugin. -->","yoast_head_json":{"title":"Colazione nella Vieux Lyon - Hotel St Jean 4 stelle, vicino a Fourvi\u00e8re","description":"Colazione gourmet a Lione in un hotel 4 stelle nel quartiere Saint-Jean. Prodotti freschi e un ambiente storico.","robots":{"index":"index","follow":"follow","max-snippet":"max-snippet:-1","max-image-preview":"max-image-preview:large","max-video-preview":"max-video-preview:-1"},"canonical":"https:\/\/comptoirphenix.fr\/it\/ristorante-vieux-lyon-quai-de-saone\/pranzo\/","og_locale":"it_IT","og_type":"article","og_title":"Colazione nella Vieux Lyon - Hotel St Jean 4 stelle, vicino a Fourvi\u00e8re","og_description":"Colazione gourmet a Lione in un hotel 4 stelle nel quartiere Saint-Jean. Prodotti freschi e un ambiente storico.","og_url":"https:\/\/comptoirphenix.fr\/it\/ristorante-vieux-lyon-quai-de-saone\/pranzo\/","og_site_name":"Comptoir Phenix","article_modified_time":"2025-10-22T07:49:19+00:00","og_image":[{"width":720,"height":1080,"url":"https:\/\/comptoirphenix.fr\/wp-content\/uploads\/sites\/3\/2025\/03\/espaces_coworking_lyon_bellecour.jpg","type":"image\/jpeg"}],"twitter_card":"summary_large_image","twitter_misc":{"Tempo di lettura stimato":"3 minuto"},"schema":{"@context":"https:\/\/schema.org","@graph":[{"@type":"WebPage","@id":"https:\/\/comptoirphenix.fr\/it\/ristorante-vieux-lyon-quai-de-saone\/pranzo\/","url":"https:\/\/comptoirphenix.fr\/it\/ristorante-vieux-lyon-quai-de-saone\/pranzo\/","name":"Colazione nella Vieux Lyon - Hotel St Jean 4 stelle, vicino a Fourvi\u00e8re","isPartOf":{"@id":"https:\/\/comptoirphenix.fr\/it\/#website"},"primaryImageOfPage":{"@id":"https:\/\/comptoirphenix.fr\/it\/ristorante-vieux-lyon-quai-de-saone\/pranzo\/#primaryimage"},"image":{"@id":"https:\/\/comptoirphenix.fr\/it\/ristorante-vieux-lyon-quai-de-saone\/pranzo\/#primaryimage"},"thumbnailUrl":"https:\/\/comptoirphenix.fr\/wp-content\/uploads\/sites\/3\/2025\/03\/espaces_coworking_lyon_bellecour.jpg","datePublished":"2025-04-16T15:40:06+00:00","dateModified":"2025-10-22T07:49:19+00:00","description":"Colazione gourmet a Lione in un hotel 4 stelle nel quartiere Saint-Jean. Prodotti freschi e un ambiente storico.","breadcrumb":{"@id":"https:\/\/comptoirphenix.fr\/it\/ristorante-vieux-lyon-quai-de-saone\/pranzo\/#breadcrumb"},"inLanguage":"it-IT","potentialAction":[{"@type":"ReadAction","target":["https:\/\/comptoirphenix.fr\/it\/ristorante-vieux-lyon-quai-de-saone\/pranzo\/"]}]},{"@type":"ImageObject","inLanguage":"it-IT","@id":"https:\/\/comptoirphenix.fr\/it\/ristorante-vieux-lyon-quai-de-saone\/pranzo\/#primaryimage","url":"https:\/\/comptoirphenix.fr\/wp-content\/uploads\/sites\/3\/2025\/03\/espaces_coworking_lyon_bellecour.jpg","contentUrl":"https:\/\/comptoirphenix.fr\/wp-content\/uploads\/sites\/3\/2025\/03\/espaces_coworking_lyon_bellecour.jpg","width":720,"height":1080,"caption":"espaces coworking lyon bellecour"},{"@type":"BreadcrumbList","@id":"https:\/\/comptoirphenix.fr\/it\/ristorante-vieux-lyon-quai-de-saone\/pranzo\/#breadcrumb","itemListElement":[{"@type":"ListItem","position":1,"name":"Accueil","item":"https:\/\/comptoirphenix.fr\/it\/"},{"@type":"ListItem","position":2,"name":"Il ristorante","item":"https:\/\/comptoirphenix.fr\/it\/ristorante-vieux-lyon-quai-de-saone\/"},{"@type":"ListItem","position":3,"name":"Pranzo"}]},{"@type":"WebSite","@id":"https:\/\/comptoirphenix.fr\/it\/#website","url":"https:\/\/comptoirphenix.fr\/it\/","name":"Globe Cecil","description":"","publisher":{"@id":"https:\/\/comptoirphenix.fr\/it\/#organization"},"potentialAction":[{"@type":"SearchAction","target":{"@type":"EntryPoint","urlTemplate":"https:\/\/comptoirphenix.fr\/it\/?s={search_term_string}"},"query-input":{"@type":"PropertyValueSpecification","valueRequired":true,"valueName":"search_term_string"}}],"inLanguage":"it-IT"},{"@type":"Organization","@id":"https:\/\/comptoirphenix.fr\/it\/#organization","name":"Globe Cecil","url":"https:\/\/comptoirphenix.fr\/it\/","logo":{"@type":"ImageObject","inLanguage":"it-IT","@id":"https:\/\/comptoirphenix.fr\/it\/#\/schema\/logo\/image\/","url":"https:\/\/comptoirphenix.fr\/wp-content\/uploads\/sites\/3\/2025\/05\/LOGO-Comptoir-Phenix-White.svg","contentUrl":"https:\/\/comptoirphenix.fr\/wp-content\/uploads\/sites\/3\/2025\/05\/LOGO-Comptoir-Phenix-White.svg","width":456,"height":124,"caption":"Globe Cecil"},"image":{"@id":"https:\/\/comptoirphenix.fr\/it\/#\/schema\/logo\/image\/"}}]}},"_links":{"self":[{"href":"https:\/\/comptoirphenix.fr\/it\/wp-json\/wp\/v2\/pages\/3482","targetHints":{"allow":["GET"]}}],"collection":[{"href":"https:\/\/comptoirphenix.fr\/it\/wp-json\/wp\/v2\/pages"}],"about":[{"href":"https:\/\/comptoirphenix.fr\/it\/wp-json\/wp\/v2\/types\/page"}],"author":[{"embeddable":true,"href":"https:\/\/comptoirphenix.fr\/it\/wp-json\/wp\/v2\/users\/2"}],"replies":[{"embeddable":true,"href":"https:\/\/comptoirphenix.fr\/it\/wp-json\/wp\/v2\/comments?post=3482"}],"version-history":[{"count":9,"href":"https:\/\/comptoirphenix.fr\/it\/wp-json\/wp\/v2\/pages\/3482\/revisions"}],"predecessor-version":[{"id":7110,"href":"https:\/\/comptoirphenix.fr\/it\/wp-json\/wp\/v2\/pages\/3482\/revisions\/7110"}],"up":[{"embeddable":true,"href":"https:\/\/comptoirphenix.fr\/it\/wp-json\/wp\/v2\/pages\/3418"}],"wp:featuredmedia":[{"embeddable":true,"href":"https:\/\/comptoirphenix.fr\/it\/wp-json\/wp\/v2\/media\/4367"}],"wp:attachment":[{"href":"https:\/\/comptoirphenix.fr\/it\/wp-json\/wp\/v2\/media?parent=3482"}],"curies":[{"name":"wp","href":"https:\/\/api.w.org\/{rel}","templated":true}]}}