{"id":3986,"date":"2025-04-23T10:20:05","date_gmt":"2025-04-23T08:20:05","guid":{"rendered":"https:\/\/comptoirphenix.fr\/hotel-di-charme-4-stelle\/i-nostri-spazi\/"},"modified":"2025-07-01T20:49:32","modified_gmt":"2025-07-01T18:49:32","slug":"colazione","status":"publish","type":"page","link":"https:\/\/comptoirphenix.fr\/it\/ristorante-vieux-lyon-quai-de-saone\/colazione\/","title":{"rendered":"Colazione"},"content":{"rendered":"\n<section class=\"heading wp-elements-1de055c10096c0285f0cb9c109eedae7 wp-elements-1de055c10096c0285f0cb9c109eedae7 wp-block-acf-heading has-text-color has-primary-color has-background has-white-100-background-color\">\n\t<div class=\"heading__container\">\n\t\t\t\t\t<div class=\"heading__background-picture\">\n\t\t\t\t<img decoding=\"async\" width=\"1620\" height=\"1080\" src=\"https:\/\/comptoirphenix.fr\/wp-content\/uploads\/sites\/3\/2025\/06\/petit-dejeuenr-lyon.jpg\" class=\"attachment-full size-full\" alt=\"petit dejeuenr lyon\" fetchpriority=\"high\" srcset=\"https:\/\/comptoirphenix.fr\/wp-content\/uploads\/sites\/3\/2025\/06\/petit-dejeuenr-lyon.jpg 1620w, https:\/\/comptoirphenix.fr\/wp-content\/uploads\/sites\/3\/2025\/06\/petit-dejeuenr-lyon-600x400.jpg 600w, https:\/\/comptoirphenix.fr\/wp-content\/uploads\/sites\/3\/2025\/06\/petit-dejeuenr-lyon-1400x933.jpg 1400w, https:\/\/comptoirphenix.fr\/wp-content\/uploads\/sites\/3\/2025\/06\/petit-dejeuenr-lyon-768x512.jpg 768w, https:\/\/comptoirphenix.fr\/wp-content\/uploads\/sites\/3\/2025\/06\/petit-dejeuenr-lyon-1536x1024.jpg 1536w\" sizes=\"(max-width: 1620px) 100vw, 1620px\" \/>\t\t\t<\/div>\n\t\t\t\t<div class=\"heading__layout\">\n\t\t\t<div class=\"heading__content-wrapper has-white-100-background-color\">\n\t\t\t\t<div class=\"heading__content has-white-100-background-color\">\n\t\t\t\t\t\t\t\t\t<p id=\"breadcrumbs\"><span><span><a href=\"https:\/\/comptoirphenix.fr\/it\/\">Accueil<\/a><\/span><\/span><\/p>\t\t\t\t\t\t\t\t\t<div class=\"acf-innerblocks-container\">\n\n<div class=\"wp-block-group heading-content-group is-layout-grid wp-container-core-group-is-layout-96b258e4 wp-block-group-is-layout-grid\">\n<h1 class=\"wp-block-heading has-text-align-left heading__title has-primary-color has-text-color has-xx-large-font-size wp-container-content-32a3e683\"><strong>Colazione<\/strong><\/h1>\n\n\n\n<p class=\"heading__chapo has-primary-color has-text-color wp-container-content-32a3e683\">Il pasto pi\u00f9 importante della giornata<\/p>\n<\/div>\n\n<\/div>\n\t\t\t\t<\/div>\n\t\t\t\t\t\t\t<\/div>\n\t\t<\/div>\n\t<\/div>\n<\/section>\n\n\n\t<section\n\t\tstyle=\"padding-top:var(--wp--preset--spacing--theme-default);padding-bottom:var(--wp--preset--spacing--theme-default);\" class=\"double-columns wp-block-acf-double-columns has-background has-white-background-color has-global-padding is-layout-constrained wp-container-acf-double-columns-is-layout-a22d0bdd wp-block-acf-double-columns-is-layout-constrained\"\t>\n\n<div class=\"double-columns__innerblocks\">\n\n<div class=\"wp-block-group is-vertical is-content-justification-stretch is-layout-flex wp-container-core-group-is-layout-84739627 wp-block-group-is-layout-flex\">\n<div class=\"wp-block-group is-vertical is-content-justification-center is-layout-flex wp-container-core-group-is-layout-fa38c63a wp-block-group-is-layout-flex\">\n<figure class=\"wp-block-image aligncenter size-full is-resized\"><img decoding=\"async\" width=\"1400\" height=\"1100\" src=\"https:\/\/comptoirphenix.fr\/wp-content\/uploads\/sites\/3\/2025\/06\/coffee@4x-e1751373005397.png\" alt=\"caff&#xE8;@4x\" class=\"wp-image-6286\" style=\"width:auto;height:120px\" srcset=\"https:\/\/comptoirphenix.fr\/wp-content\/uploads\/sites\/3\/2025\/06\/coffee@4x-e1751373005397.png 1400w, https:\/\/comptoirphenix.fr\/wp-content\/uploads\/sites\/3\/2025\/06\/coffee@4x-e1751373005397-600x471.png 600w, https:\/\/comptoirphenix.fr\/wp-content\/uploads\/sites\/3\/2025\/06\/coffee@4x-e1751373005397-768x603.png 768w\" sizes=\"(max-width: 1400px) 100vw, 1400px\" \/><\/figure>\n<\/div>\n\n\n\n<p class=\"has-text-align-left\">Al Comptoir Ph\u00e9nix le mattine hanno un sapore diverso. Nella nostra luminosa sala da pranzo, con i suoi pavimenti a mosaico e le finestre rivestite in legno, iniziamo la giornata con dolcezza, con una colazione completa e gustosa da gustare senza fretta. <\/p>\n\n\n\n<ul class=\"wp-block-list\">\n<li><strong>Aperto 7 giorni su 7<\/strong><\/li>\n\n\n\n<li><strong>Dalle 6:00 alle 10:00 &#8211; dal luned\u00ec al venerd\u00ec<\/strong><\/li>\n\n\n\n<li><strong>7.00-11.00 &#8211; Fine settimana e giorni festivi<\/strong><\/li>\n<\/ul>\n<\/div>\n\n\n\n<div class=\"wp-block-group is-layout-flow wp-block-group-is-layout-flow\">\n<figure class=\"wp-block-image size-full\"><img decoding=\"async\" width=\"1200\" height=\"800\" src=\"https:\/\/comptoirphenix.fr\/wp-content\/uploads\/sites\/3\/2025\/06\/restaurant-lyon-centre6.jpg\" alt=\"ristorante lyon centro6\" class=\"wp-image-6291\" style=\"aspect-ratio:1;object-fit:cover\" srcset=\"https:\/\/comptoirphenix.fr\/wp-content\/uploads\/sites\/3\/2025\/06\/restaurant-lyon-centre6.jpg 1200w, https:\/\/comptoirphenix.fr\/wp-content\/uploads\/sites\/3\/2025\/06\/restaurant-lyon-centre6-600x400.jpg 600w, https:\/\/comptoirphenix.fr\/wp-content\/uploads\/sites\/3\/2025\/06\/restaurant-lyon-centre6-768x512.jpg 768w\" sizes=\"(max-width: 1200px) 100vw, 1200px\" \/><\/figure>\n<\/div>\n\n<\/div>\n\n<\/section>\n\n\t<section\n\t\tstyle=\"padding-top:var(--wp--preset--spacing--theme-default);padding-bottom:var(--wp--preset--spacing--theme-default);\" class=\"double-columns double-columns-reverse_colums_mobile image-is-animate wp-block-acf-double-columns has-background has-white-100-background-color has-global-padding is-layout-constrained wp-container-acf-double-columns-is-layout-a22d0bdd wp-block-acf-double-columns-is-layout-constrained\"\t>\n\n<div class=\"double-columns__innerblocks\">\n\n<div class=\"wp-block-group is-vertical is-layout-flex wp-container-core-group-is-layout-99e95872 wp-block-group-is-layout-flex\">\n<figure class=\"wp-block-image size-full\"><img decoding=\"async\" width=\"1200\" height=\"800\" src=\"https:\/\/comptoirphenix.fr\/wp-content\/uploads\/sites\/3\/2025\/06\/restaurant-lyon-centre5.jpg\" alt=\"ristorante lione centro5\" class=\"wp-image-6295\" style=\"aspect-ratio:3\/4;object-fit:cover\" srcset=\"https:\/\/comptoirphenix.fr\/wp-content\/uploads\/sites\/3\/2025\/06\/restaurant-lyon-centre5.jpg 1200w, https:\/\/comptoirphenix.fr\/wp-content\/uploads\/sites\/3\/2025\/06\/restaurant-lyon-centre5-600x400.jpg 600w, https:\/\/comptoirphenix.fr\/wp-content\/uploads\/sites\/3\/2025\/06\/restaurant-lyon-centre5-768x512.jpg 768w\" sizes=\"(max-width: 1200px) 100vw, 1200px\" \/><\/figure>\n<\/div>\n\n\n\n<div class=\"wp-block-group is-vertical is-layout-flex wp-container-core-group-is-layout-99e95872 wp-block-group-is-layout-flex\">\n<h3 class=\"wp-block-heading\">Cosa mangiamo a colazione?<\/h3>\n\n\n\n<p>Ogni mattina, la nostra colazione a buffet \u00e8 a base di prodotti locali e stagionali: pane e dolci appena sfornati, mieli e marmellate artigianali, uova biologiche, formaggi, salumi, frutta fresca, succhi di frutta artigianali, cereali, muesli e torte fatte in casa&#8230; La colazione \u00e8 disponibile per gli ospiti dell&#8217;hotel e aperta ai visitatori esterni, in base alla disponibilit\u00e0 (non \u00e8 necessaria la prenotazione).<\/p>\n\n\n\n<ul class=\"wp-block-list\">\n<li><strong>19\u20ac \/adulto (dai 12 anni in su)<\/strong><\/li>\n\n\n\n<li><strong>9,5\u20ac \/bambino (5-12 anni)<\/strong><\/li>\n\n\n\n<li><strong>Gratuito \/bambino (sotto i 5 anni)<\/strong><\/li>\n<\/ul>\n<\/div>\n\n<\/div>\n\n<\/section>\n\n\t<section\n\t\tstyle=\"padding-top:var(--wp--preset--spacing--theme-default);padding-bottom:var(--wp--preset--spacing--theme-default);\" class=\"block-container align wp-block-acf-block-container has-background has-white-background-color has-global-padding is-layout-constrained wp-container-acf-block-container-is-layout-89fc666d wp-block-acf-block-container-is-layout-constrained\"\t>\n\n\t\n\n<h3 class=\"wp-block-heading has-text-align-center\">Una vera tavola mattutina, generosa, gourmet, che si adatta ai desideri sia dolci che salati.<\/h3>\n\n\n\n<\/section>\n","protected":false},"excerpt":{"rendered":"","protected":false},"author":2,"featured_media":0,"parent":3418,"menu_order":0,"comment_status":"closed","ping_status":"closed","template":"","meta":{"_acf_changed":false,"inline_featured_image":false,"footnotes":""},"class_list":["post-3986","page","type-page","status-publish","hentry"],"acf":[],"yoast_head":"<!-- This site is optimized with the Yoast SEO plugin v27.2 - https:\/\/yoast.com\/product\/yoast-seo-wordpress\/ -->\n<title>Ristorante Bistronomico Vieux Lyon - Originale<\/title>\n<meta name=\"description\" content=\"Pranzo originale e gustoso in un ristorante bistronomico a Lione Saint-Jean. Ricette creative, prodotti di stagione.\" \/>\n<meta name=\"robots\" content=\"index, follow, max-snippet:-1, max-image-preview:large, max-video-preview:-1\" \/>\n<link rel=\"canonical\" href=\"https:\/\/comptoirphenix.fr\/it\/ristorante-vieux-lyon-quai-de-saone\/colazione\/\" \/>\n<meta property=\"og:locale\" content=\"it_IT\" \/>\n<meta property=\"og:type\" content=\"article\" \/>\n<meta property=\"og:title\" content=\"Ristorante Bistronomico Vieux Lyon - Originale\" \/>\n<meta property=\"og:description\" content=\"Pranzo originale e gustoso in un ristorante bistronomico a Lione Saint-Jean. Ricette creative, prodotti di stagione.\" \/>\n<meta property=\"og:url\" content=\"https:\/\/comptoirphenix.fr\/it\/ristorante-vieux-lyon-quai-de-saone\/colazione\/\" \/>\n<meta property=\"og:site_name\" content=\"Comptoir Phenix\" \/>\n<meta property=\"article:modified_time\" content=\"2025-07-01T18:49:32+00:00\" \/>\n<meta property=\"og:image\" content=\"https:\/\/comptoirphenix.fr\/wp-content\/uploads\/sites\/3\/2025\/06\/coffee@4x-e1751373005397.png\" \/>\n<meta name=\"twitter:card\" content=\"summary_large_image\" \/>\n<meta name=\"twitter:label1\" content=\"Tempo di lettura stimato\" \/>\n\t<meta name=\"twitter:data1\" content=\"2 minuto\" \/>\n<script type=\"application\/ld+json\" class=\"yoast-schema-graph\">{\"@context\":\"https:\/\/schema.org\",\"@graph\":[{\"@type\":\"WebPage\",\"@id\":\"https:\/\/comptoirphenix.fr\/it\/ristorante-vieux-lyon-quai-de-saone\/colazione\/\",\"url\":\"https:\/\/comptoirphenix.fr\/it\/ristorante-vieux-lyon-quai-de-saone\/colazione\/\",\"name\":\"Ristorante Bistronomico Vieux Lyon - Originale\",\"isPartOf\":{\"@id\":\"https:\/\/comptoirphenix.fr\/it\/#website\"},\"primaryImageOfPage\":{\"@id\":\"https:\/\/comptoirphenix.fr\/it\/ristorante-vieux-lyon-quai-de-saone\/colazione\/#primaryimage\"},\"image\":{\"@id\":\"https:\/\/comptoirphenix.fr\/it\/ristorante-vieux-lyon-quai-de-saone\/colazione\/#primaryimage\"},\"thumbnailUrl\":\"https:\/\/comptoirphenix.fr\/wp-content\/uploads\/sites\/3\/2025\/06\/coffee@4x-e1751373005397.png\",\"datePublished\":\"2025-04-23T08:20:05+00:00\",\"dateModified\":\"2025-07-01T18:49:32+00:00\",\"description\":\"Pranzo originale e gustoso in un ristorante bistronomico a Lione Saint-Jean. Ricette creative, prodotti di stagione.\",\"breadcrumb\":{\"@id\":\"https:\/\/comptoirphenix.fr\/it\/ristorante-vieux-lyon-quai-de-saone\/colazione\/#breadcrumb\"},\"inLanguage\":\"it-IT\",\"potentialAction\":[{\"@type\":\"ReadAction\",\"target\":[\"https:\/\/comptoirphenix.fr\/it\/ristorante-vieux-lyon-quai-de-saone\/colazione\/\"]}]},{\"@type\":\"ImageObject\",\"inLanguage\":\"it-IT\",\"@id\":\"https:\/\/comptoirphenix.fr\/it\/ristorante-vieux-lyon-quai-de-saone\/colazione\/#primaryimage\",\"url\":\"https:\/\/comptoirphenix.fr\/wp-content\/uploads\/sites\/3\/2025\/06\/coffee@4x-e1751373005397.png\",\"contentUrl\":\"https:\/\/comptoirphenix.fr\/wp-content\/uploads\/sites\/3\/2025\/06\/coffee@4x-e1751373005397.png\"},{\"@type\":\"BreadcrumbList\",\"@id\":\"https:\/\/comptoirphenix.fr\/it\/ristorante-vieux-lyon-quai-de-saone\/colazione\/#breadcrumb\",\"itemListElement\":[{\"@type\":\"ListItem\",\"position\":1,\"name\":\"Accueil\",\"item\":\"https:\/\/comptoirphenix.fr\/it\/\"},{\"@type\":\"ListItem\",\"position\":2,\"name\":\"Il ristorante\",\"item\":\"https:\/\/comptoirphenix.fr\/it\/ristorante-vieux-lyon-quai-de-saone\/\"},{\"@type\":\"ListItem\",\"position\":3,\"name\":\"Colazione\"}]},{\"@type\":\"WebSite\",\"@id\":\"https:\/\/comptoirphenix.fr\/it\/#website\",\"url\":\"https:\/\/comptoirphenix.fr\/it\/\",\"name\":\"Globe Cecil\",\"description\":\"\",\"publisher\":{\"@id\":\"https:\/\/comptoirphenix.fr\/it\/#organization\"},\"potentialAction\":[{\"@type\":\"SearchAction\",\"target\":{\"@type\":\"EntryPoint\",\"urlTemplate\":\"https:\/\/comptoirphenix.fr\/it\/?s={search_term_string}\"},\"query-input\":{\"@type\":\"PropertyValueSpecification\",\"valueRequired\":true,\"valueName\":\"search_term_string\"}}],\"inLanguage\":\"it-IT\"},{\"@type\":\"Organization\",\"@id\":\"https:\/\/comptoirphenix.fr\/it\/#organization\",\"name\":\"Globe Cecil\",\"url\":\"https:\/\/comptoirphenix.fr\/it\/\",\"logo\":{\"@type\":\"ImageObject\",\"inLanguage\":\"it-IT\",\"@id\":\"https:\/\/comptoirphenix.fr\/it\/#\/schema\/logo\/image\/\",\"url\":\"https:\/\/comptoirphenix.fr\/wp-content\/uploads\/sites\/3\/2025\/05\/LOGO-Comptoir-Phenix-White.svg\",\"contentUrl\":\"https:\/\/comptoirphenix.fr\/wp-content\/uploads\/sites\/3\/2025\/05\/LOGO-Comptoir-Phenix-White.svg\",\"width\":456,\"height\":124,\"caption\":\"Globe Cecil\"},\"image\":{\"@id\":\"https:\/\/comptoirphenix.fr\/it\/#\/schema\/logo\/image\/\"}}]}<\/script>\n<!-- \/ Yoast SEO plugin. -->","yoast_head_json":{"title":"Ristorante Bistronomico Vieux Lyon - Originale","description":"Pranzo originale e gustoso in un ristorante bistronomico a Lione Saint-Jean. Ricette creative, prodotti di stagione.","robots":{"index":"index","follow":"follow","max-snippet":"max-snippet:-1","max-image-preview":"max-image-preview:large","max-video-preview":"max-video-preview:-1"},"canonical":"https:\/\/comptoirphenix.fr\/it\/ristorante-vieux-lyon-quai-de-saone\/colazione\/","og_locale":"it_IT","og_type":"article","og_title":"Ristorante Bistronomico Vieux Lyon - Originale","og_description":"Pranzo originale e gustoso in un ristorante bistronomico a Lione Saint-Jean. Ricette creative, prodotti di stagione.","og_url":"https:\/\/comptoirphenix.fr\/it\/ristorante-vieux-lyon-quai-de-saone\/colazione\/","og_site_name":"Comptoir Phenix","article_modified_time":"2025-07-01T18:49:32+00:00","og_image":[{"url":"https:\/\/comptoirphenix.fr\/wp-content\/uploads\/sites\/3\/2025\/06\/coffee@4x-e1751373005397.png","type":"","width":"","height":""}],"twitter_card":"summary_large_image","twitter_misc":{"Tempo di lettura stimato":"2 minuto"},"schema":{"@context":"https:\/\/schema.org","@graph":[{"@type":"WebPage","@id":"https:\/\/comptoirphenix.fr\/it\/ristorante-vieux-lyon-quai-de-saone\/colazione\/","url":"https:\/\/comptoirphenix.fr\/it\/ristorante-vieux-lyon-quai-de-saone\/colazione\/","name":"Ristorante Bistronomico Vieux Lyon - Originale","isPartOf":{"@id":"https:\/\/comptoirphenix.fr\/it\/#website"},"primaryImageOfPage":{"@id":"https:\/\/comptoirphenix.fr\/it\/ristorante-vieux-lyon-quai-de-saone\/colazione\/#primaryimage"},"image":{"@id":"https:\/\/comptoirphenix.fr\/it\/ristorante-vieux-lyon-quai-de-saone\/colazione\/#primaryimage"},"thumbnailUrl":"https:\/\/comptoirphenix.fr\/wp-content\/uploads\/sites\/3\/2025\/06\/coffee@4x-e1751373005397.png","datePublished":"2025-04-23T08:20:05+00:00","dateModified":"2025-07-01T18:49:32+00:00","description":"Pranzo originale e gustoso in un ristorante bistronomico a Lione Saint-Jean. Ricette creative, prodotti di stagione.","breadcrumb":{"@id":"https:\/\/comptoirphenix.fr\/it\/ristorante-vieux-lyon-quai-de-saone\/colazione\/#breadcrumb"},"inLanguage":"it-IT","potentialAction":[{"@type":"ReadAction","target":["https:\/\/comptoirphenix.fr\/it\/ristorante-vieux-lyon-quai-de-saone\/colazione\/"]}]},{"@type":"ImageObject","inLanguage":"it-IT","@id":"https:\/\/comptoirphenix.fr\/it\/ristorante-vieux-lyon-quai-de-saone\/colazione\/#primaryimage","url":"https:\/\/comptoirphenix.fr\/wp-content\/uploads\/sites\/3\/2025\/06\/coffee@4x-e1751373005397.png","contentUrl":"https:\/\/comptoirphenix.fr\/wp-content\/uploads\/sites\/3\/2025\/06\/coffee@4x-e1751373005397.png"},{"@type":"BreadcrumbList","@id":"https:\/\/comptoirphenix.fr\/it\/ristorante-vieux-lyon-quai-de-saone\/colazione\/#breadcrumb","itemListElement":[{"@type":"ListItem","position":1,"name":"Accueil","item":"https:\/\/comptoirphenix.fr\/it\/"},{"@type":"ListItem","position":2,"name":"Il ristorante","item":"https:\/\/comptoirphenix.fr\/it\/ristorante-vieux-lyon-quai-de-saone\/"},{"@type":"ListItem","position":3,"name":"Colazione"}]},{"@type":"WebSite","@id":"https:\/\/comptoirphenix.fr\/it\/#website","url":"https:\/\/comptoirphenix.fr\/it\/","name":"Globe Cecil","description":"","publisher":{"@id":"https:\/\/comptoirphenix.fr\/it\/#organization"},"potentialAction":[{"@type":"SearchAction","target":{"@type":"EntryPoint","urlTemplate":"https:\/\/comptoirphenix.fr\/it\/?s={search_term_string}"},"query-input":{"@type":"PropertyValueSpecification","valueRequired":true,"valueName":"search_term_string"}}],"inLanguage":"it-IT"},{"@type":"Organization","@id":"https:\/\/comptoirphenix.fr\/it\/#organization","name":"Globe Cecil","url":"https:\/\/comptoirphenix.fr\/it\/","logo":{"@type":"ImageObject","inLanguage":"it-IT","@id":"https:\/\/comptoirphenix.fr\/it\/#\/schema\/logo\/image\/","url":"https:\/\/comptoirphenix.fr\/wp-content\/uploads\/sites\/3\/2025\/05\/LOGO-Comptoir-Phenix-White.svg","contentUrl":"https:\/\/comptoirphenix.fr\/wp-content\/uploads\/sites\/3\/2025\/05\/LOGO-Comptoir-Phenix-White.svg","width":456,"height":124,"caption":"Globe Cecil"},"image":{"@id":"https:\/\/comptoirphenix.fr\/it\/#\/schema\/logo\/image\/"}}]}},"_links":{"self":[{"href":"https:\/\/comptoirphenix.fr\/it\/wp-json\/wp\/v2\/pages\/3986","targetHints":{"allow":["GET"]}}],"collection":[{"href":"https:\/\/comptoirphenix.fr\/it\/wp-json\/wp\/v2\/pages"}],"about":[{"href":"https:\/\/comptoirphenix.fr\/it\/wp-json\/wp\/v2\/types\/page"}],"author":[{"embeddable":true,"href":"https:\/\/comptoirphenix.fr\/it\/wp-json\/wp\/v2\/users\/2"}],"replies":[{"embeddable":true,"href":"https:\/\/comptoirphenix.fr\/it\/wp-json\/wp\/v2\/comments?post=3986"}],"version-history":[{"count":10,"href":"https:\/\/comptoirphenix.fr\/it\/wp-json\/wp\/v2\/pages\/3986\/revisions"}],"predecessor-version":[{"id":6660,"href":"https:\/\/comptoirphenix.fr\/it\/wp-json\/wp\/v2\/pages\/3986\/revisions\/6660"}],"up":[{"embeddable":true,"href":"https:\/\/comptoirphenix.fr\/it\/wp-json\/wp\/v2\/pages\/3418"}],"wp:attachment":[{"href":"https:\/\/comptoirphenix.fr\/it\/wp-json\/wp\/v2\/media?parent=3986"}],"curies":[{"name":"wp","href":"https:\/\/api.w.org\/{rel}","templated":true}]}}